{"id":4327,"date":"2025-04-14T12:05:50","date_gmt":"2025-04-14T10:05:50","guid":{"rendered":"https:\/\/monannuaire-conciergerie.fr\/product\/vittoria-prestige\/"},"modified":"2025-04-16T18:14:49","modified_gmt":"2025-04-16T16:14:49","slug":"vittoria-prestige","status":"publish","type":"product","link":"https:\/\/monannuaire-conciergerie.fr\/en\/product\/vittoria-prestige\/","title":{"rendered":"Vittoria Prestige"},"content":{"rendered":"<p>Welcome to Vittoria Prestige<br \/>\nYour exceptional private concierge service in Provence<br \/>\nWhether you are passing through or a resident, we put our expertise and our exclusive network at your service to meet your most demanding needs.<\/p>\n<p>De l\u2019intendance de vos propri\u00e9t\u00e9s de prestige \u00e0 l\u2019organisation sur-mesure de vos s\u00e9jours ou \u00e9v\u00e9nements, nous vous offrons un accompagnement discret, r\u00e9actif et personnalis\u00e9.<\/p>\n<p>With Vittoria Prestige, every request becomes a unique experience, driven by excellence, elegance, and impeccable attention to detail. Enjoy Marseille and Provence in a different way, with complete peace of mind, thanks to our expertise and passion for the art of hospitality.<\/p>\n<p>Vittoria Prestige, your key to the exceptional.<\/p>","protected":false},"excerpt":{"rendered":"<p>Bienvenue chez Vittoria Prestige Votre conciergerie priv\u00e9e d\u2019exception en Provence Que vous soyez de passage ou r\u00e9sident, nous mettons \u00e0 votre service notre expertise et notre r\u00e9seau exclusif pour r\u00e9pondre \u00e0 vos besoins les plus exigeants. De l\u2019intendance de vos propri\u00e9t\u00e9s de prestige \u00e0 l\u2019organisation sur-mesure de vos s\u00e9jours ou \u00e9v\u00e9nements, nous vous offrons un accompagnement discret, r\u00e9actif et personnalis\u00e9. Avec Vittoria Prestige, chaque demande devient une exp\u00e9rience unique, port\u00e9e par l\u2019excellence, l\u2019\u00e9l\u00e9gance et un sens du d\u00e9tail irr\u00e9prochable. Profitez de Marseille et de la Provence autrement, en toute s\u00e9r\u00e9nit\u00e9, gr\u00e2ce \u00e0 notre savoir-faire et notre passion pour l\u2019art de recevoir. Vittoria Prestige, votre cl\u00e9 vers l\u2019exceptionnel.<\/p>","protected":false},"featured_media":0,"comment_status":"open","ping_status":"closed","template":"","meta":{"inline_featured_image":false,"slim_seo":{"title":"Vittoria Prestige - Mon annuaire conciergerie","description":"Bienvenue chez Vittoria Prestige Votre conciergerie priv\u00e9e d\u2019exception en Provence Que vous soyez de passage ou r\u00e9sident, nous mettons \u00e0 votre service notre exp"}},"product_brand":[],"product_cat":[21],"product_tag":[],"class_list":{"0":"post-4327","1":"product","2":"type-product","3":"status-publish","5":"product_cat-listeo-booking","7":"first","8":"instock","9":"downloadable","10":"virtual","11":"sold-individually","12":"purchasable","13":"product-type-listing_booking"},"jetpack_sharing_enabled":true,"_links":{"self":[{"href":"https:\/\/monannuaire-conciergerie.fr\/en\/wp-json\/wp\/v2\/product\/4327","targetHints":{"allow":["GET"]}}],"collection":[{"href":"https:\/\/monannuaire-conciergerie.fr\/en\/wp-json\/wp\/v2\/product"}],"about":[{"href":"https:\/\/monannuaire-conciergerie.fr\/en\/wp-json\/wp\/v2\/types\/product"}],"replies":[{"embeddable":true,"href":"https:\/\/monannuaire-conciergerie.fr\/en\/wp-json\/wp\/v2\/comments?post=4327"}],"version-history":[{"count":1,"href":"https:\/\/monannuaire-conciergerie.fr\/en\/wp-json\/wp\/v2\/product\/4327\/revisions"}],"predecessor-version":[{"id":4362,"href":"https:\/\/monannuaire-conciergerie.fr\/en\/wp-json\/wp\/v2\/product\/4327\/revisions\/4362"}],"wp:attachment":[{"href":"https:\/\/monannuaire-conciergerie.fr\/en\/wp-json\/wp\/v2\/media?parent=4327"}],"wp:term":[{"taxonomy":"product_brand","embeddable":true,"href":"https:\/\/monannuaire-conciergerie.fr\/en\/wp-json\/wp\/v2\/product_brand?post=4327"},{"taxonomy":"product_cat","embeddable":true,"href":"https:\/\/monannuaire-conciergerie.fr\/en\/wp-json\/wp\/v2\/product_cat?post=4327"},{"taxonomy":"product_tag","embeddable":true,"href":"https:\/\/monannuaire-conciergerie.fr\/en\/wp-json\/wp\/v2\/product_tag?post=4327"}],"curies":[{"name":"wp","href":"https:\/\/api.w.org\/{rel}","templated":true}]}}