{"id":4340,"date":"2025-04-15T14:13:03","date_gmt":"2025-04-15T12:13:03","guid":{"rendered":"https:\/\/monannuaire-conciergerie.fr\/product\/le-coeur-des-cimes-2\/"},"modified":"2025-07-15T14:28:41","modified_gmt":"2025-07-15T12:28:41","slug":"le-coeur-des-cimes-2","status":"publish","type":"product","link":"https:\/\/monannuaire-conciergerie.fr\/en\/product\/le-coeur-des-cimes-2\/","title":{"rendered":"The Heart of the Peaks"},"content":{"rendered":"<p>Welcome to the Heart of the Peaks<br \/>\nWe make it a point of honor to offer personalized and quality solutions so that you can fully enjoy your time.<\/p>\n<p>Our goal: to simplify your daily life and offer you more freedom, in a framework of trust and discretion.<\/p>\n<p>Let us handle the details while you focus on what matters most. Discover our services now and enjoy excellence every day!<\/p>","protected":false},"excerpt":{"rendered":"<p>Bienvenue au Coeur des Cimes Nous mettons un point d&#8217;honneur \u00e0 offrir des solutions personnalis\u00e9es et de qualit\u00e9 pour que vous puissiez profiter pleinement de votre temps. Notre objectif : simplifier votre quotidien et vous offrir plus de libert\u00e9, dans un cadre de confiance et de discr\u00e9tion. Laissez-nous g\u00e9rer les d\u00e9tails, pendant que vous vous consacrez \u00e0 l\u2019essentiel. D\u00e9couvrez nos services d\u00e8s maintenant et profitez de l\u2019excellence au quotidien !<\/p>","protected":false},"featured_media":0,"comment_status":"open","ping_status":"closed","template":"","meta":{"inline_featured_image":false,"slim_seo":{"title":"Le Coeur Des Cimes - Mon annuaire conciergerie","description":"Bienvenue au Coeur des Cimes Nous mettons un point d'honneur \u00e0 offrir des solutions personnalis\u00e9es et de qualit\u00e9 pour que vous puissiez profiter pleinement de v"}},"product_brand":[],"product_cat":[372],"product_tag":[],"class_list":{"0":"post-4340","1":"product","2":"type-product","3":"status-publish","5":"product_cat-listeo-booking-2","7":"first","8":"instock","9":"downloadable","10":"virtual","11":"sold-individually","12":"purchasable","13":"product-type-listing_booking"},"jetpack_sharing_enabled":true,"_links":{"self":[{"href":"https:\/\/monannuaire-conciergerie.fr\/en\/wp-json\/wp\/v2\/product\/4340","targetHints":{"allow":["GET"]}}],"collection":[{"href":"https:\/\/monannuaire-conciergerie.fr\/en\/wp-json\/wp\/v2\/product"}],"about":[{"href":"https:\/\/monannuaire-conciergerie.fr\/en\/wp-json\/wp\/v2\/types\/product"}],"replies":[{"embeddable":true,"href":"https:\/\/monannuaire-conciergerie.fr\/en\/wp-json\/wp\/v2\/comments?post=4340"}],"version-history":[{"count":1,"href":"https:\/\/monannuaire-conciergerie.fr\/en\/wp-json\/wp\/v2\/product\/4340\/revisions"}],"predecessor-version":[{"id":4363,"href":"https:\/\/monannuaire-conciergerie.fr\/en\/wp-json\/wp\/v2\/product\/4340\/revisions\/4363"}],"wp:attachment":[{"href":"https:\/\/monannuaire-conciergerie.fr\/en\/wp-json\/wp\/v2\/media?parent=4340"}],"wp:term":[{"taxonomy":"product_brand","embeddable":true,"href":"https:\/\/monannuaire-conciergerie.fr\/en\/wp-json\/wp\/v2\/product_brand?post=4340"},{"taxonomy":"product_cat","embeddable":true,"href":"https:\/\/monannuaire-conciergerie.fr\/en\/wp-json\/wp\/v2\/product_cat?post=4340"},{"taxonomy":"product_tag","embeddable":true,"href":"https:\/\/monannuaire-conciergerie.fr\/en\/wp-json\/wp\/v2\/product_tag?post=4340"}],"curies":[{"name":"wp","href":"https:\/\/api.w.org\/{rel}","templated":true}]}}