{"id":4368,"date":"2025-04-18T15:58:13","date_gmt":"2025-04-18T13:58:13","guid":{"rendered":"https:\/\/monannuaire-conciergerie.fr\/product\/alma-gioia-conciergerie\/"},"modified":"2025-05-18T16:03:48","modified_gmt":"2025-05-18T14:03:48","slug":"alma-gioia-conciergerie","status":"publish","type":"product","link":"https:\/\/monannuaire-conciergerie.fr\/en\/product\/alma-gioia-conciergerie\/","title":{"rendered":"Alma Gioia Concierge"},"content":{"rendered":"<p>Alma Gioia welcomes you<br \/>\nDo you own a property and don&#039;t have the time to manage it?<\/p>\n<p>Why not opt for short-term or seasonal rental?<\/p>\n<p>Do you want to optimize your revenue while offering an exceptional experience to your travelers?<\/p>\n<p>Alma Gioia is here to make your life easier!<\/p>\n<p>Specialists in seasonal rental management, we take care of all the steps:<\/p>\n<p>Reservation tracking<br \/>\nPassenger communication<br \/>\nFlexible and secure check-in\/check-out<br \/>\nHotel-quality housekeeping and linens<br \/>\nMaintenance and monitoring of your property<\/p>\n<p>Thanks to our turnkey service, you benefit from a property that is always impeccable, optimized profitability and total peace of mind.<\/p>\n<p>Entrust your accommodation to us, we&#039;ll take care of the rest!<\/p>","protected":false},"excerpt":{"rendered":"<p>Alma Gioia vous souhaite la bienvenue Vous poss\u00e9dez\u00a0un bien, et vous manquez de temps pour le g\u00e9rer ? Pourquoi pas opter pour\u00a0la location courte dur\u00e9e ou saisonni\u00e8re. Vous souhaitez\u00a0optimiser vos revenus\u00a0tout en offrant une exp\u00e9rience exceptionnelle \u00e0 vos voyageurs ? Alma Gioia\u00a0est l\u00e0 pour vous simplifier la vie! Sp\u00e9cialiste de\u00a0l&#8217;intendance de locations saisonni\u00e8re, nous prenons en charge toutes les \u00e9tapes: Suivi des r\u00e9servation Communication voyageurs Check in\/ check flexibles et s\u00e9curis\u00e9s M\u00e9nage et linge de qualit\u00e9 h\u00f4teli\u00e8re Maintenance et suivi de votre bien Gr\u00e2ce \u00e0 notre service\u00a0cl\u00e9 en main, vous profitez d&#8217;un bien toujours impeccable, d&#8217;une rentabilit\u00e9 optimis\u00e9e et d&#8217;une tranquillit\u00e9 d&#8217;esprit totale. Confiez nous votre logement, nous nous occupons du reste!<\/p>","protected":false},"featured_media":0,"comment_status":"open","ping_status":"closed","template":"","meta":{"inline_featured_image":false,"slim_seo":{"title":"Alma Gioia Conciergerie - Mon annuaire conciergerie","description":"Alma Gioia vous souhaite la bienvenue Vous poss\u00e9dez\u00a0un bien, et vous manquez de temps pour le g\u00e9rer ? Pourquoi pas opter pour\u00a0la location courte dur\u00e9e ou saison"}},"product_brand":[],"product_cat":[21],"product_tag":[],"class_list":{"0":"post-4368","1":"product","2":"type-product","3":"status-publish","5":"product_cat-listeo-booking","7":"first","8":"instock","9":"downloadable","10":"virtual","11":"sold-individually","12":"purchasable","13":"product-type-listing_booking"},"jetpack_sharing_enabled":true,"_links":{"self":[{"href":"https:\/\/monannuaire-conciergerie.fr\/en\/wp-json\/wp\/v2\/product\/4368","targetHints":{"allow":["GET"]}}],"collection":[{"href":"https:\/\/monannuaire-conciergerie.fr\/en\/wp-json\/wp\/v2\/product"}],"about":[{"href":"https:\/\/monannuaire-conciergerie.fr\/en\/wp-json\/wp\/v2\/types\/product"}],"replies":[{"embeddable":true,"href":"https:\/\/monannuaire-conciergerie.fr\/en\/wp-json\/wp\/v2\/comments?post=4368"}],"version-history":[{"count":1,"href":"https:\/\/monannuaire-conciergerie.fr\/en\/wp-json\/wp\/v2\/product\/4368\/revisions"}],"predecessor-version":[{"id":4423,"href":"https:\/\/monannuaire-conciergerie.fr\/en\/wp-json\/wp\/v2\/product\/4368\/revisions\/4423"}],"wp:attachment":[{"href":"https:\/\/monannuaire-conciergerie.fr\/en\/wp-json\/wp\/v2\/media?parent=4368"}],"wp:term":[{"taxonomy":"product_brand","embeddable":true,"href":"https:\/\/monannuaire-conciergerie.fr\/en\/wp-json\/wp\/v2\/product_brand?post=4368"},{"taxonomy":"product_cat","embeddable":true,"href":"https:\/\/monannuaire-conciergerie.fr\/en\/wp-json\/wp\/v2\/product_cat?post=4368"},{"taxonomy":"product_tag","embeddable":true,"href":"https:\/\/monannuaire-conciergerie.fr\/en\/wp-json\/wp\/v2\/product_tag?post=4368"}],"curies":[{"name":"wp","href":"https:\/\/api.w.org\/{rel}","templated":true}]}}