{"id":4376,"date":"2025-04-18T16:48:48","date_gmt":"2025-04-18T14:48:48","guid":{"rendered":"https:\/\/monannuaire-conciergerie.fr\/product\/call-my-home-conciergerie\/"},"modified":"2025-06-18T17:03:22","modified_gmt":"2025-06-18T15:03:22","slug":"call-my-home-conciergerie","status":"publish","type":"product","link":"https:\/\/monannuaire-conciergerie.fr\/en\/product\/call-my-home-conciergerie\/","title":{"rendered":"Call My Home Concierge"},"content":{"rendered":"<p>Trusted concierge service in Gironde and on the C\u00f4te d&#039;Azur<\/p>\n<p>Are you the owner of a seasonal rental property and looking to maximize its profitability while gaining peace of mind? Call My Home Concierge Services will assist you with professionalism and care. From welcoming guests to the meticulous maintenance of your home, we strive to provide a turnkey service and a premium experience.<\/p>\n<p>Delegate the management of your property and take full advantage of your investment!<\/p>","protected":false},"excerpt":{"rendered":"<p>Conciergerie de confiance en Gironde et sur la C\u00f4te d\u2019Azur Vous \u00eates propri\u00e9taire d\u2019un bien en location saisonni\u00e8re et souhaitez\u00a0optimiser sa rentabilit\u00e9 tout en gagnant en s\u00e9r\u00e9nit\u00e9\u00a0?\u00a0Call My Home Conciergerie\u00a0vous accompagne avec\u00a0professionnalisme et bienveillance. De l\u2019accueil des voyageurs \u00e0 l\u2019entretien minutieux de votre logement, nous mettons tout en \u0153uvre pour offrir un service cl\u00e9 en main et une exp\u00e9rience haut de gamme. D\u00e9l\u00e9guez l\u2019intendance de votre bien et profitez pleinement de votre investissement !<\/p>","protected":false},"featured_media":0,"comment_status":"open","ping_status":"closed","template":"","meta":{"inline_featured_image":false,"slim_seo":{"title":"Call My Home Conciergerie - Mon annuaire conciergerie","description":"Conciergerie de confiance en Gironde et sur la C\u00f4te d\u2019Azur Vous \u00eates propri\u00e9taire d\u2019un bien en location saisonni\u00e8re et souhaitez\u00a0optimiser sa rentabilit\u00e9 tout e"}},"product_brand":[],"product_cat":[372],"product_tag":[],"class_list":{"0":"post-4376","1":"product","2":"type-product","3":"status-publish","5":"product_cat-listeo-booking-2","7":"first","8":"instock","9":"downloadable","10":"virtual","11":"sold-individually","12":"purchasable","13":"product-type-listing_booking"},"jetpack_sharing_enabled":true,"_links":{"self":[{"href":"https:\/\/monannuaire-conciergerie.fr\/en\/wp-json\/wp\/v2\/product\/4376","targetHints":{"allow":["GET"]}}],"collection":[{"href":"https:\/\/monannuaire-conciergerie.fr\/en\/wp-json\/wp\/v2\/product"}],"about":[{"href":"https:\/\/monannuaire-conciergerie.fr\/en\/wp-json\/wp\/v2\/types\/product"}],"replies":[{"embeddable":true,"href":"https:\/\/monannuaire-conciergerie.fr\/en\/wp-json\/wp\/v2\/comments?post=4376"}],"version-history":[{"count":1,"href":"https:\/\/monannuaire-conciergerie.fr\/en\/wp-json\/wp\/v2\/product\/4376\/revisions"}],"predecessor-version":[{"id":4424,"href":"https:\/\/monannuaire-conciergerie.fr\/en\/wp-json\/wp\/v2\/product\/4376\/revisions\/4424"}],"wp:attachment":[{"href":"https:\/\/monannuaire-conciergerie.fr\/en\/wp-json\/wp\/v2\/media?parent=4376"}],"wp:term":[{"taxonomy":"product_brand","embeddable":true,"href":"https:\/\/monannuaire-conciergerie.fr\/en\/wp-json\/wp\/v2\/product_brand?post=4376"},{"taxonomy":"product_cat","embeddable":true,"href":"https:\/\/monannuaire-conciergerie.fr\/en\/wp-json\/wp\/v2\/product_cat?post=4376"},{"taxonomy":"product_tag","embeddable":true,"href":"https:\/\/monannuaire-conciergerie.fr\/en\/wp-json\/wp\/v2\/product_tag?post=4376"}],"curies":[{"name":"wp","href":"https:\/\/api.w.org\/{rel}","templated":true}]}}