{"id":4395,"date":"2025-04-21T10:51:33","date_gmt":"2025-04-21T08:51:33","guid":{"rendered":"https:\/\/monannuaire-conciergerie.fr\/product\/jdors-conciergerie\/"},"modified":"2025-04-23T21:14:46","modified_gmt":"2025-04-23T19:14:46","slug":"jdors-conciergerie","status":"publish","type":"product","link":"https:\/\/monannuaire-conciergerie.fr\/en\/product\/jdors-conciergerie\/","title":{"rendered":"I Sleep Concierge"},"content":{"rendered":"<p>Welcome !<br \/>\nOffer your travelers an exceptional experience with our complete concierge service!<\/p>\n<p>Are you a property owner and would like to delegate the management of your property with complete peace of mind?<\/p>\n<p>Trust our concierge service, which takes care of all aspects of managing your rentals<\/p>","protected":false},"excerpt":{"rendered":"<p>Bienvenue ! Offrez \u00e0 vos voyageurs une exp\u00e9rience exceptionnelle avec notre service de conciergerie complet ! Vous \u00eates propri\u00e9taire de logements et vous souhaitez d\u00e9l\u00e9guer l&#8217;intendance de vos biens en toute s\u00e9r\u00e9nit\u00e9 ? Faites confiance \u00e0 notre conciergerie, qui prend en charge tous les aspects de l&#8217;intendance de vos locations<\/p>","protected":false},"featured_media":0,"comment_status":"open","ping_status":"closed","template":"","meta":{"inline_featured_image":false,"slim_seo":{"title":"J'Dors Conciergerie - Mon annuaire conciergerie","description":"Bienvenue ! Offrez \u00e0 vos voyageurs une exp\u00e9rience exceptionnelle avec notre service de conciergerie complet ! Vous \u00eates propri\u00e9taire de logements et vous souhai"}},"product_brand":[],"product_cat":[21],"product_tag":[],"class_list":{"0":"post-4395","1":"product","2":"type-product","3":"status-publish","5":"product_cat-listeo-booking","7":"first","8":"instock","9":"downloadable","10":"virtual","11":"sold-individually","12":"purchasable","13":"product-type-listing_booking"},"jetpack_sharing_enabled":true,"_links":{"self":[{"href":"https:\/\/monannuaire-conciergerie.fr\/en\/wp-json\/wp\/v2\/product\/4395","targetHints":{"allow":["GET"]}}],"collection":[{"href":"https:\/\/monannuaire-conciergerie.fr\/en\/wp-json\/wp\/v2\/product"}],"about":[{"href":"https:\/\/monannuaire-conciergerie.fr\/en\/wp-json\/wp\/v2\/types\/product"}],"replies":[{"embeddable":true,"href":"https:\/\/monannuaire-conciergerie.fr\/en\/wp-json\/wp\/v2\/comments?post=4395"}],"version-history":[{"count":1,"href":"https:\/\/monannuaire-conciergerie.fr\/en\/wp-json\/wp\/v2\/product\/4395\/revisions"}],"predecessor-version":[{"id":4425,"href":"https:\/\/monannuaire-conciergerie.fr\/en\/wp-json\/wp\/v2\/product\/4395\/revisions\/4425"}],"wp:attachment":[{"href":"https:\/\/monannuaire-conciergerie.fr\/en\/wp-json\/wp\/v2\/media?parent=4395"}],"wp:term":[{"taxonomy":"product_brand","embeddable":true,"href":"https:\/\/monannuaire-conciergerie.fr\/en\/wp-json\/wp\/v2\/product_brand?post=4395"},{"taxonomy":"product_cat","embeddable":true,"href":"https:\/\/monannuaire-conciergerie.fr\/en\/wp-json\/wp\/v2\/product_cat?post=4395"},{"taxonomy":"product_tag","embeddable":true,"href":"https:\/\/monannuaire-conciergerie.fr\/en\/wp-json\/wp\/v2\/product_tag?post=4395"}],"curies":[{"name":"wp","href":"https:\/\/api.w.org\/{rel}","templated":true}]}}