{"id":4432,"date":"2025-04-25T19:59:43","date_gmt":"2025-04-25T17:59:43","guid":{"rendered":"https:\/\/monannuaire-conciergerie.fr\/product\/edens-conciergerie\/"},"modified":"2026-01-26T02:32:39","modified_gmt":"2026-01-26T01:32:39","slug":"edens-conciergerie","status":"publish","type":"product","link":"https:\/\/monannuaire-conciergerie.fr\/en\/product\/edens-conciergerie\/","title":{"rendered":"Eden&#039;s Conciergerie"},"content":{"rendered":"<p>Welcome !<\/p>\n<p>At Eden&#039;s Concierge, we are committed to supporting you from A to Z in managing your short-term rental properties in Narbonne.<\/p>\n<p>Are you short on time? Don&#039;t feel like managing your property? Are you not there?<\/p>\n<p>Our priority is to offer you a quality service that relieves you of the daily constraints of seasonal rentals while maximizing your rental income and providing a unique experience for travelers. &quot;Eden&#039;s concierge service where security and peace of mind meet to protect what matters most to you.&quot;<\/p>","protected":false},"excerpt":{"rendered":"<p>Bienvenue ! Chez Eden\u2019s conciergerie nous avons \u00e0 c\u0153ur de vous accompagner de A \u00e0 Z dans l\u2019intendance de vos biens en location courte dur\u00e9e \u00e0 Narbonne. Vous manquez de temps ?\u00a0Vous n\u2019avez pas envie de g\u00e9rer vos biens ? Vous n\u2019\u00eates pas sur place ? Notre priorit\u00e9 est de vous offrir un service de qualit\u00e9 vous d\u00e9chargeant des contraintes quotidiennes de la location saisonni\u00e8re tout en maximisant vos revenus locatifs et en apportant une exp\u00e9rience unique aux voyageurs. \u00ab Eden\u2019s conciergerie o\u00f9 s\u00e9curit\u00e9 et tranquillit\u00e9 d\u2019esprit se rencontrent pour prot\u00e9ger ce qui compte le plus pour vous \u00bb<\/p>","protected":false},"featured_media":0,"comment_status":"open","ping_status":"closed","template":"","meta":{"inline_featured_image":false,"slim_seo":{"title":"Eden's Conciergerie - Mon annuaire conciergerie","description":"Bienvenue ! Chez Eden\u2019s conciergerie nous avons \u00e0 c\u0153ur de vous accompagner de A \u00e0 Z dans l\u2019intendance de vos biens en location courte dur\u00e9e \u00e0 Narbonne. Vous man"}},"product_brand":[],"product_cat":[372],"product_tag":[],"class_list":{"0":"post-4432","1":"product","2":"type-product","3":"status-publish","5":"product_cat-listeo-booking-2","7":"first","8":"instock","9":"downloadable","10":"virtual","11":"sold-individually","12":"purchasable","13":"product-type-listing_booking"},"jetpack_sharing_enabled":true,"_links":{"self":[{"href":"https:\/\/monannuaire-conciergerie.fr\/en\/wp-json\/wp\/v2\/product\/4432","targetHints":{"allow":["GET"]}}],"collection":[{"href":"https:\/\/monannuaire-conciergerie.fr\/en\/wp-json\/wp\/v2\/product"}],"about":[{"href":"https:\/\/monannuaire-conciergerie.fr\/en\/wp-json\/wp\/v2\/types\/product"}],"replies":[{"embeddable":true,"href":"https:\/\/monannuaire-conciergerie.fr\/en\/wp-json\/wp\/v2\/comments?post=4432"}],"version-history":[{"count":1,"href":"https:\/\/monannuaire-conciergerie.fr\/en\/wp-json\/wp\/v2\/product\/4432\/revisions"}],"predecessor-version":[{"id":4438,"href":"https:\/\/monannuaire-conciergerie.fr\/en\/wp-json\/wp\/v2\/product\/4432\/revisions\/4438"}],"wp:attachment":[{"href":"https:\/\/monannuaire-conciergerie.fr\/en\/wp-json\/wp\/v2\/media?parent=4432"}],"wp:term":[{"taxonomy":"product_brand","embeddable":true,"href":"https:\/\/monannuaire-conciergerie.fr\/en\/wp-json\/wp\/v2\/product_brand?post=4432"},{"taxonomy":"product_cat","embeddable":true,"href":"https:\/\/monannuaire-conciergerie.fr\/en\/wp-json\/wp\/v2\/product_cat?post=4432"},{"taxonomy":"product_tag","embeddable":true,"href":"https:\/\/monannuaire-conciergerie.fr\/en\/wp-json\/wp\/v2\/product_tag?post=4432"}],"curies":[{"name":"wp","href":"https:\/\/api.w.org\/{rel}","templated":true}]}}