{"id":4440,"date":"2025-04-26T16:24:24","date_gmt":"2025-04-26T14:24:24","guid":{"rendered":"https:\/\/monannuaire-conciergerie.fr\/product\/sofys-conciergerie\/"},"modified":"2025-12-29T14:32:07","modified_gmt":"2025-12-29T13:32:07","slug":"sofys-conciergerie","status":"publish","type":"product","link":"https:\/\/monannuaire-conciergerie.fr\/en\/product\/sofys-conciergerie\/","title":{"rendered":"Sofy&#039;s Concierge Service"},"content":{"rendered":"<p>Sofy&#039;s Concierge Service<\/p>\n<p>Based in Touraine for over 10 years, in the heart of Rabelais Country, Sophie invites you to explore the beauty and rich heritage of this region, with its famous Loire Valley ch\u00e2teaux, vineyards, and fascinating history. To this end, Sophie offers the services of Sofy&#039;s Concierge.<\/p>\n<p>Sofy&#039;s Conciergerie is an ideal solution for those looking to simplify the rental management of their properties by delegating certain tasks, with a range of personalized management services.<br \/>\nSofy&#039;s Concierge Service guarantees peace of mind and time savings. The professional and dedicated team ensures every detail is handled with care and efficiency. No more hassle of daily organization.<\/p>\n<ul>\n<li>YOU HAVE ACCOMMODATION IN ANOTHER CITY<\/li>\n<li>YOU DON&#039;T HAVE TIME TO DEAL WITH THE RENTAL<\/li>\n<li>YOU HAVE MANY PROPERTIES TO MANAGE<\/li>\n<li>MANAGING YOUR ADS IS A PUZZLE<\/li>\n<li>YOU ARE UNABLE TO RENTAL YOUR PROPERTY<\/li>\n<\/ul>\n<p><span style=\"text-decoration: underline\">THE ADVANTAGES OF THE SERVICES WE OFFER:<\/span><\/p>\n<p><strong>Save time: <\/strong>We take care of everything, from welcoming travelers to cleaning.<br \/>\n<strong>Maximize your income: <\/strong>Thanks to our expertise and dynamic pricing tools.<br \/>\n<strong>Total flexibility: <\/strong>You choose when your property is available for rent.<br \/>\n<strong>5-star experience: <\/strong>Offer your travelers impeccable service.<\/p>\n<p>&nbsp;<\/p>","protected":false},"excerpt":{"rendered":"<p>Sofy\u2019s Conciergerie Install\u00e9e en Touraine depuis plus de 10 ans, au c\u0153ur du Pays de Rabelais, Sophie vous invite \u00e0 explorer la beaut\u00e9 et la richesse du patrimoine de cette r\u00e9gion, avec ses c\u00e9l\u00e8bres ch\u00e2teaux de la Loire, ses vignobles et son histoire fascinante. Pour ce faire, Sophie vous propose les services de Sofy\u2019s Conciergerie. Sofy&#8217;s Conciergerie\u00a0est une solution id\u00e9ale pour ceux qui cherchent \u00e0 simplifier la gestion locative de leurs logements en d\u00e9l\u00e9guant certaines t\u00e2ches, avec une gamme de services personnalis\u00e9s d\u2019intendance. Sofy&#8217;s Conciergerie garantit tranquillit\u00e9 d&#8217;esprit et gain de temps. L&#8217;\u00e9quipe professionnelle et d\u00e9vou\u00e9e s&#8217;assure que chaque d\u00e9tail est pris en charge avec soin et efficacit\u00e9. Fini les tracas de l&#8217;organisation quotidienne. VOUS AVEZ UN LOGEMENT DANS UNE AUTRE VILLE VOUS N&#8217;AVEZ PAS LE TEMPS DE VOUS OCCUPER DE LA LOCATION VOUS AVEZ DE NOMBREUX LOGEMENTS \u00c0 G\u00c9RER LA GESTION DE VOS ANNONCES EST UN CASSE-T\u00caTE VOUS N&#8217;ARRIVEZ PAS \u00c0 LOUER VOTRE LOGEMENT LES AVANTAGES DES SERVICES QUE NOUS PROPOSONS : Gagnez du temps : Nous nous occupons de tout, de l\u2019accueil des voyageurs au m\u00e9nage. Maximisez vos revenus\u00a0: Gr\u00e2ce \u00e0 notre expertise et nos outils de tarification dynamique. Flexibilit\u00e9 totale\u00a0: Vous choisissez quand votre bien est disponible \u00e0 la location. Exp\u00e9rience 5 \u00e9toiles\u00a0: Offrez \u00e0 vos voyageurs un service irr\u00e9prochable. &nbsp;<\/p>","protected":false},"featured_media":0,"comment_status":"open","ping_status":"closed","template":"","meta":{"inline_featured_image":false,"slim_seo":{"title":"Sofy's Conciergerie - Mon annuaire conciergerie","description":"Sofy\u2019s Conciergerie Install\u00e9e en Touraine depuis plus de 10 ans, au c\u0153ur du Pays de Rabelais, Sophie vous invite \u00e0 explorer la beaut\u00e9 et la richesse du patrimoi"}},"product_brand":[],"product_cat":[372],"product_tag":[],"class_list":{"0":"post-4440","1":"product","2":"type-product","3":"status-publish","5":"product_cat-listeo-booking-2","7":"first","8":"instock","9":"downloadable","10":"virtual","11":"sold-individually","12":"purchasable","13":"product-type-listing_booking"},"jetpack_sharing_enabled":true,"_links":{"self":[{"href":"https:\/\/monannuaire-conciergerie.fr\/en\/wp-json\/wp\/v2\/product\/4440","targetHints":{"allow":["GET"]}}],"collection":[{"href":"https:\/\/monannuaire-conciergerie.fr\/en\/wp-json\/wp\/v2\/product"}],"about":[{"href":"https:\/\/monannuaire-conciergerie.fr\/en\/wp-json\/wp\/v2\/types\/product"}],"replies":[{"embeddable":true,"href":"https:\/\/monannuaire-conciergerie.fr\/en\/wp-json\/wp\/v2\/comments?post=4440"}],"version-history":[{"count":2,"href":"https:\/\/monannuaire-conciergerie.fr\/en\/wp-json\/wp\/v2\/product\/4440\/revisions"}],"predecessor-version":[{"id":6466,"href":"https:\/\/monannuaire-conciergerie.fr\/en\/wp-json\/wp\/v2\/product\/4440\/revisions\/6466"}],"wp:attachment":[{"href":"https:\/\/monannuaire-conciergerie.fr\/en\/wp-json\/wp\/v2\/media?parent=4440"}],"wp:term":[{"taxonomy":"product_brand","embeddable":true,"href":"https:\/\/monannuaire-conciergerie.fr\/en\/wp-json\/wp\/v2\/product_brand?post=4440"},{"taxonomy":"product_cat","embeddable":true,"href":"https:\/\/monannuaire-conciergerie.fr\/en\/wp-json\/wp\/v2\/product_cat?post=4440"},{"taxonomy":"product_tag","embeddable":true,"href":"https:\/\/monannuaire-conciergerie.fr\/en\/wp-json\/wp\/v2\/product_tag?post=4440"}],"curies":[{"name":"wp","href":"https:\/\/api.w.org\/{rel}","templated":true}]}}