{"id":4472,"date":"2025-05-01T05:38:58","date_gmt":"2025-05-01T03:38:58","guid":{"rendered":"https:\/\/monannuaire-conciergerie.fr\/product\/cali-conciergerie\/"},"modified":"2026-01-01T17:37:00","modified_gmt":"2026-01-01T16:37:00","slug":"cali-conciergerie","status":"publish","type":"product","link":"https:\/\/monannuaire-conciergerie.fr\/en\/product\/cali-conciergerie\/","title":{"rendered":"Cali Concierge"},"content":{"rendered":"<p>Our concierge service offers to take full charge of rental, upkeep and maintenance.<br \/>\nof your short-term rentals, your second home or your boat<br \/>\nin the Montmorency Valley, the Oise Valley and the Cergy-Pontoise conurbation<\/p>\n<p>Our services allow you to rely on a team capable of responding to all your travelers&#039; requests, as well as your own, regarding the layout, upkeep, and maintenance of your property.<\/p>\n<p>This allows you to speak to a single contact, saving you time and increasing your efficiency.<\/p>\n<p>We use professional tools to optimize the profitability of your rentals, which will allow you to differentiate yourself from other individuals offering short-term rentals.<\/p>\n<p>We have also developed expertise in boat concierge services, whether it is your second home or a property that you wish to offer for short-term rental to make it profitable and offer an unusual experience to travelers.<\/p>","protected":false},"excerpt":{"rendered":"<p>Notre conciergerie vous propose de prendre en charge int\u00e9gralement la location, l\u2019entretien et la maintenance de vos locations courte dur\u00e9e votre r\u00e9sidence secondaire ou votre bateau dans la Vall\u00e9e de Montmorency, la Vall\u00e9e de l\u2019Oise et l&#8217;agglom\u00e9ration de Cergy-Pontoise Nos services vous permettent de vous reposer sur une \u00e9quipe capable de r\u00e9pondre \u00e0 toutes les demandes de vos voyageurs mais aussi aux v\u00f4tres concernant l\u2019am\u00e9nagement, l\u2019entretien et la maintenance de votre bien. Ce qui vous permet de vous adresser \u00e0 un interlocuteur unique, gage de temps et d\u2019efficacit\u00e9 pour vous. Nous utilisons des outils professionnels permettant d\u2019optimiser la rentabilit\u00e9 de vos locations, qui vous permettront de vous diff\u00e9rencier des autres particuliers r\u00e9alisant de la location courte dur\u00e9e. Nous avons \u00e9galement d\u00e9velopp\u00e9 une expertise dans la conciergerie de bateaux, que ce soit votre r\u00e9sidence secondaire ou un bien que vous souhaitez proposer en location courte dur\u00e9e pour le rentabiliser et proposer une exp\u00e9rience atypique \u00e0 des voyageurs.<\/p>","protected":false},"featured_media":0,"comment_status":"open","ping_status":"closed","template":"","meta":{"inline_featured_image":false,"slim_seo":{"title":"Cali Conciergerie - Mon annuaire conciergerie","description":"Notre conciergerie vous propose de prendre en charge int\u00e9gralement la location, l\u2019entretien et la maintenance de vos locations courte dur\u00e9e votre r\u00e9sidence seco"}},"product_brand":[],"product_cat":[372],"product_tag":[],"class_list":{"0":"post-4472","1":"product","2":"type-product","3":"status-publish","5":"product_cat-listeo-booking-2","7":"first","8":"instock","9":"downloadable","10":"virtual","11":"sold-individually","12":"purchasable","13":"product-type-listing_booking"},"jetpack_sharing_enabled":true,"_links":{"self":[{"href":"https:\/\/monannuaire-conciergerie.fr\/en\/wp-json\/wp\/v2\/product\/4472","targetHints":{"allow":["GET"]}}],"collection":[{"href":"https:\/\/monannuaire-conciergerie.fr\/en\/wp-json\/wp\/v2\/product"}],"about":[{"href":"https:\/\/monannuaire-conciergerie.fr\/en\/wp-json\/wp\/v2\/types\/product"}],"replies":[{"embeddable":true,"href":"https:\/\/monannuaire-conciergerie.fr\/en\/wp-json\/wp\/v2\/comments?post=4472"}],"version-history":[{"count":1,"href":"https:\/\/monannuaire-conciergerie.fr\/en\/wp-json\/wp\/v2\/product\/4472\/revisions"}],"predecessor-version":[{"id":4550,"href":"https:\/\/monannuaire-conciergerie.fr\/en\/wp-json\/wp\/v2\/product\/4472\/revisions\/4550"}],"wp:attachment":[{"href":"https:\/\/monannuaire-conciergerie.fr\/en\/wp-json\/wp\/v2\/media?parent=4472"}],"wp:term":[{"taxonomy":"product_brand","embeddable":true,"href":"https:\/\/monannuaire-conciergerie.fr\/en\/wp-json\/wp\/v2\/product_brand?post=4472"},{"taxonomy":"product_cat","embeddable":true,"href":"https:\/\/monannuaire-conciergerie.fr\/en\/wp-json\/wp\/v2\/product_cat?post=4472"},{"taxonomy":"product_tag","embeddable":true,"href":"https:\/\/monannuaire-conciergerie.fr\/en\/wp-json\/wp\/v2\/product_tag?post=4472"}],"curies":[{"name":"wp","href":"https:\/\/api.w.org\/{rel}","templated":true}]}}