{"id":4493,"date":"2025-05-05T23:39:36","date_gmt":"2025-05-05T21:39:36","guid":{"rendered":"https:\/\/monannuaire-conciergerie.fr\/product\/conciergerie-la-fee-zoe\/"},"modified":"2025-05-19T18:30:33","modified_gmt":"2025-05-19T16:30:33","slug":"conciergerie-la-fee-zoe","status":"publish","type":"product","link":"https:\/\/monannuaire-conciergerie.fr\/en\/product\/conciergerie-la-fee-zoe\/","title":{"rendered":"The Fairy Zoe Concierge Service"},"content":{"rendered":"<p>La F\u00e9e Zo\u00e9 Concierge offers you A to Z management of your accommodation for worry-free seasonal rentals.<\/p>\n<p>I support:<\/p>\n<p>\u2013 writing your advertisements<\/p>\n<p>\u2013 exchanges with travelers<\/p>\n<p>\u2013 the inventory<\/p>\n<p>\u2013 professional cleaning<\/p>\n<p>\u2013 restocking of consumables<\/p>\n<p>\u2013 7\/7 assistance<\/p>\n<p>For you :<\/p>\n<p>\u2013 peace of mind<\/p>\n<p>\u2013 a newfound freedom<\/p>\n<p>\u2013 additional income<\/p>\n<p>\u2013 a pledge of trust<\/p>\n<p>Discover our launch offer! Set up your accommodation for 250 euros instead of 390 euros (cleaning and photos included)<\/p>","protected":false},"excerpt":{"rendered":"<p>La Conciergerie La F\u00e9e Zo\u00e9 vous propose une intendance de A \u00e0 Z de votre logement pour des locations saisonni\u00e8res sereines. Je prends en charge : &#8211; la r\u00e9daction de vos annonces &#8211; les \u00e9changes avec les voyageurs &#8211; l&#8217;\u00e9tat des lieux &#8211; le m\u00e9nage professionnel &#8211; le r\u00e9assort des consommables &#8211; l&#8217;assistance 7\/7 Pour vous : &#8211; une tranquillit\u00e9 d&#8217;esprit &#8211; une libert\u00e9 retrouv\u00e9e &#8211; des revenus compl\u00e9mentaires &#8211; un gage de confiance D\u00e9couvrez notre offre de lancement ! la mise en place de votre logement pour 250 eur au lieu de 390 eur ( m\u00e9nage et photos incluses )<\/p>","protected":false},"featured_media":0,"comment_status":"open","ping_status":"closed","template":"","meta":{"inline_featured_image":false,"slim_seo":{"title":"Conciergerie La F\u00e9e Zo\u00e9 - Mon annuaire conciergerie","description":"La Conciergerie La F\u00e9e Zo\u00e9 vous propose une intendance de A \u00e0 Z de votre logement pour des locations saisonni\u00e8res sereines. Je prends en charge : - la r\u00e9daction"}},"product_brand":[],"product_cat":[21],"product_tag":[],"class_list":{"0":"post-4493","1":"product","2":"type-product","3":"status-publish","5":"product_cat-listeo-booking","7":"first","8":"instock","9":"downloadable","10":"virtual","11":"sold-individually","12":"purchasable","13":"product-type-listing_booking"},"jetpack_sharing_enabled":true,"_links":{"self":[{"href":"https:\/\/monannuaire-conciergerie.fr\/en\/wp-json\/wp\/v2\/product\/4493","targetHints":{"allow":["GET"]}}],"collection":[{"href":"https:\/\/monannuaire-conciergerie.fr\/en\/wp-json\/wp\/v2\/product"}],"about":[{"href":"https:\/\/monannuaire-conciergerie.fr\/en\/wp-json\/wp\/v2\/types\/product"}],"replies":[{"embeddable":true,"href":"https:\/\/monannuaire-conciergerie.fr\/en\/wp-json\/wp\/v2\/comments?post=4493"}],"version-history":[{"count":1,"href":"https:\/\/monannuaire-conciergerie.fr\/en\/wp-json\/wp\/v2\/product\/4493\/revisions"}],"predecessor-version":[{"id":4496,"href":"https:\/\/monannuaire-conciergerie.fr\/en\/wp-json\/wp\/v2\/product\/4493\/revisions\/4496"}],"wp:attachment":[{"href":"https:\/\/monannuaire-conciergerie.fr\/en\/wp-json\/wp\/v2\/media?parent=4493"}],"wp:term":[{"taxonomy":"product_brand","embeddable":true,"href":"https:\/\/monannuaire-conciergerie.fr\/en\/wp-json\/wp\/v2\/product_brand?post=4493"},{"taxonomy":"product_cat","embeddable":true,"href":"https:\/\/monannuaire-conciergerie.fr\/en\/wp-json\/wp\/v2\/product_cat?post=4493"},{"taxonomy":"product_tag","embeddable":true,"href":"https:\/\/monannuaire-conciergerie.fr\/en\/wp-json\/wp\/v2\/product_tag?post=4493"}],"curies":[{"name":"wp","href":"https:\/\/api.w.org\/{rel}","templated":true}]}}