{"id":4515,"date":"2025-05-09T12:05:41","date_gmt":"2025-05-09T10:05:41","guid":{"rendered":"https:\/\/monannuaire-conciergerie.fr\/product\/whatif-service\/"},"modified":"2025-05-14T12:40:14","modified_gmt":"2025-05-14T10:40:14","slug":"whatif-service","status":"publish","type":"product","link":"https:\/\/monannuaire-conciergerie.fr\/en\/product\/whatif-service\/","title":{"rendered":"What&#039;if service"},"content":{"rendered":"<p>Discover a tailor-made concierge service, designed to support you on a daily basis with kindness and professionalism.<\/p>\n<p>Gr\u00e2ce \u00e0 mon exp\u00e9rience d\u2019aide-soignante et de masseuse, je mets mon\u00a0savoir-faire\u00a0et mon\u00a0sens du service\u00a0\u00e0 votre disposition pour all\u00e9ger votre charge mentale et vous offrir un quotidien plus serein.<\/p>\n<p>Qu\u2019il s\u2019agisse de la gestion de vos t\u00e2ches courantes, de l\u2019organisation de votre domicile ou de services d\u00e9di\u00e9s \u00e0 votre bien-\u00eatre, je veille \u00e0 r\u00e9pondre \u00e0 vos besoins avec attention et empathie.<\/p>\n<p>Each service is designed to bring you comfort, peace of mind and truly personalized support.<\/p>\n<p>Faites le choix d\u2019une conciergerie humaine et chaleureuse, o\u00f9 chaque d\u00e9tail compte pour votre tranquillit\u00e9 d\u2019esprit..<\/p>","protected":false},"excerpt":{"rendered":"<p>D\u00e9couvrez une\u00a0conciergerie\u00a0sur mesure, con\u00e7ue pour vous accompagner au quotidien avec bienveillance et professionnalisme. Gr\u00e2ce \u00e0 mon exp\u00e9rience d\u2019aide-soignante et de masseuse, je mets mon\u00a0savoir-faire\u00a0et mon\u00a0sens du service\u00a0\u00e0 votre disposition pour all\u00e9ger votre charge mentale et vous offrir un quotidien plus serein. Qu\u2019il s\u2019agisse de la gestion de vos t\u00e2ches courantes, de l\u2019organisation de votre domicile ou de services d\u00e9di\u00e9s \u00e0 votre bien-\u00eatre, je veille \u00e0 r\u00e9pondre \u00e0 vos besoins avec attention et empathie. Chaque prestation est pens\u00e9e pour vous apporter confort, s\u00e9r\u00e9nit\u00e9 et un accompagnement v\u00e9ritablement personnalis\u00e9. Faites le choix d\u2019une conciergerie humaine et chaleureuse, o\u00f9 chaque d\u00e9tail compte pour votre tranquillit\u00e9 d\u2019esprit..<\/p>","protected":false},"featured_media":0,"comment_status":"open","ping_status":"closed","template":"","meta":{"inline_featured_image":false,"slim_seo":{"title":"What\u2019if service - Mon annuaire conciergerie","description":"D\u00e9couvrez une\u00a0conciergerie\u00a0sur mesure, con\u00e7ue pour vous accompagner au quotidien avec bienveillance et professionnalisme. Gr\u00e2ce \u00e0 mon exp\u00e9rience d'aide-soignant"}},"product_brand":[],"product_cat":[21],"product_tag":[],"class_list":{"0":"post-4515","1":"product","2":"type-product","3":"status-publish","5":"product_cat-listeo-booking","7":"first","8":"instock","9":"downloadable","10":"virtual","11":"sold-individually","12":"purchasable","13":"product-type-listing_booking"},"jetpack_sharing_enabled":true,"_links":{"self":[{"href":"https:\/\/monannuaire-conciergerie.fr\/en\/wp-json\/wp\/v2\/product\/4515","targetHints":{"allow":["GET"]}}],"collection":[{"href":"https:\/\/monannuaire-conciergerie.fr\/en\/wp-json\/wp\/v2\/product"}],"about":[{"href":"https:\/\/monannuaire-conciergerie.fr\/en\/wp-json\/wp\/v2\/types\/product"}],"replies":[{"embeddable":true,"href":"https:\/\/monannuaire-conciergerie.fr\/en\/wp-json\/wp\/v2\/comments?post=4515"}],"version-history":[{"count":1,"href":"https:\/\/monannuaire-conciergerie.fr\/en\/wp-json\/wp\/v2\/product\/4515\/revisions"}],"predecessor-version":[{"id":4518,"href":"https:\/\/monannuaire-conciergerie.fr\/en\/wp-json\/wp\/v2\/product\/4515\/revisions\/4518"}],"wp:attachment":[{"href":"https:\/\/monannuaire-conciergerie.fr\/en\/wp-json\/wp\/v2\/media?parent=4515"}],"wp:term":[{"taxonomy":"product_brand","embeddable":true,"href":"https:\/\/monannuaire-conciergerie.fr\/en\/wp-json\/wp\/v2\/product_brand?post=4515"},{"taxonomy":"product_cat","embeddable":true,"href":"https:\/\/monannuaire-conciergerie.fr\/en\/wp-json\/wp\/v2\/product_cat?post=4515"},{"taxonomy":"product_tag","embeddable":true,"href":"https:\/\/monannuaire-conciergerie.fr\/en\/wp-json\/wp\/v2\/product_tag?post=4515"}],"curies":[{"name":"wp","href":"https:\/\/api.w.org\/{rel}","templated":true}]}}