{"id":4524,"date":"2025-05-10T09:52:01","date_gmt":"2025-05-10T07:52:01","guid":{"rendered":"https:\/\/monannuaire-conciergerie.fr\/product\/holidaynest-conciergerie\/"},"modified":"2025-09-18T10:34:31","modified_gmt":"2025-09-18T08:34:31","slug":"holidaynest-conciergerie","status":"publish","type":"product","link":"https:\/\/monannuaire-conciergerie.fr\/en\/product\/holidaynest-conciergerie\/","title":{"rendered":"HolidayNest Concierge"},"content":{"rendered":"<p>With over ten years of experience in real estate, HolidayNest represents a new adventure born from a passion for rental development. Based on the French Riviera, our concierge service assists owners in managing their seasonal rentals with a rigorous, personal, and committed approach. Attention to detail, field experience, and personalized support are at the heart of each service, ensuring smooth, profitable, and elegant management.<\/p>\n<p>With our HOLIDAYNEST real estate concierge service, you&#039;re guaranteed to be in good hands. Our team takes care of everything: from promoting your property to managing reservations, welcoming your tenants, and maintaining your home. All while optimizing your profitability, with an average of up to 30% in additional revenue.<\/p>\n<p>Entrust your property to us while keeping control over it and maximizing your profitability effortlessly.<\/p>\n<p>Contact us today and let&#039;s discover together how we can transform your property into a profitable source of income! Free and no-obligation comprehensive audit<\/p>","protected":false},"excerpt":{"rendered":"<p>Forte de plus de dix ans d\u2019exp\u00e9rience dans l\u2019immobilier patrimonial, HolidayNest incarne une nouvelle aventure n\u00e9e d\u2019une passion pour la valorisation locative. Implant\u00e9e sur la C\u00f4te d\u2019Azur, notre conciergerie accompagne les propri\u00e9taires dans la gestion de leurs locations saisonni\u00e8res, avec une approche rigoureuse, humaine et engag\u00e9e. Sens du d\u00e9tail, exp\u00e9rience terrain et accompagnement personnalis\u00e9 sont au c\u0153ur de chaque prestation, pour une gestion sereine, rentable et \u00e9l\u00e9gante. Avec notre conciergerie immobili\u00e8re HOLIDAYNEST, vous \u00eates assur\u00e9 d\u2019\u00eatre entre de bonnes mains. Notre \u00e9quipe se charge de tout : de la promotion de votre bien \u00e0 la gestion des r\u00e9servations, en passant par l&#8217;accueil de vos locataires et l&#8217;entretien de votre logement.\u00a0Tout en optimisant votre rentabilit\u00e9 jusqu\u2019\u00e0 30% de revenus suppl\u00e9mentaires en moyenne. Confiez nous votre propri\u00e9t\u00e9 tout en gardant la main dessus et maximisez votre rentabilit\u00e9 sans effort. Contactez nous d\u00e8s aujourd\u2019hui et d\u00e9couvrons ensemble comment nous pouvons transformer votre bien immobilier en une source de revenus rentable ! Audit complet Gratuit et sans engagement<\/p>","protected":false},"featured_media":0,"comment_status":"open","ping_status":"closed","template":"","meta":{"inline_featured_image":false,"slim_seo":{"title":"HolidayNest Conciergerie - Mon annuaire conciergerie","description":"Forte de plus de dix ans d\u2019exp\u00e9rience dans l\u2019immobilier patrimonial, HolidayNest incarne une nouvelle aventure n\u00e9e d\u2019une passion pour la valorisation locative."}},"product_brand":[],"product_cat":[372],"product_tag":[],"class_list":{"0":"post-4524","1":"product","2":"type-product","3":"status-publish","5":"product_cat-listeo-booking-2","7":"first","8":"instock","9":"downloadable","10":"virtual","11":"sold-individually","12":"purchasable","13":"product-type-listing_booking"},"jetpack_sharing_enabled":true,"_links":{"self":[{"href":"https:\/\/monannuaire-conciergerie.fr\/en\/wp-json\/wp\/v2\/product\/4524","targetHints":{"allow":["GET"]}}],"collection":[{"href":"https:\/\/monannuaire-conciergerie.fr\/en\/wp-json\/wp\/v2\/product"}],"about":[{"href":"https:\/\/monannuaire-conciergerie.fr\/en\/wp-json\/wp\/v2\/types\/product"}],"replies":[{"embeddable":true,"href":"https:\/\/monannuaire-conciergerie.fr\/en\/wp-json\/wp\/v2\/comments?post=4524"}],"version-history":[{"count":2,"href":"https:\/\/monannuaire-conciergerie.fr\/en\/wp-json\/wp\/v2\/product\/4524\/revisions"}],"predecessor-version":[{"id":5904,"href":"https:\/\/monannuaire-conciergerie.fr\/en\/wp-json\/wp\/v2\/product\/4524\/revisions\/5904"}],"wp:attachment":[{"href":"https:\/\/monannuaire-conciergerie.fr\/en\/wp-json\/wp\/v2\/media?parent=4524"}],"wp:term":[{"taxonomy":"product_brand","embeddable":true,"href":"https:\/\/monannuaire-conciergerie.fr\/en\/wp-json\/wp\/v2\/product_brand?post=4524"},{"taxonomy":"product_cat","embeddable":true,"href":"https:\/\/monannuaire-conciergerie.fr\/en\/wp-json\/wp\/v2\/product_cat?post=4524"},{"taxonomy":"product_tag","embeddable":true,"href":"https:\/\/monannuaire-conciergerie.fr\/en\/wp-json\/wp\/v2\/product_tag?post=4524"}],"curies":[{"name":"wp","href":"https:\/\/api.w.org\/{rel}","templated":true}]}}