{"id":4622,"date":"2025-05-20T06:45:12","date_gmt":"2025-05-20T04:45:12","guid":{"rendered":"https:\/\/monannuaire-conciergerie.fr\/product\/lart-de-la-conciergerie\/"},"modified":"2025-06-06T13:21:19","modified_gmt":"2025-06-06T11:21:19","slug":"lart-de-la-conciergerie","status":"publish","type":"product","link":"https:\/\/monannuaire-conciergerie.fr\/en\/product\/lart-de-la-conciergerie\/","title":{"rendered":"The art of concierge service"},"content":{"rendered":"<p>L&#039;art de la conciergerie is an independent concierge service based in Le Tr\u00e9port and the surrounding area. We support vacation rental owners by offering professional and personalized services to save them time and maximize the appeal of their property.<\/p>\n<p>Proximity, responsiveness and trust are at the heart of our commitment.<br \/>\nDiscover the story and values of B\u00e9atrice, founder of L&#039;art de la conciergerie.<\/p>","protected":false},"excerpt":{"rendered":"<p>L\u2019art de la conciergerie\u00a0est une conciergerie ind\u00e9pendante, ancr\u00e9e au\u00a0Tr\u00e9port\u00a0et dans ses environs. Nous accompagnons\u00a0les propri\u00e9taires de locations saisonni\u00e8res\u00a0en proposant des services\u00a0professionnels et personnalis\u00e9s, pour leur faire gagner du temps et maximiser l\u2019attractivit\u00e9 de leur bien. Proximit\u00e9, r\u00e9activit\u00e9 et confiance sont au c\u0153ur de notre engagement. D\u00e9couvrez l\u2019histoire et les valeurs de B\u00e9atrice, fondatrice de L\u2019art de la conciergerie.<\/p>","protected":false},"featured_media":0,"comment_status":"open","ping_status":"closed","template":"","meta":{"inline_featured_image":false,"slim_seo":{"title":"L'art de la conciergerie - Mon annuaire conciergerie","description":"L\u2019art de la conciergerie\u00a0est une conciergerie ind\u00e9pendante, ancr\u00e9e au\u00a0Tr\u00e9port\u00a0et dans ses environs. Nous accompagnons\u00a0les propri\u00e9taires de locations saisonni\u00e8re"}},"product_brand":[],"product_cat":[21],"product_tag":[],"class_list":{"0":"post-4622","1":"product","2":"type-product","3":"status-publish","5":"product_cat-listeo-booking","7":"first","8":"instock","9":"downloadable","10":"virtual","11":"sold-individually","12":"purchasable","13":"product-type-listing_booking"},"jetpack_sharing_enabled":true,"_links":{"self":[{"href":"https:\/\/monannuaire-conciergerie.fr\/en\/wp-json\/wp\/v2\/product\/4622","targetHints":{"allow":["GET"]}}],"collection":[{"href":"https:\/\/monannuaire-conciergerie.fr\/en\/wp-json\/wp\/v2\/product"}],"about":[{"href":"https:\/\/monannuaire-conciergerie.fr\/en\/wp-json\/wp\/v2\/types\/product"}],"replies":[{"embeddable":true,"href":"https:\/\/monannuaire-conciergerie.fr\/en\/wp-json\/wp\/v2\/comments?post=4622"}],"version-history":[{"count":1,"href":"https:\/\/monannuaire-conciergerie.fr\/en\/wp-json\/wp\/v2\/product\/4622\/revisions"}],"predecessor-version":[{"id":4757,"href":"https:\/\/monannuaire-conciergerie.fr\/en\/wp-json\/wp\/v2\/product\/4622\/revisions\/4757"}],"wp:attachment":[{"href":"https:\/\/monannuaire-conciergerie.fr\/en\/wp-json\/wp\/v2\/media?parent=4622"}],"wp:term":[{"taxonomy":"product_brand","embeddable":true,"href":"https:\/\/monannuaire-conciergerie.fr\/en\/wp-json\/wp\/v2\/product_brand?post=4622"},{"taxonomy":"product_cat","embeddable":true,"href":"https:\/\/monannuaire-conciergerie.fr\/en\/wp-json\/wp\/v2\/product_cat?post=4622"},{"taxonomy":"product_tag","embeddable":true,"href":"https:\/\/monannuaire-conciergerie.fr\/en\/wp-json\/wp\/v2\/product_tag?post=4622"}],"curies":[{"name":"wp","href":"https:\/\/api.w.org\/{rel}","templated":true}]}}