{"id":4690,"date":"2025-05-28T16:12:00","date_gmt":"2025-05-28T14:12:00","guid":{"rendered":"https:\/\/monannuaire-conciergerie.fr\/product\/hote-serenites\/"},"modified":"2025-06-13T10:57:45","modified_gmt":"2025-06-13T08:57:45","slug":"hote-serenites","status":"publish","type":"product","link":"https:\/\/monannuaire-conciergerie.fr\/en\/product\/hote-serenites\/","title":{"rendered":"Serenities Host"},"content":{"rendered":"<p>Excellence at your service!<\/p>\n<p>H\u00f4te S\u00e9r\u00e9nit\u00e9s was born from a simple conviction: the quality of a stay is based on the invisible.<br \/>\nDiscreet attentions, meticulous organization, seamless welcome... everything that allows a host to rent with peace of mind, and a traveler to feel at home.<br \/>\nA committed founder: Cathy, at your service for your peace of mind<br \/>\nCathy founded H\u00f4te S\u00e9r\u00e9nit\u00e9s with the deep desire to offer a human and demanding concierge service, designed for both owners and travelers.<\/p>\n<p>With a keen eye for detail and a true passion for hospitality, she builds each relationship on three pillars: listening, trust, excellence.<br \/>\n\u201cMy goal is simple: that every stay goes smoothly and that every property is valued as if it were my own.\u201d<\/p>","protected":false},"excerpt":{"rendered":"<p>L\u2019excellence \u00e0 votre service ! H\u00f4te S\u00e9r\u00e9nit\u00e9s est n\u00e9e d\u2019une conviction simple :\u00a0la qualit\u00e9 d\u2019un s\u00e9jour repose sur l\u2019invisible. Les attentions discr\u00e8tes, l\u2019organisation millim\u00e9tr\u00e9e, l\u2019accueil fluide\u2026 tout ce qui permet \u00e0 un h\u00f4te de louer sereinement, et \u00e0 un voyageur de se sentir chez lui. Une fondatrice engag\u00e9e : Cathy, au service de votre tranquillit\u00e9 Cathy a fond\u00e9 H\u00f4te S\u00e9r\u00e9nit\u00e9s avec le d\u00e9sir profond d\u2019offrir une conciergerie humaine et exigeante, pens\u00e9e \u00e0 la fois pour les propri\u00e9taires comme pour les voyageurs. Avec un sens aff\u00fbt\u00e9 du d\u00e9tail et une vraie passion pour l\u2019hospitalit\u00e9, elle construit chaque relation sur trois piliers : \u00e9coute, confiance, excellence. \u00ab Mon objectif est simple : que chaque s\u00e9jour se passe avec fluidit\u00e9 et que chaque bien soit valoris\u00e9 comme s\u2019il \u00e9tait le mien. \u00bb<\/p>","protected":false},"featured_media":0,"comment_status":"open","ping_status":"closed","template":"","meta":{"inline_featured_image":false,"slim_seo":{"title":"H\u00f4te S\u00e9r\u00e9nit\u00e9s - Mon annuaire conciergerie","description":"L\u2019excellence \u00e0 votre service ! H\u00f4te S\u00e9r\u00e9nit\u00e9s est n\u00e9e d\u2019une conviction simple :\u00a0la qualit\u00e9 d\u2019un s\u00e9jour repose sur l\u2019invisible. Les attentions discr\u00e8tes, l\u2019organ"}},"product_brand":[],"product_cat":[372],"product_tag":[],"class_list":{"0":"post-4690","1":"product","2":"type-product","3":"status-publish","5":"product_cat-listeo-booking-2","7":"first","8":"instock","9":"downloadable","10":"virtual","11":"sold-individually","12":"purchasable","13":"product-type-listing_booking"},"jetpack_sharing_enabled":true,"_links":{"self":[{"href":"https:\/\/monannuaire-conciergerie.fr\/en\/wp-json\/wp\/v2\/product\/4690","targetHints":{"allow":["GET"]}}],"collection":[{"href":"https:\/\/monannuaire-conciergerie.fr\/en\/wp-json\/wp\/v2\/product"}],"about":[{"href":"https:\/\/monannuaire-conciergerie.fr\/en\/wp-json\/wp\/v2\/types\/product"}],"replies":[{"embeddable":true,"href":"https:\/\/monannuaire-conciergerie.fr\/en\/wp-json\/wp\/v2\/comments?post=4690"}],"version-history":[{"count":1,"href":"https:\/\/monannuaire-conciergerie.fr\/en\/wp-json\/wp\/v2\/product\/4690\/revisions"}],"predecessor-version":[{"id":4698,"href":"https:\/\/monannuaire-conciergerie.fr\/en\/wp-json\/wp\/v2\/product\/4690\/revisions\/4698"}],"wp:attachment":[{"href":"https:\/\/monannuaire-conciergerie.fr\/en\/wp-json\/wp\/v2\/media?parent=4690"}],"wp:term":[{"taxonomy":"product_brand","embeddable":true,"href":"https:\/\/monannuaire-conciergerie.fr\/en\/wp-json\/wp\/v2\/product_brand?post=4690"},{"taxonomy":"product_cat","embeddable":true,"href":"https:\/\/monannuaire-conciergerie.fr\/en\/wp-json\/wp\/v2\/product_cat?post=4690"},{"taxonomy":"product_tag","embeddable":true,"href":"https:\/\/monannuaire-conciergerie.fr\/en\/wp-json\/wp\/v2\/product_tag?post=4690"}],"curies":[{"name":"wp","href":"https:\/\/api.w.org\/{rel}","templated":true}]}}