{"id":4705,"date":"2025-05-30T16:58:34","date_gmt":"2025-05-30T14:58:34","guid":{"rendered":"https:\/\/monannuaire-conciergerie.fr\/product\/cosy-and-sun-conciergerie\/"},"modified":"2025-08-01T18:24:52","modified_gmt":"2025-08-01T16:24:52","slug":"cosy-and-sun-conciergerie","status":"publish","type":"product","link":"https:\/\/monannuaire-conciergerie.fr\/en\/product\/cosy-and-sun-conciergerie\/","title":{"rendered":"Cosy and Sun Conciergerie"},"content":{"rendered":"<p>Cosy and Sun Conciergerie helps you free yourself from the constraints of seasonal rentals and take care of your accommodation.<br \/>\nLet us take care of you: from creating your ad to welcoming guests, including maintenance, linens, cleaning and coordinating unforeseen events, we offer you a reliable, local and tailor-made service.<br \/>\nWe operate in Toulon and its surrounding areas, from the coast to the hinterland.<br \/>\nEnjoy your free time, we&#039;ll take care of everything!<\/p>","protected":false},"excerpt":{"rendered":"<p>Cosy and Sun Conciergerie vous accompagne pour vous lib\u00e9rer des contraintes de la location saisonni\u00e8re et prendre soin de votre logement. Laissez-nous prendre soin de vous : de la cr\u00e9ation d\u2019annonce \u00e0 l\u2019accueil des voyageurs, en passant par l\u2019entretien, le linge, le m\u00e9nage et la coordination des impr\u00e9vus, nous vous offrons un service fiable, local et sur mesure. Nous intervenons sur Toulon et ses environs, du littoral \u00e0 l\u2019arri\u00e8re-pays. Profitez de votre temps libre, on s\u2019occupe de tout !<\/p>","protected":false},"featured_media":0,"comment_status":"open","ping_status":"closed","template":"","meta":{"inline_featured_image":false,"slim_seo":{"title":"Cosy and Sun Conciergerie - Mon annuaire conciergerie","description":"Cosy and Sun Conciergerie vous accompagne pour vous lib\u00e9rer des contraintes de la location saisonni\u00e8re et prendre soin de votre logement. Laissez-nous prendre s"}},"product_brand":[],"product_cat":[372],"product_tag":[],"class_list":{"0":"post-4705","1":"product","2":"type-product","3":"status-publish","5":"product_cat-listeo-booking-2","7":"first","8":"instock","9":"downloadable","10":"virtual","11":"sold-individually","12":"purchasable","13":"product-type-listing_booking"},"jetpack_sharing_enabled":true,"_links":{"self":[{"href":"https:\/\/monannuaire-conciergerie.fr\/en\/wp-json\/wp\/v2\/product\/4705","targetHints":{"allow":["GET"]}}],"collection":[{"href":"https:\/\/monannuaire-conciergerie.fr\/en\/wp-json\/wp\/v2\/product"}],"about":[{"href":"https:\/\/monannuaire-conciergerie.fr\/en\/wp-json\/wp\/v2\/types\/product"}],"replies":[{"embeddable":true,"href":"https:\/\/monannuaire-conciergerie.fr\/en\/wp-json\/wp\/v2\/comments?post=4705"}],"version-history":[{"count":1,"href":"https:\/\/monannuaire-conciergerie.fr\/en\/wp-json\/wp\/v2\/product\/4705\/revisions"}],"predecessor-version":[{"id":4761,"href":"https:\/\/monannuaire-conciergerie.fr\/en\/wp-json\/wp\/v2\/product\/4705\/revisions\/4761"}],"wp:attachment":[{"href":"https:\/\/monannuaire-conciergerie.fr\/en\/wp-json\/wp\/v2\/media?parent=4705"}],"wp:term":[{"taxonomy":"product_brand","embeddable":true,"href":"https:\/\/monannuaire-conciergerie.fr\/en\/wp-json\/wp\/v2\/product_brand?post=4705"},{"taxonomy":"product_cat","embeddable":true,"href":"https:\/\/monannuaire-conciergerie.fr\/en\/wp-json\/wp\/v2\/product_cat?post=4705"},{"taxonomy":"product_tag","embeddable":true,"href":"https:\/\/monannuaire-conciergerie.fr\/en\/wp-json\/wp\/v2\/product_tag?post=4705"}],"curies":[{"name":"wp","href":"https:\/\/api.w.org\/{rel}","templated":true}]}}