{"id":4732,"date":"2025-06-04T15:13:50","date_gmt":"2025-06-04T13:13:50","guid":{"rendered":"https:\/\/monannuaire-conciergerie.fr\/product\/lovely-luxury-conciergerie\/"},"modified":"2026-01-04T14:31:34","modified_gmt":"2026-01-04T13:31:34","slug":"lovely-luxury-conciergerie","status":"publish","type":"product","link":"https:\/\/monannuaire-conciergerie.fr\/en\/product\/lovely-luxury-conciergerie\/","title":{"rendered":"Lovely Luxury Concierge"},"content":{"rendered":"<p>Entrust your accommodation to us and offer your guests an exceptional stay.<br \/>\nLovely Luxury Conciergerie supports owners of properties for short or medium-term rentals with a high-end, discreet and comprehensive offer.<br \/>\nM\u00e9nage, accueil, optimisation d\u2019annonce, suivi technique, r\u00e9assort\u2026 nous prenons soin de chaque d\u00e9tail.<br \/>\nBased in \u00cele-de-France, Alpes-Maritimes and Marseille, our concierge service transforms your rental into a true five-star experience.<\/p>","protected":false},"excerpt":{"rendered":"<p>Confiez-nous votre logement, offrez \u00e0 vos h\u00f4tes un s\u00e9jour d\u2019exception. Lovely Luxury Conciergerie accompagne les propri\u00e9taires de biens en location courte ou moyenne dur\u00e9e avec une offre haut de gamme, discr\u00e8te et compl\u00e8te. M\u00e9nage, accueil, optimisation d\u2019annonce, suivi technique, r\u00e9assort\u2026 nous prenons soin de chaque d\u00e9tail. Bas\u00e9e en \u00cele-de-France, dans les Alpes-Maritimes et \u00e0 Marseille, notre conciergerie transforme votre location en v\u00e9ritable exp\u00e9rience cinq \u00e9toiles.<\/p>","protected":false},"featured_media":0,"comment_status":"open","ping_status":"closed","template":"","meta":{"inline_featured_image":false,"slim_seo":{"title":"Lovely Luxury Conciergerie - Mon annuaire conciergerie","description":"Confiez-nous votre logement, offrez \u00e0 vos h\u00f4tes un s\u00e9jour d\u2019exception. Lovely Luxury Conciergerie accompagne les propri\u00e9taires de biens en location courte ou mo"}},"product_brand":[],"product_cat":[372],"product_tag":[],"class_list":{"0":"post-4732","1":"product","2":"type-product","3":"status-publish","5":"product_cat-listeo-booking-2","7":"first","8":"instock","9":"downloadable","10":"virtual","11":"sold-individually","12":"purchasable","13":"product-type-listing_booking"},"jetpack_sharing_enabled":true,"_links":{"self":[{"href":"https:\/\/monannuaire-conciergerie.fr\/en\/wp-json\/wp\/v2\/product\/4732","targetHints":{"allow":["GET"]}}],"collection":[{"href":"https:\/\/monannuaire-conciergerie.fr\/en\/wp-json\/wp\/v2\/product"}],"about":[{"href":"https:\/\/monannuaire-conciergerie.fr\/en\/wp-json\/wp\/v2\/types\/product"}],"replies":[{"embeddable":true,"href":"https:\/\/monannuaire-conciergerie.fr\/en\/wp-json\/wp\/v2\/comments?post=4732"}],"version-history":[{"count":1,"href":"https:\/\/monannuaire-conciergerie.fr\/en\/wp-json\/wp\/v2\/product\/4732\/revisions"}],"predecessor-version":[{"id":4763,"href":"https:\/\/monannuaire-conciergerie.fr\/en\/wp-json\/wp\/v2\/product\/4732\/revisions\/4763"}],"wp:attachment":[{"href":"https:\/\/monannuaire-conciergerie.fr\/en\/wp-json\/wp\/v2\/media?parent=4732"}],"wp:term":[{"taxonomy":"product_brand","embeddable":true,"href":"https:\/\/monannuaire-conciergerie.fr\/en\/wp-json\/wp\/v2\/product_brand?post=4732"},{"taxonomy":"product_cat","embeddable":true,"href":"https:\/\/monannuaire-conciergerie.fr\/en\/wp-json\/wp\/v2\/product_cat?post=4732"},{"taxonomy":"product_tag","embeddable":true,"href":"https:\/\/monannuaire-conciergerie.fr\/en\/wp-json\/wp\/v2\/product_tag?post=4732"}],"curies":[{"name":"wp","href":"https:\/\/api.w.org\/{rel}","templated":true}]}}