{"id":5035,"date":"2025-06-08T15:48:54","date_gmt":"2025-06-08T13:48:54","guid":{"rendered":"https:\/\/monannuaire-conciergerie.fr\/product\/ma-conciergerie-raffinee\/"},"modified":"2025-06-13T14:15:45","modified_gmt":"2025-06-13T12:15:45","slug":"ma-conciergerie-raffinee","status":"publish","type":"product","link":"https:\/\/monannuaire-conciergerie.fr\/en\/product\/ma-conciergerie-raffinee\/","title":{"rendered":"My Refined Concierge Service"},"content":{"rendered":"<p>Are you the owner of a short-term rental property in the eastern Loiret region or are you simply looking for a reliable service to assist you?<\/p>\n<p>Our local concierge service is here to make your life easier.<\/p>\n<p>We do everything we can to enhance your accommodation, welcome your guests with professionalism and guarantee an impeccable experience at every stage.<\/p>\n<p>Thanks to our knowledge of the area and our sense of service, we take care of your property as if it were our own.<br \/>\nLearn more<\/p>","protected":false},"excerpt":{"rendered":"<p>Vous \u00eates propri\u00e9taire d\u2019un bien en location courte dur\u00e9e dans l\u2019Est du Loiret ou simplement en qu\u00eate d\u2019un service fiable pour vous accompagner ? Notre conciergerie locale est l\u00e0 pour vous simplifier la vie. Nous mettons tout en \u0153uvre pour valoriser votre logement, accueillir vos voyageurs avec professionnalisme et garantir une exp\u00e9rience irr\u00e9prochable \u00e0 chaque \u00e9tape. Gr\u00e2ce \u00e0 notre connaissance du territoire et notre sens du service, nous prenons soin de votre bien comme s\u2019il s\u2019agissait du n\u00f4tre. En savoir plus<\/p>","protected":false},"featured_media":0,"comment_status":"open","ping_status":"closed","template":"","meta":{"inline_featured_image":false,"slim_seo":{"title":"Ma Conciergerie Raffin\u00e9e - Mon annuaire conciergerie","description":"Vous \u00eates propri\u00e9taire d\u2019un bien en location courte dur\u00e9e dans l\u2019Est du Loiret ou simplement en qu\u00eate d\u2019un service fiable pour vous accompagner ? Notre concierg"}},"product_brand":[],"product_cat":[372],"product_tag":[],"class_list":{"0":"post-5035","1":"product","2":"type-product","3":"status-publish","5":"product_cat-listeo-booking-2","7":"first","8":"instock","9":"downloadable","10":"virtual","11":"sold-individually","12":"purchasable","13":"product-type-listing_booking"},"jetpack_sharing_enabled":true,"_links":{"self":[{"href":"https:\/\/monannuaire-conciergerie.fr\/en\/wp-json\/wp\/v2\/product\/5035","targetHints":{"allow":["GET"]}}],"collection":[{"href":"https:\/\/monannuaire-conciergerie.fr\/en\/wp-json\/wp\/v2\/product"}],"about":[{"href":"https:\/\/monannuaire-conciergerie.fr\/en\/wp-json\/wp\/v2\/types\/product"}],"replies":[{"embeddable":true,"href":"https:\/\/monannuaire-conciergerie.fr\/en\/wp-json\/wp\/v2\/comments?post=5035"}],"version-history":[{"count":1,"href":"https:\/\/monannuaire-conciergerie.fr\/en\/wp-json\/wp\/v2\/product\/5035\/revisions"}],"predecessor-version":[{"id":5222,"href":"https:\/\/monannuaire-conciergerie.fr\/en\/wp-json\/wp\/v2\/product\/5035\/revisions\/5222"}],"wp:attachment":[{"href":"https:\/\/monannuaire-conciergerie.fr\/en\/wp-json\/wp\/v2\/media?parent=5035"}],"wp:term":[{"taxonomy":"product_brand","embeddable":true,"href":"https:\/\/monannuaire-conciergerie.fr\/en\/wp-json\/wp\/v2\/product_brand?post=5035"},{"taxonomy":"product_cat","embeddable":true,"href":"https:\/\/monannuaire-conciergerie.fr\/en\/wp-json\/wp\/v2\/product_cat?post=5035"},{"taxonomy":"product_tag","embeddable":true,"href":"https:\/\/monannuaire-conciergerie.fr\/en\/wp-json\/wp\/v2\/product_tag?post=5035"}],"curies":[{"name":"wp","href":"https:\/\/api.w.org\/{rel}","templated":true}]}}