{"id":5188,"date":"2025-06-10T17:50:05","date_gmt":"2025-06-10T15:50:05","guid":{"rendered":"https:\/\/monannuaire-conciergerie.fr\/product\/entre-rives-terre\/"},"modified":"2025-09-10T18:18:09","modified_gmt":"2025-09-10T16:18:09","slug":"entre-rives-terre","status":"publish","type":"product","link":"https:\/\/monannuaire-conciergerie.fr\/en\/product\/entre-rives-terre\/","title":{"rendered":"Between Shores &amp; Land"},"content":{"rendered":"<p>I am Angeline, founder of Entre Rives &amp; Terre, a local concierge service based in Saint-Lys.<br \/>\nOriginally from the region, I offer tailor-made services based on trust, discretion and responsiveness, for owners as well as their travelers.<\/p>\n<p>Today, I am your single point of contact, from the first contact to welcoming your guests. I work with the same commitment as if the property were my own, combining high standards, kindness, and responsiveness.<\/p>\n<p>At Entre Rives &amp; Terre, there is no impersonal platform or standardized services.<br \/>\nI believe in the value of human connections, in reliability built over time and in respect for places and people.<\/p>\n<p>I also manage my own tourist accommodation, which allows me to perfectly understand the expectations of both guests and owners. Each feedback enriches my approach and reinforces my high standards.<br \/>\nMy commitments: a local and responsive presence, absolute discretion, a constant demand for quality, particular attention paid to every detail, a true relationship of trust.<br \/>\n\u201cI am that person you can count on, who anticipates, who watches over, who reassures.\u201d<\/p>","protected":false},"excerpt":{"rendered":"<p>Je suis Angeline, fondatrice de Entre Rives &amp;\u00a0Terre, conciergerie locale implant\u00e9e \u00e0 Saint-Lys. Originaire de la r\u00e9gion, je propose des prestations sur mesure bas\u00e9es sur la confiance, la discr\u00e9tion et la r\u00e9activit\u00e9, pour les propri\u00e9taires comme pour leurs voyageurs. Je suis aujourd\u2019hui votre interlocutrice unique, du premier contact \u00e0 l\u2019accueil de vos voyageurs. J\u2019interviens avec la m\u00eame implication que si le bien \u00e9tait le mien, en alliant exigence, bienveillance et r\u00e9activit\u00e9. Chez Entre Rives &amp;\u00a0Terre, il n\u2019y a ni plateforme impersonnelle, ni prestations standardis\u00e9es. Je crois en la valeur des liens humains, dans la fiabilit\u00e9 construite au fil du temps et dans le respect des lieux comme des personnes. Je g\u00e8re \u00e9galement mon propre logement touristique, ce qui me permet de comprendre parfaitement les attentes des h\u00f4tes comme celles des propri\u00e9taires. Chaque retour d\u2019exp\u00e9rience enrichit ma mani\u00e8re de faire et renforce mon exigence. Mes engagements : une pr\u00e9sence locale et r\u00e9active, une discr\u00e9tion absolue, une exigence de qualit\u00e9 constante, un soin particulier apport\u00e9 \u00e0 chaque d\u00e9tail, une vraie relation de confiance. \u201cJe suis cette personne sur qui l\u2019on peut compter, qui anticipe, qui veille, qui rassure.\u201d<\/p>","protected":false},"featured_media":0,"comment_status":"open","ping_status":"closed","template":"","meta":{"inline_featured_image":false,"slim_seo":{"title":"Entre Rives &amp; Terre - Mon annuaire conciergerie","description":"Je suis Angeline, fondatrice de Entre Rives &amp;\u00a0Terre, conciergerie locale implant\u00e9e \u00e0 Saint-Lys. Originaire de la r\u00e9gion, je propose des prestations sur mesu"}},"product_brand":[],"product_cat":[372],"product_tag":[],"class_list":{"0":"post-5188","1":"product","2":"type-product","3":"status-publish","5":"product_cat-listeo-booking-2","7":"first","8":"instock","9":"downloadable","10":"virtual","11":"sold-individually","12":"purchasable","13":"product-type-listing_booking"},"jetpack_sharing_enabled":true,"_links":{"self":[{"href":"https:\/\/monannuaire-conciergerie.fr\/en\/wp-json\/wp\/v2\/product\/5188","targetHints":{"allow":["GET"]}}],"collection":[{"href":"https:\/\/monannuaire-conciergerie.fr\/en\/wp-json\/wp\/v2\/product"}],"about":[{"href":"https:\/\/monannuaire-conciergerie.fr\/en\/wp-json\/wp\/v2\/types\/product"}],"replies":[{"embeddable":true,"href":"https:\/\/monannuaire-conciergerie.fr\/en\/wp-json\/wp\/v2\/comments?post=5188"}],"version-history":[{"count":1,"href":"https:\/\/monannuaire-conciergerie.fr\/en\/wp-json\/wp\/v2\/product\/5188\/revisions"}],"predecessor-version":[{"id":5219,"href":"https:\/\/monannuaire-conciergerie.fr\/en\/wp-json\/wp\/v2\/product\/5188\/revisions\/5219"}],"wp:attachment":[{"href":"https:\/\/monannuaire-conciergerie.fr\/en\/wp-json\/wp\/v2\/media?parent=5188"}],"wp:term":[{"taxonomy":"product_brand","embeddable":true,"href":"https:\/\/monannuaire-conciergerie.fr\/en\/wp-json\/wp\/v2\/product_brand?post=5188"},{"taxonomy":"product_cat","embeddable":true,"href":"https:\/\/monannuaire-conciergerie.fr\/en\/wp-json\/wp\/v2\/product_cat?post=5188"},{"taxonomy":"product_tag","embeddable":true,"href":"https:\/\/monannuaire-conciergerie.fr\/en\/wp-json\/wp\/v2\/product_tag?post=5188"}],"curies":[{"name":"wp","href":"https:\/\/api.w.org\/{rel}","templated":true}]}}