{"id":5196,"date":"2025-06-11T12:39:02","date_gmt":"2025-06-11T10:39:02","guid":{"rendered":"https:\/\/monannuaire-conciergerie.fr\/product\/crenity-conciergerie\/"},"modified":"2025-09-11T13:21:59","modified_gmt":"2025-09-11T11:21:59","slug":"crenity-conciergerie","status":"publish","type":"product","link":"https:\/\/monannuaire-conciergerie.fr\/en\/product\/crenity-conciergerie\/","title":{"rendered":"C&#039;Renity Concierge"},"content":{"rendered":"<p>Bienvenue chez C\u2019Renity Conciergerie<\/p>\n<p>Bas\u00e9e \u00e0 Fontenay-le-Comte, C\u2019Renity Conciergerie vous accompagne avec professionnalisme, rigueur et bienveillance dans la prise en charge de vos locations saisonni\u00e8res ou dans la surveillance de votre r\u00e9sidence secondaire.<br \/>\nWhether you are an owner or a traveler, you benefit from a local, modern and personalized service.<\/p>","protected":false},"excerpt":{"rendered":"<p>Bienvenue chez C\u2019Renity Conciergerie Bas\u00e9e \u00e0 Fontenay-le-Comte, C\u2019Renity Conciergerie vous accompagne avec professionnalisme, rigueur et bienveillance dans la prise en charge de vos locations saisonni\u00e8res ou dans la surveillance de votre r\u00e9sidence secondaire. Propri\u00e9taire ou voyageur, vous b\u00e9n\u00e9ficiez d\u2019un service de proximit\u00e9, moderne et personnalis\u00e9.<\/p>","protected":false},"featured_media":0,"comment_status":"open","ping_status":"closed","template":"","meta":{"inline_featured_image":false,"slim_seo":{"title":"C'Renity Conciergerie - Mon annuaire conciergerie","description":"Bienvenue chez C'Renity Conciergerie Bas\u00e9e \u00e0 Fontenay-le-Comte, C'Renity Conciergerie vous accompagne avec professionnalisme, rigueur et bienveillance dans la p"}},"product_brand":[],"product_cat":[372],"product_tag":[],"class_list":{"0":"post-5196","1":"product","2":"type-product","3":"status-publish","5":"product_cat-listeo-booking-2","7":"first","8":"instock","9":"downloadable","10":"virtual","11":"sold-individually","12":"purchasable","13":"product-type-listing_booking"},"jetpack_sharing_enabled":true,"_links":{"self":[{"href":"https:\/\/monannuaire-conciergerie.fr\/en\/wp-json\/wp\/v2\/product\/5196","targetHints":{"allow":["GET"]}}],"collection":[{"href":"https:\/\/monannuaire-conciergerie.fr\/en\/wp-json\/wp\/v2\/product"}],"about":[{"href":"https:\/\/monannuaire-conciergerie.fr\/en\/wp-json\/wp\/v2\/types\/product"}],"replies":[{"embeddable":true,"href":"https:\/\/monannuaire-conciergerie.fr\/en\/wp-json\/wp\/v2\/comments?post=5196"}],"version-history":[{"count":1,"href":"https:\/\/monannuaire-conciergerie.fr\/en\/wp-json\/wp\/v2\/product\/5196\/revisions"}],"predecessor-version":[{"id":5220,"href":"https:\/\/monannuaire-conciergerie.fr\/en\/wp-json\/wp\/v2\/product\/5196\/revisions\/5220"}],"wp:attachment":[{"href":"https:\/\/monannuaire-conciergerie.fr\/en\/wp-json\/wp\/v2\/media?parent=5196"}],"wp:term":[{"taxonomy":"product_brand","embeddable":true,"href":"https:\/\/monannuaire-conciergerie.fr\/en\/wp-json\/wp\/v2\/product_brand?post=5196"},{"taxonomy":"product_cat","embeddable":true,"href":"https:\/\/monannuaire-conciergerie.fr\/en\/wp-json\/wp\/v2\/product_cat?post=5196"},{"taxonomy":"product_tag","embeddable":true,"href":"https:\/\/monannuaire-conciergerie.fr\/en\/wp-json\/wp\/v2\/product_tag?post=5196"}],"curies":[{"name":"wp","href":"https:\/\/api.w.org\/{rel}","templated":true}]}}