{"id":5202,"date":"2025-06-11T12:45:42","date_gmt":"2025-06-11T10:45:42","guid":{"rendered":"https:\/\/monannuaire-conciergerie.fr\/product\/royal-keys-conciergerie\/"},"modified":"2025-10-11T13:28:00","modified_gmt":"2025-10-11T11:28:00","slug":"royal-keys-conciergerie","status":"publish","type":"product","link":"https:\/\/monannuaire-conciergerie.fr\/en\/product\/royal-keys-conciergerie\/","title":{"rendered":"Royal Keys Concierge"},"content":{"rendered":"<p>Welcome to Royal Keys Concierge<br \/>\nAre you a property owner looking to optimize its management while maintaining your peace of mind? Are you a traveler looking for a seamless, comfortable, and hassle-free stay?<\/p>\n<p>You&#039;ve come to the right place. Royal Keys Concierge is more than just a concierge service. We build a bond of trust between owners and guests by offering meticulous, discreet, and personalized support.<\/p>","protected":false},"excerpt":{"rendered":"<p>Bienvenue chez Royal Keys Conciergerie Vous \u00eates propri\u00e9taire d\u2019un bien et souhaitez en optimiser la gestion tout en pr\u00e9servant votre tranquillit\u00e9 d\u2019esprit ? Vous \u00eates voyageur et recherchez une exp\u00e9rience de s\u00e9jour fluide, confortable et sans al\u00e9as ? Vous \u00eates \u00e0 la bonne adresse. Royal Keys Conciergerie est bien plus qu\u2019un simple service de conciergerie. Nous \u00e9tablissons un lien de confiance entre les propri\u00e9taires et les voyageurs, en offrant un accompagnement rigoureux, discret et sur-mesure.<\/p>","protected":false},"featured_media":0,"comment_status":"open","ping_status":"closed","template":"","meta":{"inline_featured_image":false,"slim_seo":{"title":"Royal Keys Conciergerie - Mon annuaire conciergerie","description":"Bienvenue chez Royal Keys Conciergerie Vous \u00eates propri\u00e9taire d\u2019un bien et souhaitez en optimiser la gestion tout en pr\u00e9servant votre tranquillit\u00e9 d\u2019esprit ? Vo"}},"product_brand":[],"product_cat":[372],"product_tag":[],"class_list":{"0":"post-5202","1":"product","2":"type-product","3":"status-publish","5":"product_cat-listeo-booking-2","7":"first","8":"instock","9":"downloadable","10":"virtual","11":"sold-individually","12":"purchasable","13":"product-type-listing_booking"},"jetpack_sharing_enabled":true,"_links":{"self":[{"href":"https:\/\/monannuaire-conciergerie.fr\/en\/wp-json\/wp\/v2\/product\/5202","targetHints":{"allow":["GET"]}}],"collection":[{"href":"https:\/\/monannuaire-conciergerie.fr\/en\/wp-json\/wp\/v2\/product"}],"about":[{"href":"https:\/\/monannuaire-conciergerie.fr\/en\/wp-json\/wp\/v2\/types\/product"}],"replies":[{"embeddable":true,"href":"https:\/\/monannuaire-conciergerie.fr\/en\/wp-json\/wp\/v2\/comments?post=5202"}],"version-history":[{"count":1,"href":"https:\/\/monannuaire-conciergerie.fr\/en\/wp-json\/wp\/v2\/product\/5202\/revisions"}],"predecessor-version":[{"id":5221,"href":"https:\/\/monannuaire-conciergerie.fr\/en\/wp-json\/wp\/v2\/product\/5202\/revisions\/5221"}],"wp:attachment":[{"href":"https:\/\/monannuaire-conciergerie.fr\/en\/wp-json\/wp\/v2\/media?parent=5202"}],"wp:term":[{"taxonomy":"product_brand","embeddable":true,"href":"https:\/\/monannuaire-conciergerie.fr\/en\/wp-json\/wp\/v2\/product_brand?post=5202"},{"taxonomy":"product_cat","embeddable":true,"href":"https:\/\/monannuaire-conciergerie.fr\/en\/wp-json\/wp\/v2\/product_cat?post=5202"},{"taxonomy":"product_tag","embeddable":true,"href":"https:\/\/monannuaire-conciergerie.fr\/en\/wp-json\/wp\/v2\/product_tag?post=5202"}],"curies":[{"name":"wp","href":"https:\/\/api.w.org\/{rel}","templated":true}]}}