{"id":5249,"date":"2025-06-16T10:10:49","date_gmt":"2025-06-16T08:10:49","guid":{"rendered":"https:\/\/monannuaire-conciergerie.fr\/product\/conciergerie-france-portugal\/"},"modified":"2025-07-10T15:39:19","modified_gmt":"2025-07-10T13:39:19","slug":"conciergerie-france-portugal","status":"publish","type":"product","link":"https:\/\/monannuaire-conciergerie.fr\/en\/product\/conciergerie-france-portugal\/","title":{"rendered":"France Portugal Concierge"},"content":{"rendered":"<p>You are the owner of a property in Portugal, whether you live in France or Portugal, we are here to help you despite the distance for the management of your property for the short-term rental of your accommodation, your house, you are in the right place!<\/p>\n<p>We offer tailor-made services so that you can make your assets profitable with complete peace of mind.<\/p>","protected":false},"excerpt":{"rendered":"<p>Vous \u00eates propri\u00e9taire d&#8217;un bien immobilier au Portugal , que vous vivez en France ou Portugal , nous sommes la pour vous aider malgr\u00e9 la distance pour l&#8217;intendance de votre bien \u00e0 la location courte dur\u00e9e de votre logement, votre maison , vous \u00eates au bon endroit ! Nous vous proposons des prestations sur mesures pour que vous puissiez rentabiliser vos biens en toute s\u00e9r\u00e9nit\u00e9.<\/p>","protected":false},"featured_media":0,"comment_status":"open","ping_status":"closed","template":"","meta":{"inline_featured_image":false,"slim_seo":{"title":"Conciergerie France Portugal - Mon annuaire conciergerie","description":"Vous \u00eates propri\u00e9taire d'un bien immobilier au Portugal , que vous vivez en France ou Portugal , nous sommes la pour vous aider malgr\u00e9 la distance pour l'intend"}},"product_brand":[],"product_cat":[372],"product_tag":[],"class_list":{"0":"post-5249","1":"product","2":"type-product","3":"status-publish","5":"product_cat-listeo-booking-2","7":"first","8":"instock","9":"downloadable","10":"virtual","11":"sold-individually","12":"purchasable","13":"product-type-listing_booking"},"jetpack_sharing_enabled":true,"_links":{"self":[{"href":"https:\/\/monannuaire-conciergerie.fr\/en\/wp-json\/wp\/v2\/product\/5249","targetHints":{"allow":["GET"]}}],"collection":[{"href":"https:\/\/monannuaire-conciergerie.fr\/en\/wp-json\/wp\/v2\/product"}],"about":[{"href":"https:\/\/monannuaire-conciergerie.fr\/en\/wp-json\/wp\/v2\/types\/product"}],"replies":[{"embeddable":true,"href":"https:\/\/monannuaire-conciergerie.fr\/en\/wp-json\/wp\/v2\/comments?post=5249"}],"version-history":[{"count":1,"href":"https:\/\/monannuaire-conciergerie.fr\/en\/wp-json\/wp\/v2\/product\/5249\/revisions"}],"predecessor-version":[{"id":5454,"href":"https:\/\/monannuaire-conciergerie.fr\/en\/wp-json\/wp\/v2\/product\/5249\/revisions\/5454"}],"wp:attachment":[{"href":"https:\/\/monannuaire-conciergerie.fr\/en\/wp-json\/wp\/v2\/media?parent=5249"}],"wp:term":[{"taxonomy":"product_brand","embeddable":true,"href":"https:\/\/monannuaire-conciergerie.fr\/en\/wp-json\/wp\/v2\/product_brand?post=5249"},{"taxonomy":"product_cat","embeddable":true,"href":"https:\/\/monannuaire-conciergerie.fr\/en\/wp-json\/wp\/v2\/product_cat?post=5249"},{"taxonomy":"product_tag","embeddable":true,"href":"https:\/\/monannuaire-conciergerie.fr\/en\/wp-json\/wp\/v2\/product_tag?post=5249"}],"curies":[{"name":"wp","href":"https:\/\/api.w.org\/{rel}","templated":true}]}}