{"id":5268,"date":"2025-06-17T14:37:07","date_gmt":"2025-06-17T12:37:07","guid":{"rendered":"https:\/\/monannuaire-conciergerie.fr\/product\/leloge-du-musard-2\/"},"modified":"2025-07-09T13:21:00","modified_gmt":"2025-07-09T11:21:00","slug":"leloge-du-musard-2","status":"publish","type":"product","link":"https:\/\/monannuaire-conciergerie.fr\/en\/product\/leloge-du-musard-2\/","title":{"rendered":"In Praise of Musard"},"content":{"rendered":"<p>Do you own a property in the Grand Est region? What if you could offer your guests an exceptional experience, while gaining peace of mind and increasing profitability?<br \/>\nL&#039;\u00e9loge du Musard accompanies you with a high-end concierge service, designed to reveal the full potential of your accommodation.<br \/>\nWe orchestrate each step: announcements, reservations, reception, maintenance, promotion... for seamless stays and delighted travelers.<\/p>\n<p>Result: an impeccable property, optimized income, and more freedom for you<\/p>","protected":false},"excerpt":{"rendered":"<p>Propri\u00e9taire d\u2019un bien dans le Grand Est ? Et si vous pouviez proposer une exp\u00e9rience exceptionnelle \u00e0 vos voyageurs, tout en gagnant en tranquillit\u00e9 et en rentabilit\u00e9 ? L\u2019\u00e9loge du Musard vous accompagne avec une conciergerie haut de gamme, pens\u00e9e pour r\u00e9v\u00e9ler tout le potentiel de votre logement. Nous orchestrons chaque \u00e9tape : annonces, r\u00e9servations, accueil, entretien, valorisation\u2026 pour des s\u00e9jours sans accroc, et des voyageurs conquis. R\u00e9sultat : un bien impeccable, des revenus optimis\u00e9s, et plus de libert\u00e9 pour vous<\/p>","protected":false},"featured_media":0,"comment_status":"open","ping_status":"closed","template":"","meta":{"inline_featured_image":false,"slim_seo":{"title":"L'\u00e9loge du Musard - Mon annuaire conciergerie","description":"Propri\u00e9taire d\u2019un bien dans le Grand Est ? Et si vous pouviez proposer une exp\u00e9rience exceptionnelle \u00e0 vos voyageurs, tout en gagnant en tranquillit\u00e9 et en rent"}},"product_brand":[],"product_cat":[372],"product_tag":[],"class_list":{"0":"post-5268","1":"product","2":"type-product","3":"status-publish","5":"product_cat-listeo-booking-2","7":"first","8":"instock","9":"downloadable","10":"virtual","11":"sold-individually","12":"purchasable","13":"product-type-listing_booking"},"jetpack_sharing_enabled":true,"_links":{"self":[{"href":"https:\/\/monannuaire-conciergerie.fr\/en\/wp-json\/wp\/v2\/product\/5268","targetHints":{"allow":["GET"]}}],"collection":[{"href":"https:\/\/monannuaire-conciergerie.fr\/en\/wp-json\/wp\/v2\/product"}],"about":[{"href":"https:\/\/monannuaire-conciergerie.fr\/en\/wp-json\/wp\/v2\/types\/product"}],"replies":[{"embeddable":true,"href":"https:\/\/monannuaire-conciergerie.fr\/en\/wp-json\/wp\/v2\/comments?post=5268"}],"version-history":[{"count":1,"href":"https:\/\/monannuaire-conciergerie.fr\/en\/wp-json\/wp\/v2\/product\/5268\/revisions"}],"predecessor-version":[{"id":5438,"href":"https:\/\/monannuaire-conciergerie.fr\/en\/wp-json\/wp\/v2\/product\/5268\/revisions\/5438"}],"wp:attachment":[{"href":"https:\/\/monannuaire-conciergerie.fr\/en\/wp-json\/wp\/v2\/media?parent=5268"}],"wp:term":[{"taxonomy":"product_brand","embeddable":true,"href":"https:\/\/monannuaire-conciergerie.fr\/en\/wp-json\/wp\/v2\/product_brand?post=5268"},{"taxonomy":"product_cat","embeddable":true,"href":"https:\/\/monannuaire-conciergerie.fr\/en\/wp-json\/wp\/v2\/product_cat?post=5268"},{"taxonomy":"product_tag","embeddable":true,"href":"https:\/\/monannuaire-conciergerie.fr\/en\/wp-json\/wp\/v2\/product_tag?post=5268"}],"curies":[{"name":"wp","href":"https:\/\/api.w.org\/{rel}","templated":true}]}}