{"id":5278,"date":"2025-06-17T21:50:48","date_gmt":"2025-06-17T19:50:48","guid":{"rendered":"https:\/\/monannuaire-conciergerie.fr\/product\/wissalhome-2\/"},"modified":"2025-06-17T21:50:48","modified_gmt":"2025-06-17T19:50:48","slug":"wissalhome-2","status":"publish","type":"product","link":"https:\/\/monannuaire-conciergerie.fr\/en\/product\/wissalhome-2\/","title":{"rendered":"Wissalhome"},"content":{"rendered":"<p>\ud83c\udfe0 Wissal Home \u2013 Tailor-made concierge service in Marseille<br \/>\nDo you own a short-term rental property?<br \/>\nWissal Home supports you with a flexible, no-obligation, \u00e0 la carte offer: welcoming guests, cleaning, restocking, 7\/7 assistance, Airbnb listing optimization, etc.<br \/>\n\ud83d\udcbc Professional service, \ud83d\udcc9 preferential launch rates, \ud83e\udd1d total flexibility.<br \/>\nEntrust your property to us with complete peace of mind.<\/p>\n<p>\ud83d\udcde Contact: 0758694241 \u2013 contact@wissalhome.fr \u2013 \ud83c\udf10 www.wissalhome.fr<\/p>","protected":false},"excerpt":{"rendered":"<p>\ud83c\udfe0 Wissal Home \u2013 Conciergerie sur mesure \u00e0 Marseille Vous \u00eates propri\u00e9taire d\u2019un logement en location courte dur\u00e9e ? Wissal Home vous accompagne avec une offre souple, sans engagement et \u00e0 la carte : accueil des voyageurs, m\u00e9nage, r\u00e9assort, assistance 7j\/7, optimisation d\u2019annonce Airbnb\u2026 \ud83d\udcbc Service pro, \ud83d\udcc9 tarifs pr\u00e9f\u00e9rentiels de lancement, \ud83e\udd1d flexibilit\u00e9 totale. Confiez votre bien en toute s\u00e9r\u00e9nit\u00e9. \ud83d\udcde Contact : 0758694241 &#8211; contact@wissalhome.fr \u2013 \ud83c\udf10 www.wissalhome.fr<\/p>","protected":false},"featured_media":0,"comment_status":"open","ping_status":"closed","template":"","meta":{"inline_featured_image":false,"slim_seo":{"title":"Wissalhome - Mon annuaire conciergerie","description":"\ud83c\udfe0 Wissal Home \u2013 Conciergerie sur mesure \u00e0 Marseille Vous \u00eates propri\u00e9taire d\u2019un logement en location courte dur\u00e9e ? Wissal Home vous accompagne avec une offre s"}},"product_brand":[],"product_cat":[372],"product_tag":[],"class_list":{"0":"post-5278","1":"product","2":"type-product","3":"status-publish","5":"product_cat-listeo-booking-2","7":"first","8":"instock","9":"downloadable","10":"virtual","11":"sold-individually","12":"purchasable","13":"product-type-listing_booking"},"jetpack_sharing_enabled":true,"_links":{"self":[{"href":"https:\/\/monannuaire-conciergerie.fr\/en\/wp-json\/wp\/v2\/product\/5278","targetHints":{"allow":["GET"]}}],"collection":[{"href":"https:\/\/monannuaire-conciergerie.fr\/en\/wp-json\/wp\/v2\/product"}],"about":[{"href":"https:\/\/monannuaire-conciergerie.fr\/en\/wp-json\/wp\/v2\/types\/product"}],"replies":[{"embeddable":true,"href":"https:\/\/monannuaire-conciergerie.fr\/en\/wp-json\/wp\/v2\/comments?post=5278"}],"version-history":[{"count":0,"href":"https:\/\/monannuaire-conciergerie.fr\/en\/wp-json\/wp\/v2\/product\/5278\/revisions"}],"wp:attachment":[{"href":"https:\/\/monannuaire-conciergerie.fr\/en\/wp-json\/wp\/v2\/media?parent=5278"}],"wp:term":[{"taxonomy":"product_brand","embeddable":true,"href":"https:\/\/monannuaire-conciergerie.fr\/en\/wp-json\/wp\/v2\/product_brand?post=5278"},{"taxonomy":"product_cat","embeddable":true,"href":"https:\/\/monannuaire-conciergerie.fr\/en\/wp-json\/wp\/v2\/product_cat?post=5278"},{"taxonomy":"product_tag","embeddable":true,"href":"https:\/\/monannuaire-conciergerie.fr\/en\/wp-json\/wp\/v2\/product_tag?post=5278"}],"curies":[{"name":"wp","href":"https:\/\/api.w.org\/{rel}","templated":true}]}}