{"id":5284,"date":"2025-06-18T15:42:56","date_gmt":"2025-06-18T13:42:56","guid":{"rendered":"https:\/\/monannuaire-conciergerie.fr\/product\/lemie-conciergerie\/"},"modified":"2025-07-18T19:54:07","modified_gmt":"2025-07-18T17:54:07","slug":"lemie-conciergerie","status":"publish","type":"product","link":"https:\/\/monannuaire-conciergerie.fr\/en\/product\/lemie-conciergerie\/","title":{"rendered":"Lemie Concierge"},"content":{"rendered":"<p>Specializing in high-end short-term rentals in the Pyr\u00e9n\u00e9es-Orientales, we leverage our own field experience to help owners achieve greater freedom and profitability.<br \/>\nWe provide you with a complete, human solution designed to achieve 100% passenger satisfaction.<\/p>","protected":false},"excerpt":{"rendered":"<p>Sp\u00e9cialis\u00e9s dans la location courte dur\u00e9e haut de gamme dans les Pyr\u00e9n\u00e9es-Orientales, nous mettons \u00e0 profit notre propre exp\u00e9rience de terrain pour accompagner les propri\u00e9taires vers plus de libert\u00e9 et de rentabilit\u00e9. Nous vous apportons une solution compl\u00e8te, humaine, et pens\u00e9e pour faire atteindre 100 % de satisfaction voyageurs.<\/p>","protected":false},"featured_media":0,"comment_status":"open","ping_status":"closed","template":"","meta":{"inline_featured_image":false,"slim_seo":{"title":"Lemie Conciergerie - Mon annuaire conciergerie","description":"Sp\u00e9cialis\u00e9s dans la location courte dur\u00e9e haut de gamme dans les Pyr\u00e9n\u00e9es-Orientales, nous mettons \u00e0 profit notre propre exp\u00e9rience de terrain pour accompagner"}},"product_brand":[],"product_cat":[372],"product_tag":[],"class_list":{"0":"post-5284","1":"product","2":"type-product","3":"status-publish","5":"product_cat-listeo-booking-2","7":"first","8":"instock","9":"downloadable","10":"virtual","11":"sold-individually","12":"purchasable","13":"product-type-listing_booking"},"jetpack_sharing_enabled":true,"_links":{"self":[{"href":"https:\/\/monannuaire-conciergerie.fr\/en\/wp-json\/wp\/v2\/product\/5284","targetHints":{"allow":["GET"]}}],"collection":[{"href":"https:\/\/monannuaire-conciergerie.fr\/en\/wp-json\/wp\/v2\/product"}],"about":[{"href":"https:\/\/monannuaire-conciergerie.fr\/en\/wp-json\/wp\/v2\/types\/product"}],"replies":[{"embeddable":true,"href":"https:\/\/monannuaire-conciergerie.fr\/en\/wp-json\/wp\/v2\/comments?post=5284"}],"version-history":[{"count":2,"href":"https:\/\/monannuaire-conciergerie.fr\/en\/wp-json\/wp\/v2\/product\/5284\/revisions"}],"predecessor-version":[{"id":5525,"href":"https:\/\/monannuaire-conciergerie.fr\/en\/wp-json\/wp\/v2\/product\/5284\/revisions\/5525"}],"wp:attachment":[{"href":"https:\/\/monannuaire-conciergerie.fr\/en\/wp-json\/wp\/v2\/media?parent=5284"}],"wp:term":[{"taxonomy":"product_brand","embeddable":true,"href":"https:\/\/monannuaire-conciergerie.fr\/en\/wp-json\/wp\/v2\/product_brand?post=5284"},{"taxonomy":"product_cat","embeddable":true,"href":"https:\/\/monannuaire-conciergerie.fr\/en\/wp-json\/wp\/v2\/product_cat?post=5284"},{"taxonomy":"product_tag","embeddable":true,"href":"https:\/\/monannuaire-conciergerie.fr\/en\/wp-json\/wp\/v2\/product_tag?post=5284"}],"curies":[{"name":"wp","href":"https:\/\/api.w.org\/{rel}","templated":true}]}}