{"id":5302,"date":"2025-06-19T15:50:20","date_gmt":"2025-06-19T13:50:20","guid":{"rendered":"https:\/\/monannuaire-conciergerie.fr\/product\/prestige-home-care-2\/"},"modified":"2025-07-09T13:21:42","modified_gmt":"2025-07-09T11:21:42","slug":"prestige-home-care-2","status":"publish","type":"product","link":"https:\/\/monannuaire-conciergerie.fr\/en\/product\/prestige-home-care-2\/","title":{"rendered":"Prestige Home Care"},"content":{"rendered":"<p>Prestige Home Care was born from a simple conviction: to offer a high-end, personalized and humane management service for owners of seasonal rentals around Marne-la-Vall\u00e9e.<\/p>\n<p>Every property is unique, and every stay should be too. My team and I believe that well-maintained accommodations and attentive hospitality make all the difference in ensuring successful stays and stress-free owners.<\/p>\n<p>Enhance the value of your property and maximize its rental potential.<br \/>\nProvide your travelers with a seamless, comfortable and memorable experience.<br \/>\nFree yourself from logistical constraints, with rigor and discretion.<\/p>","protected":false},"excerpt":{"rendered":"<p>Prestige Home Care est n\u00e9e d\u2019une conviction simple : offrir un service d\u2019intendance haut de gamme, personnalis\u00e9 et humain, pour les propri\u00e9taires de locations saisonni\u00e8res autour de Marne-la-Vall\u00e9e. Chaque bien est unique, chaque s\u00e9jour doit l\u2019\u00eatre aussi. Mon \u00e9quipe et moi croyons qu\u2019un logement bien entretenu et un accueil soign\u00e9 font toute la diff\u00e9rence pour garantir des s\u00e9jours r\u00e9ussis et des propri\u00e9taires sereins. Valoriser votre bien immobilier et en maximiser le potentiel locatif. Offrir \u00e0 vos voyageurs une exp\u00e9rience fluide, confortable et m\u00e9morable. Vous lib\u00e9rer des contraintes logistiques, avec rigueur et discr\u00e9tion.<\/p>","protected":false},"featured_media":0,"comment_status":"open","ping_status":"closed","template":"","meta":{"inline_featured_image":false,"slim_seo":{"title":"Prestige Home Care - Mon annuaire conciergerie","description":"Prestige Home Care est n\u00e9e d\u2019une conviction simple : offrir un service d\u2019intendance haut de gamme, personnalis\u00e9 et humain, pour les propri\u00e9taires de locations s"}},"product_brand":[],"product_cat":[372],"product_tag":[],"class_list":{"0":"post-5302","1":"product","2":"type-product","3":"status-publish","5":"product_cat-listeo-booking-2","7":"first","8":"instock","9":"downloadable","10":"virtual","11":"sold-individually","12":"purchasable","13":"product-type-listing_booking"},"jetpack_sharing_enabled":true,"_links":{"self":[{"href":"https:\/\/monannuaire-conciergerie.fr\/en\/wp-json\/wp\/v2\/product\/5302","targetHints":{"allow":["GET"]}}],"collection":[{"href":"https:\/\/monannuaire-conciergerie.fr\/en\/wp-json\/wp\/v2\/product"}],"about":[{"href":"https:\/\/monannuaire-conciergerie.fr\/en\/wp-json\/wp\/v2\/types\/product"}],"replies":[{"embeddable":true,"href":"https:\/\/monannuaire-conciergerie.fr\/en\/wp-json\/wp\/v2\/comments?post=5302"}],"version-history":[{"count":1,"href":"https:\/\/monannuaire-conciergerie.fr\/en\/wp-json\/wp\/v2\/product\/5302\/revisions"}],"predecessor-version":[{"id":5440,"href":"https:\/\/monannuaire-conciergerie.fr\/en\/wp-json\/wp\/v2\/product\/5302\/revisions\/5440"}],"wp:attachment":[{"href":"https:\/\/monannuaire-conciergerie.fr\/en\/wp-json\/wp\/v2\/media?parent=5302"}],"wp:term":[{"taxonomy":"product_brand","embeddable":true,"href":"https:\/\/monannuaire-conciergerie.fr\/en\/wp-json\/wp\/v2\/product_brand?post=5302"},{"taxonomy":"product_cat","embeddable":true,"href":"https:\/\/monannuaire-conciergerie.fr\/en\/wp-json\/wp\/v2\/product_cat?post=5302"},{"taxonomy":"product_tag","embeddable":true,"href":"https:\/\/monannuaire-conciergerie.fr\/en\/wp-json\/wp\/v2\/product_tag?post=5302"}],"curies":[{"name":"wp","href":"https:\/\/api.w.org\/{rel}","templated":true}]}}