{"id":5319,"date":"2025-06-20T15:18:25","date_gmt":"2025-06-20T13:18:25","guid":{"rendered":"https:\/\/monannuaire-conciergerie.fr\/product\/neolys-conciergerie\/"},"modified":"2025-07-10T15:41:43","modified_gmt":"2025-07-10T13:41:43","slug":"neolys-conciergerie","status":"publish","type":"product","link":"https:\/\/monannuaire-conciergerie.fr\/en\/product\/neolys-conciergerie\/","title":{"rendered":"Neolys Concierge Service"},"content":{"rendered":"<p>Neolys Concierge offers premium service for your short-term rentals, combining excellence, transparency, and peace of mind. Whether you&#039;re a homeowner or a traveler, our mission is to ensure a unique experience, tailored to the uniqueness of each property.<\/p>","protected":false},"excerpt":{"rendered":"<p>Neolys Concierge offers premium service for your short-term rentals, combining excellence, transparency, and peace of mind. Whether you&#039;re a homeowner or a traveler, our mission is to ensure a unique experience, tailored to the uniqueness of each property.<\/p>","protected":false},"featured_media":0,"comment_status":"open","ping_status":"closed","template":"","meta":{"inline_featured_image":false,"slim_seo":{"title":"N\u00e9olys Conciergerie - Mon annuaire conciergerie","description":"La conciergerie n\u00e9olys conciergerie vous offre un service premium pour vos locations courte dur\u00e9e, alliant excellence, transparence et s\u00e9r\u00e9nit\u00e9. Que vous soyez"}},"product_brand":[],"product_cat":[372],"product_tag":[],"class_list":{"0":"post-5319","1":"product","2":"type-product","3":"status-publish","5":"product_cat-listeo-booking-2","7":"first","8":"instock","9":"downloadable","10":"virtual","11":"sold-individually","12":"purchasable","13":"product-type-listing_booking"},"jetpack_sharing_enabled":true,"_links":{"self":[{"href":"https:\/\/monannuaire-conciergerie.fr\/en\/wp-json\/wp\/v2\/product\/5319","targetHints":{"allow":["GET"]}}],"collection":[{"href":"https:\/\/monannuaire-conciergerie.fr\/en\/wp-json\/wp\/v2\/product"}],"about":[{"href":"https:\/\/monannuaire-conciergerie.fr\/en\/wp-json\/wp\/v2\/types\/product"}],"replies":[{"embeddable":true,"href":"https:\/\/monannuaire-conciergerie.fr\/en\/wp-json\/wp\/v2\/comments?post=5319"}],"version-history":[{"count":1,"href":"https:\/\/monannuaire-conciergerie.fr\/en\/wp-json\/wp\/v2\/product\/5319\/revisions"}],"predecessor-version":[{"id":5433,"href":"https:\/\/monannuaire-conciergerie.fr\/en\/wp-json\/wp\/v2\/product\/5319\/revisions\/5433"}],"wp:attachment":[{"href":"https:\/\/monannuaire-conciergerie.fr\/en\/wp-json\/wp\/v2\/media?parent=5319"}],"wp:term":[{"taxonomy":"product_brand","embeddable":true,"href":"https:\/\/monannuaire-conciergerie.fr\/en\/wp-json\/wp\/v2\/product_brand?post=5319"},{"taxonomy":"product_cat","embeddable":true,"href":"https:\/\/monannuaire-conciergerie.fr\/en\/wp-json\/wp\/v2\/product_cat?post=5319"},{"taxonomy":"product_tag","embeddable":true,"href":"https:\/\/monannuaire-conciergerie.fr\/en\/wp-json\/wp\/v2\/product_tag?post=5319"}],"curies":[{"name":"wp","href":"https:\/\/api.w.org\/{rel}","templated":true}]}}