{"id":5370,"date":"2025-07-02T13:39:03","date_gmt":"2025-07-02T11:39:03","guid":{"rendered":"https:\/\/monannuaire-conciergerie.fr\/product\/conciergerie-du-ried\/"},"modified":"2025-07-09T13:22:38","modified_gmt":"2025-07-09T11:22:38","slug":"conciergerie-du-ried","status":"publish","type":"product","link":"https:\/\/monannuaire-conciergerie.fr\/en\/product\/conciergerie-du-ried\/","title":{"rendered":"Ried Concierge"},"content":{"rendered":"<p>Are you looking for a turnkey service for your seasonal rentals?<\/p>\n<p>Conciergerie du Ried is your trusted partner, ready to offer you tailor-made support, from A to Z.<\/p>\n<p>Whether you&#039;re a property owner or just passing through the Ried region, we take care of everything to make your life easier. From preparing your property to welcoming your guests, including maintenance and organizing reservations, every detail is taken care of with care and professionalism.<\/p>\n<p>Our mission is to maximize your revenue while ensuring a smooth and hassle-free experience, so you can fully enjoy your time.<\/p>\n<p>While offering your travelers an unforgettable experience.<\/p>\n<p>Trust Conciergerie du Ried for quality service, tailored to your needs.<\/p>","protected":false},"excerpt":{"rendered":"<p>Vous recherchez un service cl\u00e9 en main pour vos locations saisonni\u00e8res ? Conciergerie\u00a0du\u00a0Ried\u00a0est votre partenaire de confiance, pr\u00eat \u00e0 vous offrir un accompagnement sur mesure, de A \u00e0 Z. Que vous soyez propri\u00e9taire ou de passage dans la r\u00e9gion du\u00a0Ried, nous nous occupons de tout pour vous simplifier la vie. De la pr\u00e9paration de votre bien \u00e0 l\u2019accueil de vos voyageurs , en passant par l\u2019entretien et l\u2019organisation des r\u00e9servations, chaque d\u00e9tail est pris en charge avec soin et professionnalisme. Notre mission est de maximiser vos revenus tout en garantissant une exp\u00e9rience sereine et sans tracas, pour que vous puissiez profiter pleinement de votre temps. Tout en offrant \u00e0 vos voyageurs une exp\u00e9rience inoubliable. Faites confiance \u00e0\u00a0Conciergerie\u00a0du\u00a0Ried\u00a0pour un service de qualit\u00e9, adapt\u00e9 \u00e0 vos besoins.<\/p>","protected":false},"featured_media":0,"comment_status":"open","ping_status":"closed","template":"","meta":{"inline_featured_image":false,"slim_seo":{"title":"Conciergerie du Ried - Mon annuaire conciergerie","description":"Vous recherchez un service cl\u00e9 en main pour vos locations saisonni\u00e8res ? Conciergerie\u00a0du\u00a0Ried\u00a0est votre partenaire de confiance, pr\u00eat \u00e0 vous offrir un accompagn"}},"product_brand":[],"product_cat":[372],"product_tag":[],"class_list":{"0":"post-5370","1":"product","2":"type-product","3":"status-publish","5":"product_cat-listeo-booking-2","7":"first","8":"instock","9":"downloadable","10":"virtual","11":"sold-individually","12":"purchasable","13":"product-type-listing_booking"},"jetpack_sharing_enabled":true,"_links":{"self":[{"href":"https:\/\/monannuaire-conciergerie.fr\/en\/wp-json\/wp\/v2\/product\/5370","targetHints":{"allow":["GET"]}}],"collection":[{"href":"https:\/\/monannuaire-conciergerie.fr\/en\/wp-json\/wp\/v2\/product"}],"about":[{"href":"https:\/\/monannuaire-conciergerie.fr\/en\/wp-json\/wp\/v2\/types\/product"}],"replies":[{"embeddable":true,"href":"https:\/\/monannuaire-conciergerie.fr\/en\/wp-json\/wp\/v2\/comments?post=5370"}],"version-history":[{"count":1,"href":"https:\/\/monannuaire-conciergerie.fr\/en\/wp-json\/wp\/v2\/product\/5370\/revisions"}],"predecessor-version":[{"id":5373,"href":"https:\/\/monannuaire-conciergerie.fr\/en\/wp-json\/wp\/v2\/product\/5370\/revisions\/5373"}],"wp:attachment":[{"href":"https:\/\/monannuaire-conciergerie.fr\/en\/wp-json\/wp\/v2\/media?parent=5370"}],"wp:term":[{"taxonomy":"product_brand","embeddable":true,"href":"https:\/\/monannuaire-conciergerie.fr\/en\/wp-json\/wp\/v2\/product_brand?post=5370"},{"taxonomy":"product_cat","embeddable":true,"href":"https:\/\/monannuaire-conciergerie.fr\/en\/wp-json\/wp\/v2\/product_cat?post=5370"},{"taxonomy":"product_tag","embeddable":true,"href":"https:\/\/monannuaire-conciergerie.fr\/en\/wp-json\/wp\/v2\/product_tag?post=5370"}],"curies":[{"name":"wp","href":"https:\/\/api.w.org\/{rel}","templated":true}]}}