{"id":5377,"date":"2025-07-02T16:28:55","date_gmt":"2025-07-02T14:28:55","guid":{"rendered":"https:\/\/monannuaire-conciergerie.fr\/product\/au-fil-des-cles-conciergerie\/"},"modified":"2025-07-09T13:22:48","modified_gmt":"2025-07-09T11:22:48","slug":"au-fil-des-cles-conciergerie","status":"publish","type":"product","link":"https:\/\/monannuaire-conciergerie.fr\/en\/product\/au-fil-des-cles-conciergerie\/","title":{"rendered":"Over the keys Concierge"},"content":{"rendered":"<p><strong>A trusted professional concierge service<\/strong><\/p>\n<p>Au fil des cl\u00e9s is an independent concierge service based in Pays de Gex (01), near Geneva. We assist owners in enhancing the value of their short- and medium-term rental properties, while offering travelers a seamless, comfortable, and welcoming experience.<\/p>\n<p>Our strength: a requirement from the hotel world, combined with human and regional proximity.<\/p>","protected":false},"excerpt":{"rendered":"<p>Une conciergerie professionnelle de confiance Au fil des cl\u00e9s est une conciergerie ind\u00e9pendante bas\u00e9e dans le Pays de Gex (01), proche de Gen\u00e8ve. Nous accompagnons les propri\u00e9taires dans la valorisation de leurs logements en location courte et moyenne dur\u00e9e, tout en offrant aux voyageurs une exp\u00e9rience fluide, confortable et chaleureuse. Notre force : une exigence issue du monde h\u00f4telier, combin\u00e9e \u00e0 une proximit\u00e9 humaine et r\u00e9gionale.<\/p>","protected":false},"featured_media":0,"comment_status":"open","ping_status":"closed","template":"","meta":{"inline_featured_image":false,"slim_seo":{"title":"Au fil des cl\u00e9s Conciergerie - Mon annuaire conciergerie","description":"Une conciergerie professionnelle de confiance Au fil des cl\u00e9s est une conciergerie ind\u00e9pendante bas\u00e9e dans le Pays de Gex (01), proche de Gen\u00e8ve. Nous accompagn"}},"product_brand":[],"product_cat":[372],"product_tag":[],"class_list":{"0":"post-5377","1":"product","2":"type-product","3":"status-publish","5":"product_cat-listeo-booking-2","7":"first","8":"instock","9":"downloadable","10":"virtual","11":"sold-individually","12":"purchasable","13":"product-type-listing_booking"},"jetpack_sharing_enabled":true,"_links":{"self":[{"href":"https:\/\/monannuaire-conciergerie.fr\/en\/wp-json\/wp\/v2\/product\/5377","targetHints":{"allow":["GET"]}}],"collection":[{"href":"https:\/\/monannuaire-conciergerie.fr\/en\/wp-json\/wp\/v2\/product"}],"about":[{"href":"https:\/\/monannuaire-conciergerie.fr\/en\/wp-json\/wp\/v2\/types\/product"}],"replies":[{"embeddable":true,"href":"https:\/\/monannuaire-conciergerie.fr\/en\/wp-json\/wp\/v2\/comments?post=5377"}],"version-history":[{"count":1,"href":"https:\/\/monannuaire-conciergerie.fr\/en\/wp-json\/wp\/v2\/product\/5377\/revisions"}],"predecessor-version":[{"id":5385,"href":"https:\/\/monannuaire-conciergerie.fr\/en\/wp-json\/wp\/v2\/product\/5377\/revisions\/5385"}],"wp:attachment":[{"href":"https:\/\/monannuaire-conciergerie.fr\/en\/wp-json\/wp\/v2\/media?parent=5377"}],"wp:term":[{"taxonomy":"product_brand","embeddable":true,"href":"https:\/\/monannuaire-conciergerie.fr\/en\/wp-json\/wp\/v2\/product_brand?post=5377"},{"taxonomy":"product_cat","embeddable":true,"href":"https:\/\/monannuaire-conciergerie.fr\/en\/wp-json\/wp\/v2\/product_cat?post=5377"},{"taxonomy":"product_tag","embeddable":true,"href":"https:\/\/monannuaire-conciergerie.fr\/en\/wp-json\/wp\/v2\/product_tag?post=5377"}],"curies":[{"name":"wp","href":"https:\/\/api.w.org\/{rel}","templated":true}]}}