{"id":5445,"date":"2025-07-10T10:32:35","date_gmt":"2025-07-10T08:32:35","guid":{"rendered":"https:\/\/monannuaire-conciergerie.fr\/product\/hostalia-conciergerie\/"},"modified":"2025-07-10T15:42:13","modified_gmt":"2025-07-10T13:42:13","slug":"hostalia-conciergerie","status":"publish","type":"product","link":"https:\/\/monannuaire-conciergerie.fr\/en\/product\/hostalia-conciergerie\/","title":{"rendered":"Hostalia Conciergerie"},"content":{"rendered":"<p>Welcome to Hostalia Conciergerie<br \/>\nOur mission: to offer you peaceful, personalized and local management, so that you can fully enjoy your income... and your peace of mind.<\/p>\n<p>Do you own a property in Bordeaux, but don&#039;t have the time to get the most out of it?<br \/>\nHostalia Conciergerie offers a complete and tailored solution for your short-term rental. From posting your listing to the maintenance between stays, everything is taken care of.<\/p>","protected":false},"excerpt":{"rendered":"<p>Bienvenue chez Hostalia Conciergerie Notre mission : vous offrir une intendance sereine, personnalis\u00e9e et de proximit\u00e9, pour que vous profitiez pleinement de vos revenus\u2026 et de votre tranquillit\u00e9. Vous poss\u00e9dez un bien \u00e0 Bordeaux, mais manquez de temps pour en tirer le meilleur ? Hostalia Conciergerie vous propose une solution compl\u00e8te et sur mesure pour votre location courte dur\u00e9e. De la mise en ligne de votre annonce jusqu\u2019\u00e0 l\u2019entretien entre deux s\u00e9jours, tout est pris en charge.<\/p>","protected":false},"featured_media":0,"comment_status":"open","ping_status":"closed","template":"","meta":{"inline_featured_image":false,"slim_seo":{"title":"Hostalia Conciergerie - Mon annuaire conciergerie","description":"Bienvenue chez Hostalia Conciergerie Notre mission : vous offrir une intendance sereine, personnalis\u00e9e et de proximit\u00e9, pour que vous profitiez pleinement de vo"}},"product_brand":[],"product_cat":[372],"product_tag":[],"class_list":{"0":"post-5445","1":"product","2":"type-product","3":"status-publish","5":"product_cat-listeo-booking-2","7":"first","8":"instock","9":"downloadable","10":"virtual","11":"sold-individually","12":"purchasable","13":"product-type-listing_booking"},"jetpack_sharing_enabled":true,"_links":{"self":[{"href":"https:\/\/monannuaire-conciergerie.fr\/en\/wp-json\/wp\/v2\/product\/5445","targetHints":{"allow":["GET"]}}],"collection":[{"href":"https:\/\/monannuaire-conciergerie.fr\/en\/wp-json\/wp\/v2\/product"}],"about":[{"href":"https:\/\/monannuaire-conciergerie.fr\/en\/wp-json\/wp\/v2\/types\/product"}],"replies":[{"embeddable":true,"href":"https:\/\/monannuaire-conciergerie.fr\/en\/wp-json\/wp\/v2\/comments?post=5445"}],"version-history":[{"count":1,"href":"https:\/\/monannuaire-conciergerie.fr\/en\/wp-json\/wp\/v2\/product\/5445\/revisions"}],"predecessor-version":[{"id":5455,"href":"https:\/\/monannuaire-conciergerie.fr\/en\/wp-json\/wp\/v2\/product\/5445\/revisions\/5455"}],"wp:attachment":[{"href":"https:\/\/monannuaire-conciergerie.fr\/en\/wp-json\/wp\/v2\/media?parent=5445"}],"wp:term":[{"taxonomy":"product_brand","embeddable":true,"href":"https:\/\/monannuaire-conciergerie.fr\/en\/wp-json\/wp\/v2\/product_brand?post=5445"},{"taxonomy":"product_cat","embeddable":true,"href":"https:\/\/monannuaire-conciergerie.fr\/en\/wp-json\/wp\/v2\/product_cat?post=5445"},{"taxonomy":"product_tag","embeddable":true,"href":"https:\/\/monannuaire-conciergerie.fr\/en\/wp-json\/wp\/v2\/product_tag?post=5445"}],"curies":[{"name":"wp","href":"https:\/\/api.w.org\/{rel}","templated":true}]}}