{"id":5461,"date":"2025-07-11T14:17:02","date_gmt":"2025-07-11T12:17:02","guid":{"rendered":"https:\/\/monannuaire-conciergerie.fr\/product\/conciergerie-lakaz\/"},"modified":"2025-08-11T20:17:45","modified_gmt":"2025-08-11T18:17:45","slug":"conciergerie-lakaz","status":"publish","type":"product","link":"https:\/\/monannuaire-conciergerie.fr\/en\/product\/conciergerie-lakaz\/","title":{"rendered":"LAKAZ Concierge Service"},"content":{"rendered":"<p>Conciergerie LAKAZ is a property management company located in Reunion Island, specializing in the management of properties for seasonal or overnight rentals, as well as the management of sublet properties.<\/p>\n<p>We offer a turnkey service that includes rental management, property maintenance and home preparation, all for a competitive flat rate of 25 % of the rental rate.<\/p>","protected":false},"excerpt":{"rendered":"<p>Conciergerie LAKAZ\u00a0est une entreprise de d&#8217;intendance immobili\u00e8re situ\u00e9e \u00e0\u00a0La R\u00e9union, sp\u00e9cialis\u00e9e dans l&#8217;intendance de biens en location saisonni\u00e8re ou \u00e0 la nuit\u00e9e, ainsi que la gestion de biens en sous-location. Nous offrons un service cl\u00e9 en main qui inclut l&#8217;intendance locative, l&#8217;entretien des biens et la pr\u00e9paration des logements, le tout pour un forfait comp\u00e9titif de 25 % du tarif locatif.<\/p>","protected":false},"featured_media":0,"comment_status":"open","ping_status":"closed","template":"","meta":{"inline_featured_image":false,"slim_seo":{"title":"Conciergerie LAKAZ - Mon annuaire conciergerie","description":"Conciergerie LAKAZ\u00a0est une entreprise de d'intendance immobili\u00e8re situ\u00e9e \u00e0\u00a0La R\u00e9union, sp\u00e9cialis\u00e9e dans l'intendance de biens en location saisonni\u00e8re ou \u00e0 la nu"}},"product_brand":[],"product_cat":[372],"product_tag":[],"class_list":{"0":"post-5461","1":"product","2":"type-product","3":"status-publish","5":"product_cat-listeo-booking-2","7":"first","8":"instock","9":"downloadable","10":"virtual","11":"sold-individually","12":"purchasable","13":"product-type-listing_booking"},"jetpack_sharing_enabled":true,"_links":{"self":[{"href":"https:\/\/monannuaire-conciergerie.fr\/en\/wp-json\/wp\/v2\/product\/5461","targetHints":{"allow":["GET"]}}],"collection":[{"href":"https:\/\/monannuaire-conciergerie.fr\/en\/wp-json\/wp\/v2\/product"}],"about":[{"href":"https:\/\/monannuaire-conciergerie.fr\/en\/wp-json\/wp\/v2\/types\/product"}],"replies":[{"embeddable":true,"href":"https:\/\/monannuaire-conciergerie.fr\/en\/wp-json\/wp\/v2\/comments?post=5461"}],"version-history":[{"count":1,"href":"https:\/\/monannuaire-conciergerie.fr\/en\/wp-json\/wp\/v2\/product\/5461\/revisions"}],"predecessor-version":[{"id":5655,"href":"https:\/\/monannuaire-conciergerie.fr\/en\/wp-json\/wp\/v2\/product\/5461\/revisions\/5655"}],"wp:attachment":[{"href":"https:\/\/monannuaire-conciergerie.fr\/en\/wp-json\/wp\/v2\/media?parent=5461"}],"wp:term":[{"taxonomy":"product_brand","embeddable":true,"href":"https:\/\/monannuaire-conciergerie.fr\/en\/wp-json\/wp\/v2\/product_brand?post=5461"},{"taxonomy":"product_cat","embeddable":true,"href":"https:\/\/monannuaire-conciergerie.fr\/en\/wp-json\/wp\/v2\/product_cat?post=5461"},{"taxonomy":"product_tag","embeddable":true,"href":"https:\/\/monannuaire-conciergerie.fr\/en\/wp-json\/wp\/v2\/product_tag?post=5461"}],"curies":[{"name":"wp","href":"https:\/\/api.w.org\/{rel}","templated":true}]}}