{"id":5467,"date":"2025-07-11T14:24:15","date_gmt":"2025-07-11T12:24:15","guid":{"rendered":"https:\/\/monannuaire-conciergerie.fr\/product\/azur-evasion-conciergerie\/"},"modified":"2025-10-11T14:46:45","modified_gmt":"2025-10-11T12:46:45","slug":"azur-evasion-conciergerie","status":"publish","type":"product","link":"https:\/\/monannuaire-conciergerie.fr\/en\/product\/azur-evasion-conciergerie\/","title":{"rendered":"Azur Escape Concierge"},"content":{"rendered":"<p>Welcome to Azur Evasion Concierge, where your peace of mind is our priority.<\/p>\n<p>We put our expertise at the service of owners and travelers to offer tailor-made and human management of short-term rentals.<\/p>\n<p>Personalized welcome, or independent depending on needs, careful cleaning, key management, assistance 7 days a week...<\/p>\n<p>Every detail is designed to simplify your life while ensuring a pleasant experience for your guests.<\/p>","protected":false},"excerpt":{"rendered":"<p>Bienvenue chez Azur \u00e9vasion conciergerie o\u00f9 votre tranquillit\u00e9 est notre priorit\u00e9. Nous mettons notre expertise au service des propri\u00e9taires et des voyageurs pour offrir une gestion sur mesure et humaine de la location courte dur\u00e9e. Accueil personnalis\u00e9, ou autonome en fonction des besoins, m\u00e9nage soign\u00e9, gestion des cl\u00e9s, assistance 7j \/ 7&#8230; Chaque d\u00e9tail est pens\u00e9 pour vous simplifier la vie tout en assurant une exp\u00e9rience agr\u00e9able \u00e0 vos h\u00f4tes.<\/p>","protected":false},"featured_media":0,"comment_status":"open","ping_status":"closed","template":"","meta":{"inline_featured_image":false,"slim_seo":{"title":"Azur \u00c9vasion Conciergerie - Mon annuaire conciergerie","description":"Bienvenue chez Azur \u00e9vasion conciergerie o\u00f9 votre tranquillit\u00e9 est notre priorit\u00e9. Nous mettons notre expertise au service des propri\u00e9taires et des voyageurs po"}},"product_brand":[],"product_cat":[372],"product_tag":[],"class_list":{"0":"post-5467","1":"product","2":"type-product","3":"status-publish","5":"product_cat-listeo-booking-2","7":"first","8":"instock","9":"downloadable","10":"virtual","11":"sold-individually","12":"purchasable","13":"product-type-listing_booking"},"jetpack_sharing_enabled":true,"_links":{"self":[{"href":"https:\/\/monannuaire-conciergerie.fr\/en\/wp-json\/wp\/v2\/product\/5467","targetHints":{"allow":["GET"]}}],"collection":[{"href":"https:\/\/monannuaire-conciergerie.fr\/en\/wp-json\/wp\/v2\/product"}],"about":[{"href":"https:\/\/monannuaire-conciergerie.fr\/en\/wp-json\/wp\/v2\/types\/product"}],"replies":[{"embeddable":true,"href":"https:\/\/monannuaire-conciergerie.fr\/en\/wp-json\/wp\/v2\/comments?post=5467"}],"version-history":[{"count":1,"href":"https:\/\/monannuaire-conciergerie.fr\/en\/wp-json\/wp\/v2\/product\/5467\/revisions"}],"predecessor-version":[{"id":5656,"href":"https:\/\/monannuaire-conciergerie.fr\/en\/wp-json\/wp\/v2\/product\/5467\/revisions\/5656"}],"wp:attachment":[{"href":"https:\/\/monannuaire-conciergerie.fr\/en\/wp-json\/wp\/v2\/media?parent=5467"}],"wp:term":[{"taxonomy":"product_brand","embeddable":true,"href":"https:\/\/monannuaire-conciergerie.fr\/en\/wp-json\/wp\/v2\/product_brand?post=5467"},{"taxonomy":"product_cat","embeddable":true,"href":"https:\/\/monannuaire-conciergerie.fr\/en\/wp-json\/wp\/v2\/product_cat?post=5467"},{"taxonomy":"product_tag","embeddable":true,"href":"https:\/\/monannuaire-conciergerie.fr\/en\/wp-json\/wp\/v2\/product_tag?post=5467"}],"curies":[{"name":"wp","href":"https:\/\/api.w.org\/{rel}","templated":true}]}}