{"id":5482,"date":"2025-07-15T13:01:20","date_gmt":"2025-07-15T11:01:20","guid":{"rendered":"https:\/\/monannuaire-conciergerie.fr\/product\/elegant-conciergerie\/"},"modified":"2025-10-11T11:35:54","modified_gmt":"2025-10-11T09:35:54","slug":"elegant-conciergerie","status":"publish","type":"product","link":"https:\/\/monannuaire-conciergerie.fr\/en\/product\/elegant-conciergerie\/","title":{"rendered":"Elegant Concierge Service"},"content":{"rendered":"<p>Elegant Conciergerie embodies a high-end service, designed for owners of prestigious properties and travelers seeking excellence on the French Riviera.<br \/>\nBetween Cannes and Monaco, tailor-made and discreet support enhances your property and enhances each stay.<\/p>","protected":false},"excerpt":{"rendered":"<p>Elegant Conciergerie incarne un service haut de gamme, con\u00e7u pour les propri\u00e9taires de biens prestigieux et les voyageurs en qu\u00eate d\u2019excellence sur la C\u00f4te d\u2019Azur. Entre Cannes et Monaco, un accompagnement sur-mesure et discret valorise votre propri\u00e9t\u00e9 et sublime chaque s\u00e9jour.<\/p>","protected":false},"featured_media":0,"comment_status":"open","ping_status":"closed","template":"","meta":{"inline_featured_image":false,"slim_seo":{"title":"Elegant Conciergerie - Mon annuaire conciergerie","description":"Elegant Conciergerie incarne un service haut de gamme, con\u00e7u pour les propri\u00e9taires de biens prestigieux et les voyageurs en qu\u00eate d\u2019excellence sur la C\u00f4te d\u2019Az"}},"product_brand":[],"product_cat":[372],"product_tag":[],"class_list":{"0":"post-5482","1":"product","2":"type-product","3":"status-publish","5":"product_cat-listeo-booking-2","7":"first","8":"instock","9":"downloadable","10":"virtual","11":"sold-individually","12":"purchasable","13":"product-type-listing_booking"},"jetpack_sharing_enabled":true,"_links":{"self":[{"href":"https:\/\/monannuaire-conciergerie.fr\/en\/wp-json\/wp\/v2\/product\/5482","targetHints":{"allow":["GET"]}}],"collection":[{"href":"https:\/\/monannuaire-conciergerie.fr\/en\/wp-json\/wp\/v2\/product"}],"about":[{"href":"https:\/\/monannuaire-conciergerie.fr\/en\/wp-json\/wp\/v2\/types\/product"}],"replies":[{"embeddable":true,"href":"https:\/\/monannuaire-conciergerie.fr\/en\/wp-json\/wp\/v2\/comments?post=5482"}],"version-history":[{"count":1,"href":"https:\/\/monannuaire-conciergerie.fr\/en\/wp-json\/wp\/v2\/product\/5482\/revisions"}],"predecessor-version":[{"id":5651,"href":"https:\/\/monannuaire-conciergerie.fr\/en\/wp-json\/wp\/v2\/product\/5482\/revisions\/5651"}],"wp:attachment":[{"href":"https:\/\/monannuaire-conciergerie.fr\/en\/wp-json\/wp\/v2\/media?parent=5482"}],"wp:term":[{"taxonomy":"product_brand","embeddable":true,"href":"https:\/\/monannuaire-conciergerie.fr\/en\/wp-json\/wp\/v2\/product_brand?post=5482"},{"taxonomy":"product_cat","embeddable":true,"href":"https:\/\/monannuaire-conciergerie.fr\/en\/wp-json\/wp\/v2\/product_cat?post=5482"},{"taxonomy":"product_tag","embeddable":true,"href":"https:\/\/monannuaire-conciergerie.fr\/en\/wp-json\/wp\/v2\/product_tag?post=5482"}],"curies":[{"name":"wp","href":"https:\/\/api.w.org\/{rel}","templated":true}]}}