{"id":5511,"date":"2025-07-18T13:39:11","date_gmt":"2025-07-18T11:39:11","guid":{"rendered":"https:\/\/monannuaire-conciergerie.fr\/product\/gb-conciergerie\/"},"modified":"2025-08-11T20:17:44","modified_gmt":"2025-08-11T18:17:44","slug":"gb-conciergerie","status":"publish","type":"product","link":"https:\/\/monannuaire-conciergerie.fr\/en\/product\/gb-conciergerie\/","title":{"rendered":"GB CONCIERGERIE"},"content":{"rendered":"<p>En tant que\u00a0concierge, je m\u2019engage \u00e0 vous offrir\u00a0un service d\u2019intendance locative complet\u00a0et de haute qualit\u00e9.<\/p>\n<p>I take care of creating and optimizing your ad to maximize its visibility and attract travelers.<\/p>\n<p>J\u2019assure une communication fluide avec vos locataires pour leur offrir\u00a0une exp\u00e9rience agr\u00e9able. \u00c0 leur arriv\u00e9e, je veille \u00e0 un accueil\u00a0chaleureux\u00a0et reste disponible tout au long de leur s\u00e9jour.<\/p>","protected":false},"excerpt":{"rendered":"<p>En tant que\u00a0concierge, je m\u2019engage \u00e0 vous offrir\u00a0un service d\u2019intendance locative complet\u00a0et de haute qualit\u00e9. Je prends en charge la\u00a0cr\u00e9ation\u00a0et\u00a0l\u2019optimisation\u00a0de votre annonce pour maximiser sa visibilit\u00e9 et attirer les\u00a0voyageurs. J\u2019assure une communication fluide avec vos locataires pour leur offrir\u00a0une exp\u00e9rience agr\u00e9able. \u00c0 leur arriv\u00e9e, je veille \u00e0 un accueil\u00a0chaleureux\u00a0et reste disponible tout au long de leur s\u00e9jour.<\/p>","protected":false},"featured_media":0,"comment_status":"open","ping_status":"closed","template":"","meta":{"inline_featured_image":false,"slim_seo":{"title":"GB CONCIERGERIE - Mon annuaire conciergerie","description":"En tant que\u00a0concierge, je m\u2019engage \u00e0 vous offrir\u00a0un service d'intendance locative complet\u00a0et de haute qualit\u00e9. Je prends en charge la\u00a0cr\u00e9ation\u00a0et\u00a0l\u2019optimisation"}},"product_brand":[],"product_cat":[372],"product_tag":[],"class_list":{"0":"post-5511","1":"product","2":"type-product","3":"status-publish","5":"product_cat-listeo-booking-2","7":"first","8":"instock","9":"downloadable","10":"virtual","11":"sold-individually","12":"purchasable","13":"product-type-listing_booking"},"jetpack_sharing_enabled":true,"_links":{"self":[{"href":"https:\/\/monannuaire-conciergerie.fr\/en\/wp-json\/wp\/v2\/product\/5511","targetHints":{"allow":["GET"]}}],"collection":[{"href":"https:\/\/monannuaire-conciergerie.fr\/en\/wp-json\/wp\/v2\/product"}],"about":[{"href":"https:\/\/monannuaire-conciergerie.fr\/en\/wp-json\/wp\/v2\/types\/product"}],"replies":[{"embeddable":true,"href":"https:\/\/monannuaire-conciergerie.fr\/en\/wp-json\/wp\/v2\/comments?post=5511"}],"version-history":[{"count":1,"href":"https:\/\/monannuaire-conciergerie.fr\/en\/wp-json\/wp\/v2\/product\/5511\/revisions"}],"predecessor-version":[{"id":5518,"href":"https:\/\/monannuaire-conciergerie.fr\/en\/wp-json\/wp\/v2\/product\/5511\/revisions\/5518"}],"wp:attachment":[{"href":"https:\/\/monannuaire-conciergerie.fr\/en\/wp-json\/wp\/v2\/media?parent=5511"}],"wp:term":[{"taxonomy":"product_brand","embeddable":true,"href":"https:\/\/monannuaire-conciergerie.fr\/en\/wp-json\/wp\/v2\/product_brand?post=5511"},{"taxonomy":"product_cat","embeddable":true,"href":"https:\/\/monannuaire-conciergerie.fr\/en\/wp-json\/wp\/v2\/product_cat?post=5511"},{"taxonomy":"product_tag","embeddable":true,"href":"https:\/\/monannuaire-conciergerie.fr\/en\/wp-json\/wp\/v2\/product_tag?post=5511"}],"curies":[{"name":"wp","href":"https:\/\/api.w.org\/{rel}","templated":true}]}}