{"id":5549,"date":"2025-07-23T15:33:30","date_gmt":"2025-07-23T13:33:30","guid":{"rendered":"https:\/\/monannuaire-conciergerie.fr\/product\/edenkey-conciergerie\/"},"modified":"2025-08-11T20:17:44","modified_gmt":"2025-08-11T18:17:44","slug":"edenkey-conciergerie","status":"publish","type":"product","link":"https:\/\/monannuaire-conciergerie.fr\/en\/product\/edenkey-conciergerie\/","title":{"rendered":"EdenKey Concierge"},"content":{"rendered":"<p>EdenKey offers concierge services tailored to your needs in Ard\u00e8che, Vaucluse, Gard, H\u00e9rault, and Dr\u00f4me. We professionally manage your property so you can focus on what matters most. Our team puts its expertise at your service to ensure your property is always in perfect condition and your guests are fully satisfied.<\/p>","protected":false},"excerpt":{"rendered":"<p>EdenKey offers concierge services tailored to your needs in Ard\u00e8che, Vaucluse, Gard, H\u00e9rault, and Dr\u00f4me. We professionally manage your property so you can focus on what matters most. Our team puts its expertise at your service to ensure your property is always in perfect condition and your guests are fully satisfied.<\/p>","protected":false},"featured_media":0,"comment_status":"open","ping_status":"closed","template":"","meta":{"inline_featured_image":false,"slim_seo":{"title":"EdenKey Conciergerie - Mon annuaire conciergerie","description":"EdenKey vous offre des services de conciergerie adapt\u00e9s \u00e0 vos besoins, en , Ard\u00e8che, Vaucluse, Gard,\u00a0H\u00e9rault et Dr\u00f4me. Nous nous occupons de votre bien immobili"}},"product_brand":[],"product_cat":[372],"product_tag":[],"class_list":{"0":"post-5549","1":"product","2":"type-product","3":"status-publish","5":"product_cat-listeo-booking-2","7":"first","8":"instock","9":"downloadable","10":"virtual","11":"sold-individually","12":"purchasable","13":"product-type-listing_booking"},"jetpack_sharing_enabled":true,"_links":{"self":[{"href":"https:\/\/monannuaire-conciergerie.fr\/en\/wp-json\/wp\/v2\/product\/5549","targetHints":{"allow":["GET"]}}],"collection":[{"href":"https:\/\/monannuaire-conciergerie.fr\/en\/wp-json\/wp\/v2\/product"}],"about":[{"href":"https:\/\/monannuaire-conciergerie.fr\/en\/wp-json\/wp\/v2\/types\/product"}],"replies":[{"embeddable":true,"href":"https:\/\/monannuaire-conciergerie.fr\/en\/wp-json\/wp\/v2\/comments?post=5549"}],"version-history":[{"count":1,"href":"https:\/\/monannuaire-conciergerie.fr\/en\/wp-json\/wp\/v2\/product\/5549\/revisions"}],"predecessor-version":[{"id":5652,"href":"https:\/\/monannuaire-conciergerie.fr\/en\/wp-json\/wp\/v2\/product\/5549\/revisions\/5652"}],"wp:attachment":[{"href":"https:\/\/monannuaire-conciergerie.fr\/en\/wp-json\/wp\/v2\/media?parent=5549"}],"wp:term":[{"taxonomy":"product_brand","embeddable":true,"href":"https:\/\/monannuaire-conciergerie.fr\/en\/wp-json\/wp\/v2\/product_brand?post=5549"},{"taxonomy":"product_cat","embeddable":true,"href":"https:\/\/monannuaire-conciergerie.fr\/en\/wp-json\/wp\/v2\/product_cat?post=5549"},{"taxonomy":"product_tag","embeddable":true,"href":"https:\/\/monannuaire-conciergerie.fr\/en\/wp-json\/wp\/v2\/product_tag?post=5549"}],"curies":[{"name":"wp","href":"https:\/\/api.w.org\/{rel}","templated":true}]}}