{"id":5557,"date":"2025-07-24T14:33:07","date_gmt":"2025-07-24T12:33:07","guid":{"rendered":"https:\/\/monannuaire-conciergerie.fr\/product\/home-prestige-conciergerie\/"},"modified":"2025-09-24T14:44:30","modified_gmt":"2025-09-24T12:44:30","slug":"home-prestige-conciergerie","status":"publish","type":"product","link":"https:\/\/monannuaire-conciergerie.fr\/en\/product\/home-prestige-conciergerie\/","title":{"rendered":"Home Prestige Concierge"},"content":{"rendered":"<p>Based in Loriol-du-Comtat, Home Prestige supports owners of vacation rentals and second homes in Vaucluse, Gard, and Bouches-du-Rh\u00f4ne. Available 7 days a week, a single commission, and hotel expertise: discover our history and values.<\/p>","protected":false},"excerpt":{"rendered":"<p>Based in Loriol-du-Comtat, Home Prestige supports owners of vacation rentals and second homes in Vaucluse, Gard, and Bouches-du-Rh\u00f4ne. Available 7 days a week, a single commission, and hotel expertise: discover our history and values.<\/p>","protected":false},"featured_media":0,"comment_status":"open","ping_status":"closed","template":"","meta":{"inline_featured_image":false,"slim_seo":{"title":"Home Prestige Conciergerie - Mon annuaire conciergerie","description":"Bas\u00e9e \u00e0 Loriol-du-Comtat, Home Prestige accompagne les propri\u00e9taires de locations saisonni\u00e8res et d\u00e9tenteurs de r\u00e9sidences secondaires dans le Vaucluse, le Gard"}},"product_brand":[],"product_cat":[372],"product_tag":[],"class_list":{"0":"post-5557","1":"product","2":"type-product","3":"status-publish","5":"product_cat-listeo-booking-2","7":"first","8":"instock","9":"downloadable","10":"virtual","11":"sold-individually","12":"purchasable","13":"product-type-listing_booking"},"jetpack_sharing_enabled":true,"_links":{"self":[{"href":"https:\/\/monannuaire-conciergerie.fr\/en\/wp-json\/wp\/v2\/product\/5557","targetHints":{"allow":["GET"]}}],"collection":[{"href":"https:\/\/monannuaire-conciergerie.fr\/en\/wp-json\/wp\/v2\/product"}],"about":[{"href":"https:\/\/monannuaire-conciergerie.fr\/en\/wp-json\/wp\/v2\/types\/product"}],"replies":[{"embeddable":true,"href":"https:\/\/monannuaire-conciergerie.fr\/en\/wp-json\/wp\/v2\/comments?post=5557"}],"version-history":[{"count":1,"href":"https:\/\/monannuaire-conciergerie.fr\/en\/wp-json\/wp\/v2\/product\/5557\/revisions"}],"predecessor-version":[{"id":5653,"href":"https:\/\/monannuaire-conciergerie.fr\/en\/wp-json\/wp\/v2\/product\/5557\/revisions\/5653"}],"wp:attachment":[{"href":"https:\/\/monannuaire-conciergerie.fr\/en\/wp-json\/wp\/v2\/media?parent=5557"}],"wp:term":[{"taxonomy":"product_brand","embeddable":true,"href":"https:\/\/monannuaire-conciergerie.fr\/en\/wp-json\/wp\/v2\/product_brand?post=5557"},{"taxonomy":"product_cat","embeddable":true,"href":"https:\/\/monannuaire-conciergerie.fr\/en\/wp-json\/wp\/v2\/product_cat?post=5557"},{"taxonomy":"product_tag","embeddable":true,"href":"https:\/\/monannuaire-conciergerie.fr\/en\/wp-json\/wp\/v2\/product_tag?post=5557"}],"curies":[{"name":"wp","href":"https:\/\/api.w.org\/{rel}","templated":true}]}}