{"id":5683,"date":"2025-08-16T16:07:52","date_gmt":"2025-08-16T14:07:52","guid":{"rendered":"https:\/\/monannuaire-conciergerie.fr\/product\/conciergerie-topmanamy\/"},"modified":"2025-09-10T17:50:19","modified_gmt":"2025-09-10T15:50:19","slug":"conciergerie-topmanamy","status":"publish","type":"product","link":"https:\/\/monannuaire-conciergerie.fr\/en\/product\/conciergerie-topmanamy\/","title":{"rendered":"TopManamy Concierge"},"content":{"rendered":"<p>My name is Manamisoa Bioret, founder of TopManamy Concierge. Passionate about customer service and organization, and with experience in hospitality and real estate, I chose this sector to showcase these skills.<\/p>\n<p>At Conciergerie Top Manamy, we facilitate short-term rental management by maximizing the profitability of your property while ensuring your peace of mind.<\/p>\n<p>Our team manages listing creation, booking and guest communication, property maintenance, guest reception, and other additional services to deliver a memorable experience and optimal occupancy.<\/p>\n<p>Our expertise and powerful tools allow you to take full advantage of your investment without constraints.<\/p>\n<p>Trust Conciergerie Top Manamy to take care of your property as if it were our own. Together, let&#039;s transform your property into an unparalleled experience for your tenants!<\/p>\n<p>&nbsp;<\/p>","protected":false},"excerpt":{"rendered":"<p>Je m&#8217;appelle Manamisoa Bioret, fondatrice de\u00a0 la Conciergerie TopManamy. Passionn\u00e9e par le service \u00e0 la client\u00e8le et l&#8217;organisation, et forte d&#8217;une exp\u00e9rience dans l&#8217;h\u00f4tellerie et l&#8217;immobilier, j&#8217;ai choisi ce secteur pour valoriser ces comp\u00e9tences. Chez Conciergerie Top Manamy, nous facilitons la gestion locative de courte dur\u00e9e en maximisant la rentabilit\u00e9 de votre bien tout en vous assurant s\u00e9r\u00e9nit\u00e9. Notre \u00e9quipe g\u00e8re la cr\u00e9ation d\u2019annonces, la r\u00e9servation et communication avec les voyageurs, l\u2019entretien de votre bien, l\u2019accueil des clients et d\u2019autres services additionnels afin d\u2019offrir une exp\u00e9rience m\u00e9morable et un taux d\u2019occupation optimal. Notre expertise et nos outils performants vous permettent de profiter pleinement de votre investissement sans contrainte. Faites confiance \u00e0 Conciergerie Top Manamy pour prendre soin de votre propri\u00e9t\u00e9 comme si c\u2019\u00e9tait la n\u00f4tre. Ensemble, transformons votre bien en une exp\u00e9rience in\u00e9gal\u00e9e pour vos locataires ! &nbsp;<\/p>","protected":false},"featured_media":0,"comment_status":"open","ping_status":"closed","template":"","meta":{"inline_featured_image":false,"slim_seo":{"title":"Conciergerie TopManamy - Mon annuaire conciergerie","description":"Je m'appelle Manamisoa Bioret, fondatrice de\u00a0 la Conciergerie TopManamy. Passionn\u00e9e par le service \u00e0 la client\u00e8le et l'organisation, et forte d'une exp\u00e9rience d"}},"product_brand":[],"product_cat":[372],"product_tag":[],"class_list":{"0":"post-5683","1":"product","2":"type-product","3":"status-publish","5":"product_cat-listeo-booking-2","7":"first","8":"instock","9":"downloadable","10":"virtual","11":"sold-individually","12":"purchasable","13":"product-type-listing_booking"},"jetpack_sharing_enabled":true,"_links":{"self":[{"href":"https:\/\/monannuaire-conciergerie.fr\/en\/wp-json\/wp\/v2\/product\/5683","targetHints":{"allow":["GET"]}}],"collection":[{"href":"https:\/\/monannuaire-conciergerie.fr\/en\/wp-json\/wp\/v2\/product"}],"about":[{"href":"https:\/\/monannuaire-conciergerie.fr\/en\/wp-json\/wp\/v2\/types\/product"}],"replies":[{"embeddable":true,"href":"https:\/\/monannuaire-conciergerie.fr\/en\/wp-json\/wp\/v2\/comments?post=5683"}],"version-history":[{"count":1,"href":"https:\/\/monannuaire-conciergerie.fr\/en\/wp-json\/wp\/v2\/product\/5683\/revisions"}],"predecessor-version":[{"id":5686,"href":"https:\/\/monannuaire-conciergerie.fr\/en\/wp-json\/wp\/v2\/product\/5683\/revisions\/5686"}],"wp:attachment":[{"href":"https:\/\/monannuaire-conciergerie.fr\/en\/wp-json\/wp\/v2\/media?parent=5683"}],"wp:term":[{"taxonomy":"product_brand","embeddable":true,"href":"https:\/\/monannuaire-conciergerie.fr\/en\/wp-json\/wp\/v2\/product_brand?post=5683"},{"taxonomy":"product_cat","embeddable":true,"href":"https:\/\/monannuaire-conciergerie.fr\/en\/wp-json\/wp\/v2\/product_cat?post=5683"},{"taxonomy":"product_tag","embeddable":true,"href":"https:\/\/monannuaire-conciergerie.fr\/en\/wp-json\/wp\/v2\/product_tag?post=5683"}],"curies":[{"name":"wp","href":"https:\/\/api.w.org\/{rel}","templated":true}]}}