{"id":5704,"date":"2025-08-19T09:56:22","date_gmt":"2025-08-19T07:56:22","guid":{"rendered":"https:\/\/monannuaire-conciergerie.fr\/product\/les-cles-du-cellier\/"},"modified":"2025-08-19T09:56:22","modified_gmt":"2025-08-19T07:56:22","slug":"les-cles-du-cellier","status":"publish","type":"product","link":"https:\/\/monannuaire-conciergerie.fr\/en\/product\/les-cles-du-cellier\/","title":{"rendered":"The Cellar Keys"},"content":{"rendered":"<p>Welcome to the Les Cl\u00e9s du Cellier concierge service in Porte de Savoie in the Auvergne-Rh\u00f4ne-Alpes region.<\/p>\n<p>Free yourself from the constraints of rental management and rediscover your freedom!<\/p>\n<p>&nbsp;<\/p>","protected":false},"excerpt":{"rendered":"<p>Bienvenue \u00e0 la conciergerie Les Cl\u00e9s du Cellier \u00e0 Porte de Savoie en r\u00e9gion Auvergne-Rh\u00f4ne-Alpes. Lib\u00e9rez-vous des contraintes de la gestion locative et retrouvez votre libert\u00e9\u00a0! &nbsp;<\/p>","protected":false},"featured_media":0,"comment_status":"open","ping_status":"closed","template":"","meta":{"inline_featured_image":false,"slim_seo":{"title":"Les Cl\u00e9s du Cellier - Mon annuaire conciergerie","description":"Bienvenue \u00e0 la conciergerie Les Cl\u00e9s du Cellier \u00e0 Porte de Savoie en r\u00e9gion Auvergne-Rh\u00f4ne-Alpes. Lib\u00e9rez-vous des contraintes de la gestion locative et retrouv"}},"product_brand":[],"product_cat":[372],"product_tag":[],"class_list":{"0":"post-5704","1":"product","2":"type-product","3":"status-publish","5":"product_cat-listeo-booking-2","7":"first","8":"instock","9":"downloadable","10":"virtual","11":"sold-individually","12":"purchasable","13":"product-type-listing_booking"},"jetpack_sharing_enabled":true,"_links":{"self":[{"href":"https:\/\/monannuaire-conciergerie.fr\/en\/wp-json\/wp\/v2\/product\/5704","targetHints":{"allow":["GET"]}}],"collection":[{"href":"https:\/\/monannuaire-conciergerie.fr\/en\/wp-json\/wp\/v2\/product"}],"about":[{"href":"https:\/\/monannuaire-conciergerie.fr\/en\/wp-json\/wp\/v2\/types\/product"}],"replies":[{"embeddable":true,"href":"https:\/\/monannuaire-conciergerie.fr\/en\/wp-json\/wp\/v2\/comments?post=5704"}],"version-history":[{"count":0,"href":"https:\/\/monannuaire-conciergerie.fr\/en\/wp-json\/wp\/v2\/product\/5704\/revisions"}],"wp:attachment":[{"href":"https:\/\/monannuaire-conciergerie.fr\/en\/wp-json\/wp\/v2\/media?parent=5704"}],"wp:term":[{"taxonomy":"product_brand","embeddable":true,"href":"https:\/\/monannuaire-conciergerie.fr\/en\/wp-json\/wp\/v2\/product_brand?post=5704"},{"taxonomy":"product_cat","embeddable":true,"href":"https:\/\/monannuaire-conciergerie.fr\/en\/wp-json\/wp\/v2\/product_cat?post=5704"},{"taxonomy":"product_tag","embeddable":true,"href":"https:\/\/monannuaire-conciergerie.fr\/en\/wp-json\/wp\/v2\/product_tag?post=5704"}],"curies":[{"name":"wp","href":"https:\/\/api.w.org\/{rel}","templated":true}]}}