{"id":5807,"date":"2025-09-10T13:00:54","date_gmt":"2025-09-10T11:00:54","guid":{"rendered":"https:\/\/monannuaire-conciergerie.fr\/product\/art-de-vie\/"},"modified":"2025-09-11T13:24:22","modified_gmt":"2025-09-11T11:24:22","slug":"art-de-vie","status":"publish","type":"product","link":"https:\/\/monannuaire-conciergerie.fr\/en\/product\/art-de-vie\/","title":{"rendered":"Art of life"},"content":{"rendered":"<p>Art de Vie embodies a new generation of private concierge services, where every request becomes an opportunity to create an exceptional moment.<br \/>\nGuided by three founding principles \u2013 fluidity, precision and discretion \u2013 our company supports its members in achieving their most demanding desires, by offering a tailor-made service.<\/p>\n<p>From organizing private jet or yacht trips, to privileged access to the most sought-after cultural and sporting events, to confidential reservations at the most exclusive addresses, Art de Vie transcends the everyday to imagine timeless experiences.<\/p>\n<p>Our mission is simple: to exceed all expectations by designing refined, unique and memorable moments.<\/p>","protected":false},"excerpt":{"rendered":"<p>Art de Vie incarne une nouvelle g\u00e9n\u00e9ration de conciergerie priv\u00e9e, o\u00f9 chaque demande devient l\u2019occasion de cr\u00e9er un instant d\u2019exception. Guid\u00e9e par trois principes fondateurs \u2013 fluidit\u00e9, pr\u00e9cision et discr\u00e9tion \u2013 notre maison accompagne ses membres dans la r\u00e9alisation de leurs d\u00e9sirs les plus exigeants, en offrant un service sur-mesure. De l\u2019organisation de voyages priv\u00e9s en jet ou en yacht, aux acc\u00e8s privil\u00e9gi\u00e9s aux \u00e9v\u00e9nements culturels et sportifs les plus convoit\u00e9s, en passant par des r\u00e9servations confidentielles dans les adresses les plus exclusives, Art de Vie transcende le quotidien pour imaginer des exp\u00e9riences intemporelles. Notre mission est simple : d\u00e9passer toutes les attentes en concevant des instants raffin\u00e9s, uniques et m\u00e9morables.<\/p>","protected":false},"featured_media":0,"comment_status":"open","ping_status":"closed","template":"","meta":{"inline_featured_image":false,"slim_seo":{"title":"Art de vie - Mon annuaire conciergerie","description":"Art de Vie incarne une nouvelle g\u00e9n\u00e9ration de conciergerie priv\u00e9e, o\u00f9 chaque demande devient l\u2019occasion de cr\u00e9er un instant d\u2019exception. Guid\u00e9e par trois princi"}},"product_brand":[],"product_cat":[372],"product_tag":[],"class_list":{"0":"post-5807","1":"product","2":"type-product","3":"status-publish","5":"product_cat-listeo-booking-2","7":"first","8":"instock","9":"downloadable","10":"virtual","11":"sold-individually","12":"purchasable","13":"product-type-listing_booking"},"jetpack_sharing_enabled":true,"_links":{"self":[{"href":"https:\/\/monannuaire-conciergerie.fr\/en\/wp-json\/wp\/v2\/product\/5807","targetHints":{"allow":["GET"]}}],"collection":[{"href":"https:\/\/monannuaire-conciergerie.fr\/en\/wp-json\/wp\/v2\/product"}],"about":[{"href":"https:\/\/monannuaire-conciergerie.fr\/en\/wp-json\/wp\/v2\/types\/product"}],"replies":[{"embeddable":true,"href":"https:\/\/monannuaire-conciergerie.fr\/en\/wp-json\/wp\/v2\/comments?post=5807"}],"version-history":[{"count":1,"href":"https:\/\/monannuaire-conciergerie.fr\/en\/wp-json\/wp\/v2\/product\/5807\/revisions"}],"predecessor-version":[{"id":5810,"href":"https:\/\/monannuaire-conciergerie.fr\/en\/wp-json\/wp\/v2\/product\/5807\/revisions\/5810"}],"wp:attachment":[{"href":"https:\/\/monannuaire-conciergerie.fr\/en\/wp-json\/wp\/v2\/media?parent=5807"}],"wp:term":[{"taxonomy":"product_brand","embeddable":true,"href":"https:\/\/monannuaire-conciergerie.fr\/en\/wp-json\/wp\/v2\/product_brand?post=5807"},{"taxonomy":"product_cat","embeddable":true,"href":"https:\/\/monannuaire-conciergerie.fr\/en\/wp-json\/wp\/v2\/product_cat?post=5807"},{"taxonomy":"product_tag","embeddable":true,"href":"https:\/\/monannuaire-conciergerie.fr\/en\/wp-json\/wp\/v2\/product_tag?post=5807"}],"curies":[{"name":"wp","href":"https:\/\/api.w.org\/{rel}","templated":true}]}}