{"id":5867,"date":"2025-09-12T22:55:24","date_gmt":"2025-09-12T20:55:24","guid":{"rendered":"https:\/\/monannuaire-conciergerie.fr\/product\/best-keys\/"},"modified":"2025-09-12T22:55:24","modified_gmt":"2025-09-12T20:55:24","slug":"best-keys","status":"publish","type":"product","link":"https:\/\/monannuaire-conciergerie.fr\/en\/product\/best-keys\/","title":{"rendered":"Best Keys"},"content":{"rendered":"<p><strong>Best Keys \u2013 Local and tailor-made Airbnb concierge service<\/strong><br \/>\nBest Keys is a concierge service specializing in short-term rentals, based in Sens and active throughout the Yonne region. We are also expanding our presence in Seine-et-Marne, Aube, and Loiret.<\/p>\n<p>We help owners and investors monetize their property on Airbnb, Booking.com, or Abritel, stress-free and with complete confidence. Our support is 100% personalized, local, and without obligation.<\/p>\n<p>&nbsp;<\/p>\n<p><strong>At Best Keys, we offer 3 packages tailored to each owner profile:<\/strong><\/p>\n<p>\ud83d\udcbb Smart Host: you manage the field, we take care of the digital (advertising, prices, communication)<br \/>\n\ud83e\uddf9 Clean &amp; Care: you manage the reservations, we manage the grounds (cleaning, linens, maintenance)<br \/>\n\ud83c\udfc6 Premium: you don&#039;t manage anything, we take care of everything<br \/>\nEach formula can evolve according to your needs.<\/p>\n<p>Our team also takes care of welcoming guests, quality monitoring, professional cleaning, linens, light maintenance and providing a welcome kit.<\/p>\n<p>Proximity, reliability and performance are at the heart of our approach, for accommodation that is always ready and satisfied travelers.<\/p>","protected":false},"excerpt":{"rendered":"<p>Best Keys \u2013 Conciergerie Airbnb locale et sur-mesure Best Keys est une conciergerie sp\u00e9cialis\u00e9e dans la location courte dur\u00e9e, implant\u00e9e \u00e0 Sens et active dans l\u2019ensemble de l\u2019Yonne. Nous d\u00e9veloppons \u00e9galement notre pr\u00e9sence en Seine-et-Marne, dans l&#8217;Aube et le Loiret. Nous aidons les propri\u00e9taires et investisseurs \u00e0 rentabiliser leur bien sur Airbnb, Booking ou Abritel, sans contrainte et en toute confiance. Notre accompagnement est 100 % personnalis\u00e9, local\u2026 et sans engagement. &nbsp; Chez Best Keys, nous proposons 3 formules adapt\u00e9es \u00e0 chaque profil de propri\u00e9taire : \ud83d\udcbb Smart Host : vous g\u00e9rez le terrain, nous nous occupons du digital (annonce, tarifs, communication) \ud83e\uddf9 Clean &amp; Care : vous g\u00e9rez les r\u00e9servations, nous g\u00e9rons le terrain (m\u00e9nage, linge, maintenance) \ud83c\udfc6 Premium : vous ne g\u00e9rez rien, nous prenons tout en charge Chaque formule peut \u00e9voluer selon vos besoins. Notre \u00e9quipe s\u2019occupe \u00e9galement de l\u2019accueil des voyageurs, du suivi qualit\u00e9, du m\u00e9nage professionnel, du linge, de la maintenance l\u00e9g\u00e8re et de la mise \u00e0 disposition d\u2019un kit d\u2019accueil. Proximit\u00e9, fiabilit\u00e9 et performance sont au c\u0153ur de notre d\u00e9marche, pour des logements toujours pr\u00eats et des voyageurs satisfaits.<\/p>","protected":false},"featured_media":0,"comment_status":"open","ping_status":"closed","template":"","meta":{"inline_featured_image":false,"slim_seo":{"title":"Best Keys - Mon annuaire conciergerie","description":"Best Keys \u2013 Conciergerie Airbnb locale et sur-mesure Best Keys est une conciergerie sp\u00e9cialis\u00e9e dans la location courte dur\u00e9e, implant\u00e9e \u00e0 Sens et active dans l"}},"product_brand":[],"product_cat":[372],"product_tag":[],"class_list":{"0":"post-5867","1":"product","2":"type-product","3":"status-publish","5":"product_cat-listeo-booking-2","7":"first","8":"instock","9":"downloadable","10":"virtual","11":"sold-individually","12":"purchasable","13":"product-type-listing_booking"},"jetpack_sharing_enabled":true,"_links":{"self":[{"href":"https:\/\/monannuaire-conciergerie.fr\/en\/wp-json\/wp\/v2\/product\/5867","targetHints":{"allow":["GET"]}}],"collection":[{"href":"https:\/\/monannuaire-conciergerie.fr\/en\/wp-json\/wp\/v2\/product"}],"about":[{"href":"https:\/\/monannuaire-conciergerie.fr\/en\/wp-json\/wp\/v2\/types\/product"}],"replies":[{"embeddable":true,"href":"https:\/\/monannuaire-conciergerie.fr\/en\/wp-json\/wp\/v2\/comments?post=5867"}],"version-history":[{"count":0,"href":"https:\/\/monannuaire-conciergerie.fr\/en\/wp-json\/wp\/v2\/product\/5867\/revisions"}],"wp:attachment":[{"href":"https:\/\/monannuaire-conciergerie.fr\/en\/wp-json\/wp\/v2\/media?parent=5867"}],"wp:term":[{"taxonomy":"product_brand","embeddable":true,"href":"https:\/\/monannuaire-conciergerie.fr\/en\/wp-json\/wp\/v2\/product_brand?post=5867"},{"taxonomy":"product_cat","embeddable":true,"href":"https:\/\/monannuaire-conciergerie.fr\/en\/wp-json\/wp\/v2\/product_cat?post=5867"},{"taxonomy":"product_tag","embeddable":true,"href":"https:\/\/monannuaire-conciergerie.fr\/en\/wp-json\/wp\/v2\/product_tag?post=5867"}],"curies":[{"name":"wp","href":"https:\/\/api.w.org\/{rel}","templated":true}]}}