{"id":5928,"date":"2025-09-23T11:18:08","date_gmt":"2025-09-23T09:18:08","guid":{"rendered":"https:\/\/monannuaire-conciergerie.fr\/product\/my-sweet-conciergerie\/"},"modified":"2025-09-23T11:37:00","modified_gmt":"2025-09-23T09:37:00","slug":"my-sweet-conciergerie","status":"publish","type":"product","link":"https:\/\/monannuaire-conciergerie.fr\/en\/product\/my-sweet-conciergerie\/","title":{"rendered":"MY SWEET CONCIERGERIE"},"content":{"rendered":"<h1>MY SWEET CONCIERGERIE<\/h1>\n<h2>The concierge service that makes your life easier!<\/h2>\n<p>La C\u00f4te d\u2019Azur est une destination touristique pris\u00e9e et votre r\u00e9sidence secondaire peut devenir une v\u00e9ritable source de revenus compl\u00e9mentaire. Mais comment faire pour louer votre bien en toute s\u00e9r\u00e9nit\u00e9 ?<\/p>\n<p>My Sweet Concierge offers a turnkey solution for your short-term and seasonal rentals. Our goal is to guarantee you optimized rental income with complete peace of mind.<\/p>\n<p>Our team of qualified partners takes care of everything, supporting you from preparing and maintaining your property, to welcoming your guests and planning your reservations. We do everything we can to take care of your property in your absence and provide a memorable experience for your tenants.<\/p>\n<h4>Entrust the keys to your property to My Sweet Conciergerie and find the peace of mind you dream of!<\/h4>","protected":false},"excerpt":{"rendered":"<p>MY SWEET CONCIERGERIE La conciergerie qui vous rend la vie plus douce ! La C\u00f4te d\u2019Azur est une destination touristique pris\u00e9e et votre r\u00e9sidence secondaire peut devenir une v\u00e9ritable source de revenus compl\u00e9mentaire. Mais comment faire pour louer votre bien en toute s\u00e9r\u00e9nit\u00e9 ? My Sweet conciergerie vous propose une solution cl\u00e9 en main pour vos locations de courtes dur\u00e9es et locations saisonni\u00e8res. Notre objectif est de vous garantir un revenu locatif optimis\u00e9 en toute s\u00e9r\u00e9nit\u00e9. Notre \u00e9quipe de partenaires qualifi\u00e9s s\u2019occupe de tout et vous accompagne de la pr\u00e9paration \u00e0 l\u2019entretien de votre logement, en passant par l\u2019accueil de vos voyageurs et la planification de vos r\u00e9servations.\u00a0Nous mettons tout en \u0153uvre pour prendre soin de votre bien en votre absence et offrir une exp\u00e9rience m\u00e9morable \u00e0 vos locataires. Confiez les cl\u00e9s de votre bien \u00e0 My Sweet Conciergerie et retrouvez la tranquillit\u00e9 dont vous r\u00eavez !<\/p>","protected":false},"featured_media":0,"comment_status":"open","ping_status":"closed","template":"","meta":{"inline_featured_image":false,"slim_seo":{"title":"MY SWEET CONCIERGERIE - Mon annuaire conciergerie","description":"MY SWEET CONCIERGERIE La conciergerie qui vous rend la vie plus douce ! La C\u00f4te d'Azur est une destination touristique pris\u00e9e et votre r\u00e9sidence secondaire peut"}},"product_brand":[],"product_cat":[372],"product_tag":[],"class_list":{"0":"post-5928","1":"product","2":"type-product","3":"status-publish","5":"product_cat-listeo-booking-2","7":"first","8":"instock","9":"downloadable","10":"virtual","11":"sold-individually","12":"purchasable","13":"product-type-listing_booking"},"jetpack_sharing_enabled":true,"_links":{"self":[{"href":"https:\/\/monannuaire-conciergerie.fr\/en\/wp-json\/wp\/v2\/product\/5928","targetHints":{"allow":["GET"]}}],"collection":[{"href":"https:\/\/monannuaire-conciergerie.fr\/en\/wp-json\/wp\/v2\/product"}],"about":[{"href":"https:\/\/monannuaire-conciergerie.fr\/en\/wp-json\/wp\/v2\/types\/product"}],"replies":[{"embeddable":true,"href":"https:\/\/monannuaire-conciergerie.fr\/en\/wp-json\/wp\/v2\/comments?post=5928"}],"version-history":[{"count":2,"href":"https:\/\/monannuaire-conciergerie.fr\/en\/wp-json\/wp\/v2\/product\/5928\/revisions"}],"predecessor-version":[{"id":5933,"href":"https:\/\/monannuaire-conciergerie.fr\/en\/wp-json\/wp\/v2\/product\/5928\/revisions\/5933"}],"wp:attachment":[{"href":"https:\/\/monannuaire-conciergerie.fr\/en\/wp-json\/wp\/v2\/media?parent=5928"}],"wp:term":[{"taxonomy":"product_brand","embeddable":true,"href":"https:\/\/monannuaire-conciergerie.fr\/en\/wp-json\/wp\/v2\/product_brand?post=5928"},{"taxonomy":"product_cat","embeddable":true,"href":"https:\/\/monannuaire-conciergerie.fr\/en\/wp-json\/wp\/v2\/product_cat?post=5928"},{"taxonomy":"product_tag","embeddable":true,"href":"https:\/\/monannuaire-conciergerie.fr\/en\/wp-json\/wp\/v2\/product_tag?post=5928"}],"curies":[{"name":"wp","href":"https:\/\/api.w.org\/{rel}","templated":true}]}}