{"id":5975,"date":"2025-09-30T16:15:42","date_gmt":"2025-09-30T14:15:42","guid":{"rendered":"https:\/\/monannuaire-conciergerie.fr\/product\/aletheia-conciergerie\/"},"modified":"2025-10-13T19:17:31","modified_gmt":"2025-10-13T17:17:31","slug":"aletheia-conciergerie","status":"publish","type":"product","link":"https:\/\/monannuaire-conciergerie.fr\/en\/product\/aletheia-conciergerie\/","title":{"rendered":"Aletheia Concierge"},"content":{"rendered":"<p>At Al\u00e9th\u00e9ia, we believe every detail matters. That&#039;s why we offer more than just a concierge service: we create experiences tailored just for you, in a setting of absolute trust.<\/p>\n<p>From the complete management of your property to the organization of unforgettable stays on the C\u00f4te d&#039;Azur, we are your discreet, efficient and committed partner.<\/p>\n<p>Our mission? To simplify your life, enhance your projects, and offer you the peace of mind you deserve.<\/p>","protected":false},"excerpt":{"rendered":"<p>Chez Al\u00e9th\u00e9ia, nous croyons que chaque d\u00e9tail compte. C\u2019est pourquoi nous offrons bien plus qu\u2019un service de conciergerie : nous cr\u00e9ons des exp\u00e9riences pens\u00e9es pour vous, dans un cadre de confiance absolue. De la gestion compl\u00e8te de votre propri\u00e9t\u00e9 \u00e0 l\u2019organisation de s\u00e9jours inoubliables sur la C\u00f4te d\u2019Azur, nous sommes votre partenaire discret, efficace et engag\u00e9. Notre mission ? Vous simplifier la vie, sublimer vos projets et vous offrir la s\u00e9r\u00e9nit\u00e9 que vous m\u00e9ritez.<\/p>","protected":false},"featured_media":0,"comment_status":"open","ping_status":"closed","template":"","meta":{"inline_featured_image":false,"slim_seo":{"title":"Aleth\u00e9ia Conciergerie - Mon annuaire conciergerie","description":"Chez Al\u00e9th\u00e9ia, nous croyons que chaque d\u00e9tail compte. C\u2019est pourquoi nous offrons bien plus qu\u2019un service de conciergerie : nous cr\u00e9ons des exp\u00e9riences pens\u00e9es"}},"product_brand":[],"product_cat":[372],"product_tag":[],"class_list":{"0":"post-5975","1":"product","2":"type-product","3":"status-publish","5":"product_cat-listeo-booking-2","7":"first","8":"instock","9":"downloadable","10":"virtual","11":"sold-individually","12":"purchasable","13":"product-type-listing_booking"},"jetpack_sharing_enabled":true,"_links":{"self":[{"href":"https:\/\/monannuaire-conciergerie.fr\/en\/wp-json\/wp\/v2\/product\/5975","targetHints":{"allow":["GET"]}}],"collection":[{"href":"https:\/\/monannuaire-conciergerie.fr\/en\/wp-json\/wp\/v2\/product"}],"about":[{"href":"https:\/\/monannuaire-conciergerie.fr\/en\/wp-json\/wp\/v2\/types\/product"}],"replies":[{"embeddable":true,"href":"https:\/\/monannuaire-conciergerie.fr\/en\/wp-json\/wp\/v2\/comments?post=5975"}],"version-history":[{"count":1,"href":"https:\/\/monannuaire-conciergerie.fr\/en\/wp-json\/wp\/v2\/product\/5975\/revisions"}],"predecessor-version":[{"id":6071,"href":"https:\/\/monannuaire-conciergerie.fr\/en\/wp-json\/wp\/v2\/product\/5975\/revisions\/6071"}],"wp:attachment":[{"href":"https:\/\/monannuaire-conciergerie.fr\/en\/wp-json\/wp\/v2\/media?parent=5975"}],"wp:term":[{"taxonomy":"product_brand","embeddable":true,"href":"https:\/\/monannuaire-conciergerie.fr\/en\/wp-json\/wp\/v2\/product_brand?post=5975"},{"taxonomy":"product_cat","embeddable":true,"href":"https:\/\/monannuaire-conciergerie.fr\/en\/wp-json\/wp\/v2\/product_cat?post=5975"},{"taxonomy":"product_tag","embeddable":true,"href":"https:\/\/monannuaire-conciergerie.fr\/en\/wp-json\/wp\/v2\/product_tag?post=5975"}],"curies":[{"name":"wp","href":"https:\/\/api.w.org\/{rel}","templated":true}]}}