{"id":5999,"date":"2025-10-03T19:00:22","date_gmt":"2025-10-03T17:00:22","guid":{"rendered":"https:\/\/monannuaire-conciergerie.fr\/product\/homerelie-conciergerie-2\/"},"modified":"2025-10-03T19:00:22","modified_gmt":"2025-10-03T17:00:22","slug":"homerelie-conciergerie-2","status":"publish","type":"product","link":"https:\/\/monannuaire-conciergerie.fr\/en\/product\/homerelie-conciergerie-2\/","title":{"rendered":"Home&#039;r\u00e9lie Conciergerie"},"content":{"rendered":"<p>Welcome to Home&#039;r\u00e9lie.<\/p>\n<p>Your concierge expert for seasonal rentals in Gironde. We assist you in managing your properties with ease, whether you&#039;re an owner or a traveler. Take advantage of our local expertise to maximize your rental income while ensuring a quality experience for your guests. Trust Home&#039;r\u00e9lie to offer you complete peace of mind and optimized profitability.<\/p>","protected":false},"excerpt":{"rendered":"<p>Bienvenue chez Home\u2019r\u00e9lie. Votre expert en conciergerie pour la location saisonni\u00e8re en Gironde. Nous vous accompagnons dans la gestion de vos biens en toute simplicit\u00e9, que vous soyez propri\u00e9taire ou voyageur. Profitez de notre expertise locale pour maximiser vos revenus locatifs tout en garantissant une exp\u00e9rience de qualit\u00e9 \u00e0 vos invit\u00e9s. Faites confiance \u00e0 Home\u2019r\u00e9lie pour vous offrir une tranquillit\u00e9 d\u2019esprit totale et une rentabilit\u00e9 optimis\u00e9e.<\/p>","protected":false},"featured_media":0,"comment_status":"open","ping_status":"closed","template":"","meta":{"inline_featured_image":false,"slim_seo":{"title":"Home'r\u00e9lie Conciergerie - Mon annuaire conciergerie","description":"Bienvenue chez Home\u2019r\u00e9lie. Votre expert en conciergerie pour la location saisonni\u00e8re en Gironde. Nous vous accompagnons dans la gestion de vos biens en toute si"}},"product_brand":[],"product_cat":[372],"product_tag":[],"class_list":{"0":"post-5999","1":"product","2":"type-product","3":"status-publish","5":"product_cat-listeo-booking-2","7":"first","8":"instock","9":"downloadable","10":"virtual","11":"sold-individually","12":"purchasable","13":"product-type-listing_booking"},"jetpack_sharing_enabled":true,"_links":{"self":[{"href":"https:\/\/monannuaire-conciergerie.fr\/en\/wp-json\/wp\/v2\/product\/5999","targetHints":{"allow":["GET"]}}],"collection":[{"href":"https:\/\/monannuaire-conciergerie.fr\/en\/wp-json\/wp\/v2\/product"}],"about":[{"href":"https:\/\/monannuaire-conciergerie.fr\/en\/wp-json\/wp\/v2\/types\/product"}],"replies":[{"embeddable":true,"href":"https:\/\/monannuaire-conciergerie.fr\/en\/wp-json\/wp\/v2\/comments?post=5999"}],"version-history":[{"count":0,"href":"https:\/\/monannuaire-conciergerie.fr\/en\/wp-json\/wp\/v2\/product\/5999\/revisions"}],"wp:attachment":[{"href":"https:\/\/monannuaire-conciergerie.fr\/en\/wp-json\/wp\/v2\/media?parent=5999"}],"wp:term":[{"taxonomy":"product_brand","embeddable":true,"href":"https:\/\/monannuaire-conciergerie.fr\/en\/wp-json\/wp\/v2\/product_brand?post=5999"},{"taxonomy":"product_cat","embeddable":true,"href":"https:\/\/monannuaire-conciergerie.fr\/en\/wp-json\/wp\/v2\/product_cat?post=5999"},{"taxonomy":"product_tag","embeddable":true,"href":"https:\/\/monannuaire-conciergerie.fr\/en\/wp-json\/wp\/v2\/product_tag?post=5999"}],"curies":[{"name":"wp","href":"https:\/\/api.w.org\/{rel}","templated":true}]}}