{"id":6158,"date":"2025-10-31T16:56:55","date_gmt":"2025-10-31T15:56:55","guid":{"rendered":"https:\/\/monannuaire-conciergerie.fr\/product\/les-cles-dad-conciergerie\/"},"modified":"2026-01-20T15:43:27","modified_gmt":"2026-01-20T14:43:27","slug":"les-cles-dad-conciergerie","status":"publish","type":"product","link":"https:\/\/monannuaire-conciergerie.fr\/en\/product\/les-cles-dad-conciergerie\/","title":{"rendered":"The keys to AD Concierge"},"content":{"rendered":"<p>Welcome to Les Cl\u00e9s d&#039;AD Conciergerie!<br \/>\nDo you want to rent out your property with complete peace of mind and offer your guests a warm and attentive welcome?<br \/>\nWith Les Cl\u00e9s d&#039;AD Conciergerie Immobili\u00e8re, you choose serenity, confidence and attention to detail.<\/p>\n<p>Based in Rives-en-Seine, I assist owners with the complete management of their seasonal rentals. From creating the listing to preparing the property, every step is designed to showcase your property and guarantee guest satisfaction.<\/p>","protected":false},"excerpt":{"rendered":"<p>Bienvenue chez Les Cl\u00e9s d\u2019AD Conciergerie ! Vous souhaitez louer votre logement en toute tranquillit\u00e9 et offrir \u00e0 vos voyageurs un accueil chaleureux et soign\u00e9 ? Avec Les Cl\u00e9s d\u2019AD Conciergerie Immobili\u00e8re, vous choisissez la s\u00e9r\u00e9nit\u00e9, la confiance et le sens du d\u00e9tail. Bas\u00e9e \u00e0 Rives-en-Seine, j\u2019accompagne les propri\u00e9taires dans la prise en charge compl\u00e8te de leurs locations saisonni\u00e8res.\u00a0 De la cr\u00e9ation de l\u2019annonce \u00e0 la pr\u00e9paration du logement, chaque \u00e9tape est pens\u00e9e pour valoriser votre bien et garantir la satisfaction de vos voyageurs.<\/p>","protected":false},"featured_media":0,"comment_status":"open","ping_status":"closed","template":"","meta":{"inline_featured_image":false,"slim_seo":{"title":"Les cl\u00e9s d'AD Conciergerie - Mon annuaire conciergerie","description":"Bienvenue chez Les Cl\u00e9s d\u2019AD Conciergerie ! Vous souhaitez louer votre logement en toute tranquillit\u00e9 et offrir \u00e0 vos voyageurs un accueil chaleureux et soign\u00e9"}},"product_brand":[],"product_cat":[372],"product_tag":[],"class_list":{"0":"post-6158","1":"product","2":"type-product","3":"status-publish","5":"product_cat-listeo-booking-2","7":"first","8":"instock","9":"downloadable","10":"virtual","11":"sold-individually","12":"purchasable","13":"product-type-listing_booking"},"jetpack_sharing_enabled":true,"_links":{"self":[{"href":"https:\/\/monannuaire-conciergerie.fr\/en\/wp-json\/wp\/v2\/product\/6158","targetHints":{"allow":["GET"]}}],"collection":[{"href":"https:\/\/monannuaire-conciergerie.fr\/en\/wp-json\/wp\/v2\/product"}],"about":[{"href":"https:\/\/monannuaire-conciergerie.fr\/en\/wp-json\/wp\/v2\/types\/product"}],"replies":[{"embeddable":true,"href":"https:\/\/monannuaire-conciergerie.fr\/en\/wp-json\/wp\/v2\/comments?post=6158"}],"version-history":[{"count":1,"href":"https:\/\/monannuaire-conciergerie.fr\/en\/wp-json\/wp\/v2\/product\/6158\/revisions"}],"predecessor-version":[{"id":6664,"href":"https:\/\/monannuaire-conciergerie.fr\/en\/wp-json\/wp\/v2\/product\/6158\/revisions\/6664"}],"wp:attachment":[{"href":"https:\/\/monannuaire-conciergerie.fr\/en\/wp-json\/wp\/v2\/media?parent=6158"}],"wp:term":[{"taxonomy":"product_brand","embeddable":true,"href":"https:\/\/monannuaire-conciergerie.fr\/en\/wp-json\/wp\/v2\/product_brand?post=6158"},{"taxonomy":"product_cat","embeddable":true,"href":"https:\/\/monannuaire-conciergerie.fr\/en\/wp-json\/wp\/v2\/product_cat?post=6158"},{"taxonomy":"product_tag","embeddable":true,"href":"https:\/\/monannuaire-conciergerie.fr\/en\/wp-json\/wp\/v2\/product_tag?post=6158"}],"curies":[{"name":"wp","href":"https:\/\/api.w.org\/{rel}","templated":true}]}}