{"id":6336,"date":"2025-12-07T15:29:46","date_gmt":"2025-12-07T14:29:46","guid":{"rendered":"https:\/\/monannuaire-conciergerie.fr\/product\/nojara-conciergerie\/"},"modified":"2026-01-20T15:45:07","modified_gmt":"2026-01-20T14:45:07","slug":"nojara-conciergerie","status":"publish","type":"product","link":"https:\/\/monannuaire-conciergerie.fr\/en\/product\/nojara-conciergerie\/","title":{"rendered":"NOJARA CONCIERGE"},"content":{"rendered":"<p>Free yourself from the hassles and welcome your guests with complete peace of mind. Owning a property in or around Toulouse? We manage your short and medium-term rentals. Personalized welcome, professional cleaning, and thoughtful touches for a memorable experience. Our team ensures smooth and welcoming stays, while you enjoy your time. Entrust us with welcoming guests to your property; we&#039;ll take care of the rest.<\/p>","protected":false},"excerpt":{"rendered":"<p>Free yourself from the hassles and welcome your guests with complete peace of mind. Owning a property in or around Toulouse? We manage your short and medium-term rentals. Personalized welcome, professional cleaning, and thoughtful touches for a memorable experience. Our team ensures smooth and welcoming stays, while you enjoy your time. Entrust us with welcoming guests to your property; we&#039;ll take care of the rest.<\/p>","protected":false},"featured_media":0,"comment_status":"open","ping_status":"closed","template":"","meta":{"inline_featured_image":false,"slim_seo":{"title":"NOJARA CONCIERGERIE - Mon annuaire conciergerie","description":"Lib\u00e9rez-vous des contraintes et accueillez vos voyageurs en toute s\u00e9r\u00e9nit\u00e9. Propri\u00e9taire \u00e0 Toulouse ou alentours ? Nous g\u00e9rons vos locations courte et moyenne d"}},"product_brand":[],"product_cat":[372],"product_tag":[],"class_list":{"0":"post-6336","1":"product","2":"type-product","3":"status-publish","5":"product_cat-listeo-booking-2","7":"first","8":"instock","9":"downloadable","10":"virtual","11":"sold-individually","12":"purchasable","13":"product-type-listing_booking"},"jetpack_sharing_enabled":true,"_links":{"self":[{"href":"https:\/\/monannuaire-conciergerie.fr\/en\/wp-json\/wp\/v2\/product\/6336","targetHints":{"allow":["GET"]}}],"collection":[{"href":"https:\/\/monannuaire-conciergerie.fr\/en\/wp-json\/wp\/v2\/product"}],"about":[{"href":"https:\/\/monannuaire-conciergerie.fr\/en\/wp-json\/wp\/v2\/types\/product"}],"replies":[{"embeddable":true,"href":"https:\/\/monannuaire-conciergerie.fr\/en\/wp-json\/wp\/v2\/comments?post=6336"}],"version-history":[{"count":1,"href":"https:\/\/monannuaire-conciergerie.fr\/en\/wp-json\/wp\/v2\/product\/6336\/revisions"}],"predecessor-version":[{"id":6668,"href":"https:\/\/monannuaire-conciergerie.fr\/en\/wp-json\/wp\/v2\/product\/6336\/revisions\/6668"}],"wp:attachment":[{"href":"https:\/\/monannuaire-conciergerie.fr\/en\/wp-json\/wp\/v2\/media?parent=6336"}],"wp:term":[{"taxonomy":"product_brand","embeddable":true,"href":"https:\/\/monannuaire-conciergerie.fr\/en\/wp-json\/wp\/v2\/product_brand?post=6336"},{"taxonomy":"product_cat","embeddable":true,"href":"https:\/\/monannuaire-conciergerie.fr\/en\/wp-json\/wp\/v2\/product_cat?post=6336"},{"taxonomy":"product_tag","embeddable":true,"href":"https:\/\/monannuaire-conciergerie.fr\/en\/wp-json\/wp\/v2\/product_tag?post=6336"}],"curies":[{"name":"wp","href":"https:\/\/api.w.org\/{rel}","templated":true}]}}