{"id":6420,"date":"2025-12-21T18:06:47","date_gmt":"2025-12-21T17:06:47","guid":{"rendered":"https:\/\/monannuaire-conciergerie.fr\/product\/bnbhome\/"},"modified":"2025-12-21T18:06:47","modified_gmt":"2025-12-21T17:06:47","slug":"bnbhome","status":"publish","type":"product","link":"https:\/\/monannuaire-conciergerie.fr\/en\/product\/bnbhome\/","title":{"rendered":"Bnbhome"},"content":{"rendered":"<p>Nous vous proposons nos services de gestion conciergerie airbnb. Nous sommes une entreprise familiale avec 20 ans d&#8217;exp\u00e9rience dans le domaine du tourisme. Nos qualit\u00e9s premi\u00e8res : professionnalisme, disponibilit\u00e9. N&#8217;h\u00e9sitez pas \u00e0 nous contacter afin que nous vous pr\u00e9sentions en d\u00e9tail nos services sur mesure.<\/p>","protected":false},"excerpt":{"rendered":"<p>Nous vous proposons nos services de gestion conciergerie airbnb. Nous sommes une entreprise familiale avec 20 ans d&#8217;exp\u00e9rience dans le domaine du tourisme. Nos qualit\u00e9s premi\u00e8res : professionnalisme, disponibilit\u00e9. N&#8217;h\u00e9sitez pas \u00e0 nous contacter afin que nous vous pr\u00e9sentions en d\u00e9tail nos services sur mesure.<\/p>","protected":false},"featured_media":0,"comment_status":"open","ping_status":"closed","template":"","meta":{"inline_featured_image":false,"slim_seo":{"title":"Bnbhome - Mon annuaire conciergerie","description":"Nous vous proposons nos services de gestion conciergerie airbnb. Nous sommes une entreprise familiale avec 20 ans d'exp\u00e9rience dans le domaine du tourisme. Nos"}},"product_brand":[],"product_cat":[372],"product_tag":[],"class_list":{"0":"post-6420","1":"product","2":"type-product","3":"status-publish","5":"product_cat-listeo-booking-2","7":"first","8":"instock","9":"downloadable","10":"virtual","11":"sold-individually","12":"purchasable","13":"product-type-listing_booking"},"jetpack_sharing_enabled":true,"_links":{"self":[{"href":"https:\/\/monannuaire-conciergerie.fr\/en\/wp-json\/wp\/v2\/product\/6420","targetHints":{"allow":["GET"]}}],"collection":[{"href":"https:\/\/monannuaire-conciergerie.fr\/en\/wp-json\/wp\/v2\/product"}],"about":[{"href":"https:\/\/monannuaire-conciergerie.fr\/en\/wp-json\/wp\/v2\/types\/product"}],"replies":[{"embeddable":true,"href":"https:\/\/monannuaire-conciergerie.fr\/en\/wp-json\/wp\/v2\/comments?post=6420"}],"version-history":[{"count":0,"href":"https:\/\/monannuaire-conciergerie.fr\/en\/wp-json\/wp\/v2\/product\/6420\/revisions"}],"wp:attachment":[{"href":"https:\/\/monannuaire-conciergerie.fr\/en\/wp-json\/wp\/v2\/media?parent=6420"}],"wp:term":[{"taxonomy":"product_brand","embeddable":true,"href":"https:\/\/monannuaire-conciergerie.fr\/en\/wp-json\/wp\/v2\/product_brand?post=6420"},{"taxonomy":"product_cat","embeddable":true,"href":"https:\/\/monannuaire-conciergerie.fr\/en\/wp-json\/wp\/v2\/product_cat?post=6420"},{"taxonomy":"product_tag","embeddable":true,"href":"https:\/\/monannuaire-conciergerie.fr\/en\/wp-json\/wp\/v2\/product_tag?post=6420"}],"curies":[{"name":"wp","href":"https:\/\/api.w.org\/{rel}","templated":true}]}}