{"id":6468,"date":"2025-12-29T19:38:59","date_gmt":"2025-12-29T18:38:59","guid":{"rendered":"https:\/\/monannuaire-conciergerie.fr\/product\/lange-immo-conciergerie\/"},"modified":"2026-01-20T15:44:08","modified_gmt":"2026-01-20T14:44:08","slug":"lange-immo-conciergerie","status":"publish","type":"product","link":"https:\/\/monannuaire-conciergerie.fr\/en\/product\/lange-immo-conciergerie\/","title":{"rendered":"Lange Immo Concierge Service"},"content":{"rendered":"<p>We create solutions tailored to your property and your expectations, for a truly personalized concierge service.<\/p>\n<p>Our Service Area: Located between Paris and Disneyland Paris, we serve a large area of eastern Paris: from Vincennes to Serris, including Noisy-le-Grand, Bussy-Saint-Georges, and Lagny-sur-Marne. Our strategic location allows us to offer exceptional responsiveness and in-depth knowledge of the local market.<\/p>\n<p>From Vincennes to Serris, via Noisy-le-Grand, Bussy-Saint-Georges, and Lagny-sur-Marne<\/p>\n<p>Our strategic location allows us to offer exceptional responsiveness and perfect knowledge of the local market.<\/p>","protected":false},"excerpt":{"rendered":"<p>Nous cr\u00e9ons des solutions adapt\u00e9es \u00e0 votre bien et \u00e0 vos attentes, pour une conciergerie vraiment personnalis\u00e9e. Notre Zone d\u2019Intervention Entre Paris et Disneyland Paris, nous desservons une large zone de l\u2019Est parisien : de Vincennes \u00e0 Serris, en passant par Noisy-le-Grand, Bussy-Saint-Georges et Lagny-sur-Marne. Notre implantation strat\u00e9gique nous permet d\u2019offrir une r\u00e9activit\u00e9 exceptionnelle et une connaissance parfaite du march\u00e9 local. De Vincennes \u00e0 Serris, en passant par Noisy-le-Grand, Bussy-Saint-Georges, Lagny-sur-Marne Notre implantation strat\u00e9gique nous permet d\u2019offrir une r\u00e9activit\u00e9 exceptionnelle et une connaissance parfaite du march\u00e9 local.<\/p>","protected":false},"featured_media":0,"comment_status":"open","ping_status":"closed","template":"","meta":{"inline_featured_image":false,"slim_seo":{"title":"Lange Immo Conciergerie - Mon annuaire conciergerie","description":"Nous cr\u00e9ons des solutions adapt\u00e9es \u00e0 votre bien et \u00e0 vos attentes, pour une conciergerie vraiment personnalis\u00e9e. Notre Zone d\u2019Intervention Entre Paris et Disney"}},"product_brand":[],"product_cat":[372],"product_tag":[],"class_list":{"0":"post-6468","1":"product","2":"type-product","3":"status-publish","5":"product_cat-listeo-booking-2","7":"first","8":"instock","9":"downloadable","10":"virtual","11":"sold-individually","12":"purchasable","13":"product-type-listing_booking"},"jetpack_sharing_enabled":true,"_links":{"self":[{"href":"https:\/\/monannuaire-conciergerie.fr\/en\/wp-json\/wp\/v2\/product\/6468","targetHints":{"allow":["GET"]}}],"collection":[{"href":"https:\/\/monannuaire-conciergerie.fr\/en\/wp-json\/wp\/v2\/product"}],"about":[{"href":"https:\/\/monannuaire-conciergerie.fr\/en\/wp-json\/wp\/v2\/types\/product"}],"replies":[{"embeddable":true,"href":"https:\/\/monannuaire-conciergerie.fr\/en\/wp-json\/wp\/v2\/comments?post=6468"}],"version-history":[{"count":1,"href":"https:\/\/monannuaire-conciergerie.fr\/en\/wp-json\/wp\/v2\/product\/6468\/revisions"}],"predecessor-version":[{"id":6471,"href":"https:\/\/monannuaire-conciergerie.fr\/en\/wp-json\/wp\/v2\/product\/6468\/revisions\/6471"}],"wp:attachment":[{"href":"https:\/\/monannuaire-conciergerie.fr\/en\/wp-json\/wp\/v2\/media?parent=6468"}],"wp:term":[{"taxonomy":"product_brand","embeddable":true,"href":"https:\/\/monannuaire-conciergerie.fr\/en\/wp-json\/wp\/v2\/product_brand?post=6468"},{"taxonomy":"product_cat","embeddable":true,"href":"https:\/\/monannuaire-conciergerie.fr\/en\/wp-json\/wp\/v2\/product_cat?post=6468"},{"taxonomy":"product_tag","embeddable":true,"href":"https:\/\/monannuaire-conciergerie.fr\/en\/wp-json\/wp\/v2\/product_tag?post=6468"}],"curies":[{"name":"wp","href":"https:\/\/api.w.org\/{rel}","templated":true}]}}