{"id":6557,"date":"2026-01-08T02:15:39","date_gmt":"2026-01-08T01:15:39","guid":{"rendered":"https:\/\/monannuaire-conciergerie.fr\/product\/la-route-des-cles-3\/"},"modified":"2026-01-20T15:44:58","modified_gmt":"2026-01-20T14:44:58","slug":"la-route-des-cles-3","status":"publish","type":"product","link":"https:\/\/monannuaire-conciergerie.fr\/en\/product\/la-route-des-cles-3\/","title":{"rendered":"The Key Route"},"content":{"rendered":"<p><span style=\"color: #353535; font-family: 'Open Sans';\">La Route des Cl\u00e9s offers support designed for owners wishing to entrust their property with complete peace of mind.<\/span><br style=\"padding: 0px; margin: 0px; color: #353535; font-family: 'Open Sans';\" data-end=\"422\" data-start=\"419\" \/><span style=\"color: #353535; font-family: 'Open Sans';\">From preparing the property to welcoming travelers, each service is designed to enhance your accommodation, simplify your daily life and ensure a smooth experience for both you and your travelers, in Colmar and the Vosges.<\/span><\/p>","protected":false},"excerpt":{"rendered":"<p>La Route des Cl\u00e9s propose un accompagnement pens\u00e9 pour les propri\u00e9taires souhaitant confier leur logement en toute s\u00e9r\u00e9nit\u00e9.De la pr\u00e9paration du bien \u00e0 l\u2019accueil des voyageurs, chaque service est con\u00e7u pour valoriser votre logement, simplifier votre quotidien et assurer une exp\u00e9rience fluide, aussi bien pour vous que pour vos voyageurs, \u00e0 Colmar et dans les Vosges.<\/p>","protected":false},"featured_media":0,"comment_status":"open","ping_status":"closed","template":"","meta":{"inline_featured_image":false,"slim_seo":{"title":"La Route des Cl\u00e9s - Mon annuaire conciergerie","description":"La Route des Cl\u00e9s propose un accompagnement pens\u00e9 pour les propri\u00e9taires souhaitant confier leur logement en toute s\u00e9r\u00e9nit\u00e9. De la pr\u00e9paration du bien \u00e0 l\u2019accue"}},"product_brand":[],"product_cat":[372],"product_tag":[],"class_list":{"0":"post-6557","1":"product","2":"type-product","3":"status-publish","5":"product_cat-listeo-booking-2","7":"first","8":"instock","9":"downloadable","10":"virtual","11":"sold-individually","12":"purchasable","13":"product-type-listing_booking"},"jetpack_sharing_enabled":true,"_links":{"self":[{"href":"https:\/\/monannuaire-conciergerie.fr\/en\/wp-json\/wp\/v2\/product\/6557","targetHints":{"allow":["GET"]}}],"collection":[{"href":"https:\/\/monannuaire-conciergerie.fr\/en\/wp-json\/wp\/v2\/product"}],"about":[{"href":"https:\/\/monannuaire-conciergerie.fr\/en\/wp-json\/wp\/v2\/types\/product"}],"replies":[{"embeddable":true,"href":"https:\/\/monannuaire-conciergerie.fr\/en\/wp-json\/wp\/v2\/comments?post=6557"}],"version-history":[{"count":1,"href":"https:\/\/monannuaire-conciergerie.fr\/en\/wp-json\/wp\/v2\/product\/6557\/revisions"}],"predecessor-version":[{"id":6666,"href":"https:\/\/monannuaire-conciergerie.fr\/en\/wp-json\/wp\/v2\/product\/6557\/revisions\/6666"}],"wp:attachment":[{"href":"https:\/\/monannuaire-conciergerie.fr\/en\/wp-json\/wp\/v2\/media?parent=6557"}],"wp:term":[{"taxonomy":"product_brand","embeddable":true,"href":"https:\/\/monannuaire-conciergerie.fr\/en\/wp-json\/wp\/v2\/product_brand?post=6557"},{"taxonomy":"product_cat","embeddable":true,"href":"https:\/\/monannuaire-conciergerie.fr\/en\/wp-json\/wp\/v2\/product_cat?post=6557"},{"taxonomy":"product_tag","embeddable":true,"href":"https:\/\/monannuaire-conciergerie.fr\/en\/wp-json\/wp\/v2\/product_tag?post=6557"}],"curies":[{"name":"wp","href":"https:\/\/api.w.org\/{rel}","templated":true}]}}