{"id":6614,"date":"2026-01-16T19:47:25","date_gmt":"2026-01-16T18:47:25","guid":{"rendered":"https:\/\/monannuaire-conciergerie.fr\/product\/madame-hote-conciergerie\/"},"modified":"2026-01-20T15:39:26","modified_gmt":"2026-01-20T14:39:26","slug":"madame-hote-conciergerie","status":"publish","type":"product","link":"https:\/\/monannuaire-conciergerie.fr\/en\/product\/madame-hote-conciergerie\/","title":{"rendered":"Madame H\u00f4te Conciergerie"},"content":{"rendered":"<p>Welcome to the world of Madame H\u00f4te<br \/>\nMadame H\u00f4te Conciergerie was born from a passion for hospitality and attention to detail.<br \/>\nWe support travellers, residents and professionals with tailor-made solutions, designed to simplify every moment with elegance and efficiency.<\/p>","protected":false},"excerpt":{"rendered":"<p>Bienvenue dans l\u2019univers Madame H\u00f4te Madame H\u00f4te Conciergerie est n\u00e9e d\u2019une passion pour l\u2019hospitalit\u00e9 et le sens du d\u00e9tail. Nous accompagnons voyageurs, r\u00e9sidents et professionnels avec des solutions sur mesure, pens\u00e9es pour simplifier chaque instant avec \u00e9l\u00e9gance et efficacit\u00e9.<\/p>","protected":false},"featured_media":0,"comment_status":"open","ping_status":"closed","template":"","meta":{"inline_featured_image":false,"slim_seo":{"title":"Madame H\u00f4te Conciergerie - Mon annuaire conciergerie","description":"Bienvenue dans l\u2019univers Madame H\u00f4te Madame H\u00f4te Conciergerie est n\u00e9e d\u2019une passion pour l\u2019hospitalit\u00e9 et le sens du d\u00e9tail. Nous accompagnons voyageurs, r\u00e9side"}},"product_brand":[],"product_cat":[372],"product_tag":[],"class_list":{"0":"post-6614","1":"product","2":"type-product","3":"status-publish","5":"product_cat-listeo-booking-2","7":"first","8":"instock","9":"downloadable","10":"virtual","11":"sold-individually","12":"purchasable","13":"product-type-listing_booking"},"jetpack_sharing_enabled":true,"_links":{"self":[{"href":"https:\/\/monannuaire-conciergerie.fr\/en\/wp-json\/wp\/v2\/product\/6614","targetHints":{"allow":["GET"]}}],"collection":[{"href":"https:\/\/monannuaire-conciergerie.fr\/en\/wp-json\/wp\/v2\/product"}],"about":[{"href":"https:\/\/monannuaire-conciergerie.fr\/en\/wp-json\/wp\/v2\/types\/product"}],"replies":[{"embeddable":true,"href":"https:\/\/monannuaire-conciergerie.fr\/en\/wp-json\/wp\/v2\/comments?post=6614"}],"version-history":[{"count":1,"href":"https:\/\/monannuaire-conciergerie.fr\/en\/wp-json\/wp\/v2\/product\/6614\/revisions"}],"predecessor-version":[{"id":6656,"href":"https:\/\/monannuaire-conciergerie.fr\/en\/wp-json\/wp\/v2\/product\/6614\/revisions\/6656"}],"wp:attachment":[{"href":"https:\/\/monannuaire-conciergerie.fr\/en\/wp-json\/wp\/v2\/media?parent=6614"}],"wp:term":[{"taxonomy":"product_brand","embeddable":true,"href":"https:\/\/monannuaire-conciergerie.fr\/en\/wp-json\/wp\/v2\/product_brand?post=6614"},{"taxonomy":"product_cat","embeddable":true,"href":"https:\/\/monannuaire-conciergerie.fr\/en\/wp-json\/wp\/v2\/product_cat?post=6614"},{"taxonomy":"product_tag","embeddable":true,"href":"https:\/\/monannuaire-conciergerie.fr\/en\/wp-json\/wp\/v2\/product_tag?post=6614"}],"curies":[{"name":"wp","href":"https:\/\/api.w.org\/{rel}","templated":true}]}}